{"id":103390,"date":"2025-06-06T13:17:40","date_gmt":"2025-06-06T12:17:40","guid":{"rendered":"https:\/\/laughing-shamir.217-160-227-21.plesk.page\/producto\/envase-pp-termo-160x160x50-750cc-transparente\/"},"modified":"2025-06-06T17:02:52","modified_gmt":"2025-06-06T16:02:52","slug":"envase-pp-termo-160x160x50-750cc-transparente","status":"publish","type":"product","link":"https:\/\/www.massegur.com\/ca\/producto\/envase-pp-termo-160x160x50-750cc-transparente\/","title":{"rendered":"Env\u00e0s PP Termo 160x160x50 750cc Transparent"},"content":{"rendered":"","protected":false},"excerpt":{"rendered":"<p>Mida 160x160x50mm &#8211; 750cc. Fabricats de PP. Transl\u00facids i flexibles. Combinables amb la m\u00e0quina i el rotllo de termosellar per a una millor presentaci\u00f3 i conservaci\u00f3. Apte per microones i congelador. Temperatura suportada -18\u00baC i 100\u00baC.<\/p>\n","protected":false},"featured_media":101096,"comment_status":"open","ping_status":"closed","template":"","meta":[],"product_brand":[],"product_cat":[8284,8373],"product_tag":[],"class_list":{"0":"post-103390","1":"product","2":"type-product","3":"status-publish","4":"has-post-thumbnail","6":"product_cat-packaging-alimentari-i-delivery","7":"product_cat-safates-termosellables-pp-eat-in-it","8":"pa_uds-caja-360-ca","10":"first","11":"instock","12":"taxable","13":"shipping-taxable","14":"purchasable","15":"product-type-simple"},"yoast_head":"<!-- This site is optimized with the Yoast SEO plugin v27.4 - https:\/\/yoast.com\/product\/yoast-seo-wordpress\/ -->\n<title>Env\u00e0s PP Termo 160x160x50 750cc Transparent - Massegur<\/title>\n<meta name=\"robots\" content=\"index, follow, max-snippet:-1, max-image-preview:large, max-video-preview:-1\" \/>\n<link rel=\"canonical\" href=\"https:\/\/www.massegur.com\/ca\/producto\/envase-pp-termo-160x160x50-750cc-transparente\/\" \/>\n<meta property=\"og:locale\" content=\"ca_ES\" \/>\n<meta property=\"og:type\" content=\"article\" \/>\n<meta property=\"og:title\" content=\"Env\u00e0s PP Termo 160x160x50 750cc Transparent - Massegur\" \/>\n<meta property=\"og:description\" content=\"Mida 160x160x50mm - 750cc. Fabricats de PP. Transl\u00facids i flexibles. Combinables amb la m\u00e0quina i el rotllo de termosellar per a una millor presentaci\u00f3 i conservaci\u00f3. Apte per microones i congelador. Temperatura suportada -18\u00baC i 100\u00baC.\" \/>\n<meta property=\"og:url\" content=\"https:\/\/www.massegur.com\/ca\/producto\/envase-pp-termo-160x160x50-750cc-transparente\/\" \/>\n<meta property=\"og:site_name\" content=\"Massegur\" \/>\n<meta property=\"article:modified_time\" content=\"2025-06-06T16:02:52+00:00\" \/>\n<meta property=\"og:image\" content=\"https:\/\/www.massegur.com\/wp-content\/uploads\/0300353-1.jpg\" \/>\n\t<meta property=\"og:image:width\" content=\"450\" \/>\n\t<meta property=\"og:image:height\" content=\"450\" \/>\n\t<meta property=\"og:image:type\" content=\"image\/jpeg\" \/>\n<meta name=\"twitter:card\" content=\"summary_large_image\" \/>\n<script type=\"application\/ld+json\" class=\"yoast-schema-graph\">{\"@context\":\"https:\\\/\\\/schema.org\",\"@graph\":[{\"@type\":\"WebPage\",\"@id\":\"https:\\\/\\\/www.massegur.com\\\/ca\\\/producto\\\/envase-pp-termo-160x160x50-750cc-transparente\\\/\",\"url\":\"https:\\\/\\\/www.massegur.com\\\/ca\\\/producto\\\/envase-pp-termo-160x160x50-750cc-transparente\\\/\",\"name\":\"Env\u00e0s PP Termo 160x160x50 750cc Transparent - Massegur\",\"isPartOf\":{\"@id\":\"https:\\\/\\\/www.massegur.com\\\/#website\"},\"primaryImageOfPage\":{\"@id\":\"https:\\\/\\\/www.massegur.com\\\/ca\\\/producto\\\/envase-pp-termo-160x160x50-750cc-transparente\\\/#primaryimage\"},\"image\":{\"@id\":\"https:\\\/\\\/www.massegur.com\\\/ca\\\/producto\\\/envase-pp-termo-160x160x50-750cc-transparente\\\/#primaryimage\"},\"thumbnailUrl\":\"https:\\\/\\\/www.massegur.com\\\/wp-content\\\/uploads\\\/0300353-1.jpg\",\"datePublished\":\"2025-06-06T12:17:40+00:00\",\"dateModified\":\"2025-06-06T16:02:52+00:00\",\"breadcrumb\":{\"@id\":\"https:\\\/\\\/www.massegur.com\\\/ca\\\/producto\\\/envase-pp-termo-160x160x50-750cc-transparente\\\/#breadcrumb\"},\"inLanguage\":\"ca\",\"potentialAction\":[{\"@type\":\"ReadAction\",\"target\":[\"https:\\\/\\\/www.massegur.com\\\/ca\\\/producto\\\/envase-pp-termo-160x160x50-750cc-transparente\\\/\"]}]},{\"@type\":\"ImageObject\",\"inLanguage\":\"ca\",\"@id\":\"https:\\\/\\\/www.massegur.com\\\/ca\\\/producto\\\/envase-pp-termo-160x160x50-750cc-transparente\\\/#primaryimage\",\"url\":\"https:\\\/\\\/www.massegur.com\\\/wp-content\\\/uploads\\\/0300353-1.jpg\",\"contentUrl\":\"https:\\\/\\\/www.massegur.com\\\/wp-content\\\/uploads\\\/0300353-1.jpg\",\"width\":450,\"height\":450},{\"@type\":\"BreadcrumbList\",\"@id\":\"https:\\\/\\\/www.massegur.com\\\/ca\\\/producto\\\/envase-pp-termo-160x160x50-750cc-transparente\\\/#breadcrumb\",\"itemListElement\":[{\"@type\":\"ListItem\",\"position\":1,\"name\":\"Portada\",\"item\":\"https:\\\/\\\/www.massegur.com\\\/ca\\\/\"},{\"@type\":\"ListItem\",\"position\":2,\"name\":\"Shop\",\"item\":\"https:\\\/\\\/www.massegur.com\\\/tienda\\\/\"},{\"@type\":\"ListItem\",\"position\":3,\"name\":\"Env\u00e0s PP Termo 160x160x50 750cc Transparent\"}]},{\"@type\":\"WebSite\",\"@id\":\"https:\\\/\\\/www.massegur.com\\\/#website\",\"url\":\"https:\\\/\\\/www.massegur.com\\\/\",\"name\":\"Massegur\",\"description\":\"Tu proveedor de referencia\",\"potentialAction\":[{\"@type\":\"SearchAction\",\"target\":{\"@type\":\"EntryPoint\",\"urlTemplate\":\"https:\\\/\\\/www.massegur.com\\\/?s={search_term_string}\"},\"query-input\":{\"@type\":\"PropertyValueSpecification\",\"valueRequired\":true,\"valueName\":\"search_term_string\"}}],\"inLanguage\":\"ca\"}]}<\/script>\n<!-- \/ Yoast SEO plugin. -->","yoast_head_json":{"title":"Env\u00e0s PP Termo 160x160x50 750cc Transparent - Massegur","robots":{"index":"index","follow":"follow","max-snippet":"max-snippet:-1","max-image-preview":"max-image-preview:large","max-video-preview":"max-video-preview:-1"},"canonical":"https:\/\/www.massegur.com\/ca\/producto\/envase-pp-termo-160x160x50-750cc-transparente\/","og_locale":"ca_ES","og_type":"article","og_title":"Env\u00e0s PP Termo 160x160x50 750cc Transparent - Massegur","og_description":"Mida 160x160x50mm - 750cc. Fabricats de PP. Transl\u00facids i flexibles. Combinables amb la m\u00e0quina i el rotllo de termosellar per a una millor presentaci\u00f3 i conservaci\u00f3. Apte per microones i congelador. Temperatura suportada -18\u00baC i 100\u00baC.","og_url":"https:\/\/www.massegur.com\/ca\/producto\/envase-pp-termo-160x160x50-750cc-transparente\/","og_site_name":"Massegur","article_modified_time":"2025-06-06T16:02:52+00:00","og_image":[{"width":450,"height":450,"url":"https:\/\/www.massegur.com\/wp-content\/uploads\/0300353-1.jpg","type":"image\/jpeg"}],"twitter_card":"summary_large_image","schema":{"@context":"https:\/\/schema.org","@graph":[{"@type":"WebPage","@id":"https:\/\/www.massegur.com\/ca\/producto\/envase-pp-termo-160x160x50-750cc-transparente\/","url":"https:\/\/www.massegur.com\/ca\/producto\/envase-pp-termo-160x160x50-750cc-transparente\/","name":"Env\u00e0s PP Termo 160x160x50 750cc Transparent - Massegur","isPartOf":{"@id":"https:\/\/www.massegur.com\/#website"},"primaryImageOfPage":{"@id":"https:\/\/www.massegur.com\/ca\/producto\/envase-pp-termo-160x160x50-750cc-transparente\/#primaryimage"},"image":{"@id":"https:\/\/www.massegur.com\/ca\/producto\/envase-pp-termo-160x160x50-750cc-transparente\/#primaryimage"},"thumbnailUrl":"https:\/\/www.massegur.com\/wp-content\/uploads\/0300353-1.jpg","datePublished":"2025-06-06T12:17:40+00:00","dateModified":"2025-06-06T16:02:52+00:00","breadcrumb":{"@id":"https:\/\/www.massegur.com\/ca\/producto\/envase-pp-termo-160x160x50-750cc-transparente\/#breadcrumb"},"inLanguage":"ca","potentialAction":[{"@type":"ReadAction","target":["https:\/\/www.massegur.com\/ca\/producto\/envase-pp-termo-160x160x50-750cc-transparente\/"]}]},{"@type":"ImageObject","inLanguage":"ca","@id":"https:\/\/www.massegur.com\/ca\/producto\/envase-pp-termo-160x160x50-750cc-transparente\/#primaryimage","url":"https:\/\/www.massegur.com\/wp-content\/uploads\/0300353-1.jpg","contentUrl":"https:\/\/www.massegur.com\/wp-content\/uploads\/0300353-1.jpg","width":450,"height":450},{"@type":"BreadcrumbList","@id":"https:\/\/www.massegur.com\/ca\/producto\/envase-pp-termo-160x160x50-750cc-transparente\/#breadcrumb","itemListElement":[{"@type":"ListItem","position":1,"name":"Portada","item":"https:\/\/www.massegur.com\/ca\/"},{"@type":"ListItem","position":2,"name":"Shop","item":"https:\/\/www.massegur.com\/tienda\/"},{"@type":"ListItem","position":3,"name":"Env\u00e0s PP Termo 160x160x50 750cc Transparent"}]},{"@type":"WebSite","@id":"https:\/\/www.massegur.com\/#website","url":"https:\/\/www.massegur.com\/","name":"Massegur","description":"Tu proveedor de referencia","potentialAction":[{"@type":"SearchAction","target":{"@type":"EntryPoint","urlTemplate":"https:\/\/www.massegur.com\/?s={search_term_string}"},"query-input":{"@type":"PropertyValueSpecification","valueRequired":true,"valueName":"search_term_string"}}],"inLanguage":"ca"}]}},"_links":{"self":[{"href":"https:\/\/www.massegur.com\/ca\/wp-json\/wp\/v2\/product\/103390","targetHints":{"allow":["GET"]}}],"collection":[{"href":"https:\/\/www.massegur.com\/ca\/wp-json\/wp\/v2\/product"}],"about":[{"href":"https:\/\/www.massegur.com\/ca\/wp-json\/wp\/v2\/types\/product"}],"replies":[{"embeddable":true,"href":"https:\/\/www.massegur.com\/ca\/wp-json\/wp\/v2\/comments?post=103390"}],"wp:featuredmedia":[{"embeddable":true,"href":"https:\/\/www.massegur.com\/ca\/wp-json\/wp\/v2\/media\/101096"}],"wp:attachment":[{"href":"https:\/\/www.massegur.com\/ca\/wp-json\/wp\/v2\/media?parent=103390"}],"wp:term":[{"taxonomy":"product_brand","embeddable":true,"href":"https:\/\/www.massegur.com\/ca\/wp-json\/wp\/v2\/product_brand?post=103390"},{"taxonomy":"product_cat","embeddable":true,"href":"https:\/\/www.massegur.com\/ca\/wp-json\/wp\/v2\/product_cat?post=103390"},{"taxonomy":"product_tag","embeddable":true,"href":"https:\/\/www.massegur.com\/ca\/wp-json\/wp\/v2\/product_tag?post=103390"}],"curies":[{"name":"wp","href":"https:\/\/api.w.org\/{rel}","templated":true}]}}