{"id":103779,"date":"2025-06-06T13:18:45","date_gmt":"2025-06-06T12:18:45","guid":{"rendered":"https:\/\/laughing-shamir.217-160-227-21.plesk.page\/producto\/molde-horno-panetone-o155x55mm-m155\/"},"modified":"2025-06-06T17:03:40","modified_gmt":"2025-06-06T16:03:40","slug":"molde-horno-panetone-o155x55mm-m155","status":"publish","type":"product","link":"https:\/\/www.massegur.com\/ca\/producto\/molde-horno-panetone-o155x55mm-m155\/","title":{"rendered":"Motlle Forn Panetone Baix \u00d8155x55mm M155"},"content":{"rendered":"","protected":false},"excerpt":{"rendered":"<p>Mida \u00d8155x55mm. Motlle fabricat amb  base de paper corrugat. El fons est\u00e0 perforat per a potenciar la respiraci\u00f3 del producte. Apte per a congelaci\u00f3 i i forn fins a 390\u00baC. Resistent al greix.<\/p>\n","protected":false},"featured_media":101333,"comment_status":"open","ping_status":"closed","template":"","meta":[],"product_brand":[],"product_cat":[8393,8284],"product_tag":[],"class_list":{"0":"post-103779","1":"product","2":"type-product","3":"status-publish","4":"has-post-thumbnail","6":"product_cat-motlles-panetone-baix","7":"product_cat-packaging-alimentari-i-delivery","8":"pa_uds-caja-540-ca","9":"pa_uds-paq-54-ca","11":"first","12":"instock","13":"taxable","14":"shipping-taxable","15":"purchasable","16":"product-type-simple"},"yoast_head":"<!-- This site is optimized with the Yoast SEO plugin v27.4 - https:\/\/yoast.com\/product\/yoast-seo-wordpress\/ -->\n<title>Motlle Forn Panetone Baix \u00d8155x55mm M155 - Massegur<\/title>\n<meta name=\"robots\" content=\"index, follow, max-snippet:-1, max-image-preview:large, max-video-preview:-1\" \/>\n<link rel=\"canonical\" href=\"https:\/\/www.massegur.com\/ca\/producto\/molde-horno-panetone-o155x55mm-m155\/\" \/>\n<meta property=\"og:locale\" content=\"ca_ES\" \/>\n<meta property=\"og:type\" content=\"article\" \/>\n<meta property=\"og:title\" content=\"Motlle Forn Panetone Baix \u00d8155x55mm M155 - Massegur\" \/>\n<meta property=\"og:description\" content=\"Mida \u00d8155x55mm. Motlle fabricat amb base de paper corrugat. El fons est\u00e0 perforat per a potenciar la respiraci\u00f3 del producte. Apte per a congelaci\u00f3 i i forn fins a 390\u00baC. Resistent al greix.\" \/>\n<meta property=\"og:url\" content=\"https:\/\/www.massegur.com\/ca\/producto\/molde-horno-panetone-o155x55mm-m155\/\" \/>\n<meta property=\"og:site_name\" content=\"Massegur\" \/>\n<meta property=\"article:modified_time\" content=\"2025-06-06T16:03:40+00:00\" \/>\n<meta property=\"og:image\" content=\"https:\/\/www.massegur.com\/wp-content\/uploads\/0346142-1.jpg\" \/>\n\t<meta property=\"og:image:width\" content=\"448\" \/>\n\t<meta property=\"og:image:height\" content=\"336\" \/>\n\t<meta property=\"og:image:type\" content=\"image\/jpeg\" \/>\n<meta name=\"twitter:card\" content=\"summary_large_image\" \/>\n<script type=\"application\/ld+json\" class=\"yoast-schema-graph\">{\"@context\":\"https:\\\/\\\/schema.org\",\"@graph\":[{\"@type\":\"WebPage\",\"@id\":\"https:\\\/\\\/www.massegur.com\\\/ca\\\/producto\\\/molde-horno-panetone-o155x55mm-m155\\\/\",\"url\":\"https:\\\/\\\/www.massegur.com\\\/ca\\\/producto\\\/molde-horno-panetone-o155x55mm-m155\\\/\",\"name\":\"Motlle Forn Panetone Baix \u00d8155x55mm M155 - Massegur\",\"isPartOf\":{\"@id\":\"https:\\\/\\\/www.massegur.com\\\/#website\"},\"primaryImageOfPage\":{\"@id\":\"https:\\\/\\\/www.massegur.com\\\/ca\\\/producto\\\/molde-horno-panetone-o155x55mm-m155\\\/#primaryimage\"},\"image\":{\"@id\":\"https:\\\/\\\/www.massegur.com\\\/ca\\\/producto\\\/molde-horno-panetone-o155x55mm-m155\\\/#primaryimage\"},\"thumbnailUrl\":\"https:\\\/\\\/www.massegur.com\\\/wp-content\\\/uploads\\\/0346142-1.jpg\",\"datePublished\":\"2025-06-06T12:18:45+00:00\",\"dateModified\":\"2025-06-06T16:03:40+00:00\",\"breadcrumb\":{\"@id\":\"https:\\\/\\\/www.massegur.com\\\/ca\\\/producto\\\/molde-horno-panetone-o155x55mm-m155\\\/#breadcrumb\"},\"inLanguage\":\"ca\",\"potentialAction\":[{\"@type\":\"ReadAction\",\"target\":[\"https:\\\/\\\/www.massegur.com\\\/ca\\\/producto\\\/molde-horno-panetone-o155x55mm-m155\\\/\"]}]},{\"@type\":\"ImageObject\",\"inLanguage\":\"ca\",\"@id\":\"https:\\\/\\\/www.massegur.com\\\/ca\\\/producto\\\/molde-horno-panetone-o155x55mm-m155\\\/#primaryimage\",\"url\":\"https:\\\/\\\/www.massegur.com\\\/wp-content\\\/uploads\\\/0346142-1.jpg\",\"contentUrl\":\"https:\\\/\\\/www.massegur.com\\\/wp-content\\\/uploads\\\/0346142-1.jpg\",\"width\":448,\"height\":336},{\"@type\":\"BreadcrumbList\",\"@id\":\"https:\\\/\\\/www.massegur.com\\\/ca\\\/producto\\\/molde-horno-panetone-o155x55mm-m155\\\/#breadcrumb\",\"itemListElement\":[{\"@type\":\"ListItem\",\"position\":1,\"name\":\"Portada\",\"item\":\"https:\\\/\\\/www.massegur.com\\\/ca\\\/\"},{\"@type\":\"ListItem\",\"position\":2,\"name\":\"Shop\",\"item\":\"https:\\\/\\\/www.massegur.com\\\/tienda\\\/\"},{\"@type\":\"ListItem\",\"position\":3,\"name\":\"Motlle Forn Panetone Baix \u00d8155x55mm M155\"}]},{\"@type\":\"WebSite\",\"@id\":\"https:\\\/\\\/www.massegur.com\\\/#website\",\"url\":\"https:\\\/\\\/www.massegur.com\\\/\",\"name\":\"Massegur\",\"description\":\"Tu proveedor de referencia\",\"potentialAction\":[{\"@type\":\"SearchAction\",\"target\":{\"@type\":\"EntryPoint\",\"urlTemplate\":\"https:\\\/\\\/www.massegur.com\\\/?s={search_term_string}\"},\"query-input\":{\"@type\":\"PropertyValueSpecification\",\"valueRequired\":true,\"valueName\":\"search_term_string\"}}],\"inLanguage\":\"ca\"}]}<\/script>\n<!-- \/ Yoast SEO plugin. -->","yoast_head_json":{"title":"Motlle Forn Panetone Baix \u00d8155x55mm M155 - Massegur","robots":{"index":"index","follow":"follow","max-snippet":"max-snippet:-1","max-image-preview":"max-image-preview:large","max-video-preview":"max-video-preview:-1"},"canonical":"https:\/\/www.massegur.com\/ca\/producto\/molde-horno-panetone-o155x55mm-m155\/","og_locale":"ca_ES","og_type":"article","og_title":"Motlle Forn Panetone Baix \u00d8155x55mm M155 - Massegur","og_description":"Mida \u00d8155x55mm. Motlle fabricat amb base de paper corrugat. El fons est\u00e0 perforat per a potenciar la respiraci\u00f3 del producte. Apte per a congelaci\u00f3 i i forn fins a 390\u00baC. Resistent al greix.","og_url":"https:\/\/www.massegur.com\/ca\/producto\/molde-horno-panetone-o155x55mm-m155\/","og_site_name":"Massegur","article_modified_time":"2025-06-06T16:03:40+00:00","og_image":[{"width":448,"height":336,"url":"https:\/\/www.massegur.com\/wp-content\/uploads\/0346142-1.jpg","type":"image\/jpeg"}],"twitter_card":"summary_large_image","schema":{"@context":"https:\/\/schema.org","@graph":[{"@type":"WebPage","@id":"https:\/\/www.massegur.com\/ca\/producto\/molde-horno-panetone-o155x55mm-m155\/","url":"https:\/\/www.massegur.com\/ca\/producto\/molde-horno-panetone-o155x55mm-m155\/","name":"Motlle Forn Panetone Baix \u00d8155x55mm M155 - Massegur","isPartOf":{"@id":"https:\/\/www.massegur.com\/#website"},"primaryImageOfPage":{"@id":"https:\/\/www.massegur.com\/ca\/producto\/molde-horno-panetone-o155x55mm-m155\/#primaryimage"},"image":{"@id":"https:\/\/www.massegur.com\/ca\/producto\/molde-horno-panetone-o155x55mm-m155\/#primaryimage"},"thumbnailUrl":"https:\/\/www.massegur.com\/wp-content\/uploads\/0346142-1.jpg","datePublished":"2025-06-06T12:18:45+00:00","dateModified":"2025-06-06T16:03:40+00:00","breadcrumb":{"@id":"https:\/\/www.massegur.com\/ca\/producto\/molde-horno-panetone-o155x55mm-m155\/#breadcrumb"},"inLanguage":"ca","potentialAction":[{"@type":"ReadAction","target":["https:\/\/www.massegur.com\/ca\/producto\/molde-horno-panetone-o155x55mm-m155\/"]}]},{"@type":"ImageObject","inLanguage":"ca","@id":"https:\/\/www.massegur.com\/ca\/producto\/molde-horno-panetone-o155x55mm-m155\/#primaryimage","url":"https:\/\/www.massegur.com\/wp-content\/uploads\/0346142-1.jpg","contentUrl":"https:\/\/www.massegur.com\/wp-content\/uploads\/0346142-1.jpg","width":448,"height":336},{"@type":"BreadcrumbList","@id":"https:\/\/www.massegur.com\/ca\/producto\/molde-horno-panetone-o155x55mm-m155\/#breadcrumb","itemListElement":[{"@type":"ListItem","position":1,"name":"Portada","item":"https:\/\/www.massegur.com\/ca\/"},{"@type":"ListItem","position":2,"name":"Shop","item":"https:\/\/www.massegur.com\/tienda\/"},{"@type":"ListItem","position":3,"name":"Motlle Forn Panetone Baix \u00d8155x55mm M155"}]},{"@type":"WebSite","@id":"https:\/\/www.massegur.com\/#website","url":"https:\/\/www.massegur.com\/","name":"Massegur","description":"Tu proveedor de referencia","potentialAction":[{"@type":"SearchAction","target":{"@type":"EntryPoint","urlTemplate":"https:\/\/www.massegur.com\/?s={search_term_string}"},"query-input":{"@type":"PropertyValueSpecification","valueRequired":true,"valueName":"search_term_string"}}],"inLanguage":"ca"}]}},"_links":{"self":[{"href":"https:\/\/www.massegur.com\/ca\/wp-json\/wp\/v2\/product\/103779","targetHints":{"allow":["GET"]}}],"collection":[{"href":"https:\/\/www.massegur.com\/ca\/wp-json\/wp\/v2\/product"}],"about":[{"href":"https:\/\/www.massegur.com\/ca\/wp-json\/wp\/v2\/types\/product"}],"replies":[{"embeddable":true,"href":"https:\/\/www.massegur.com\/ca\/wp-json\/wp\/v2\/comments?post=103779"}],"wp:featuredmedia":[{"embeddable":true,"href":"https:\/\/www.massegur.com\/ca\/wp-json\/wp\/v2\/media\/101333"}],"wp:attachment":[{"href":"https:\/\/www.massegur.com\/ca\/wp-json\/wp\/v2\/media?parent=103779"}],"wp:term":[{"taxonomy":"product_brand","embeddable":true,"href":"https:\/\/www.massegur.com\/ca\/wp-json\/wp\/v2\/product_brand?post=103779"},{"taxonomy":"product_cat","embeddable":true,"href":"https:\/\/www.massegur.com\/ca\/wp-json\/wp\/v2\/product_cat?post=103779"},{"taxonomy":"product_tag","embeddable":true,"href":"https:\/\/www.massegur.com\/ca\/wp-json\/wp\/v2\/product_tag?post=103779"}],"curies":[{"name":"wp","href":"https:\/\/api.w.org\/{rel}","templated":true}]}}