{"id":103827,"date":"2025-06-06T13:18:07","date_gmt":"2025-06-06T12:18:07","guid":{"rendered":"https:\/\/laughing-shamir.217-160-227-21.plesk.page\/producto\/perfocut-rollo-pvc-30x300m\/"},"modified":"2025-06-06T17:03:11","modified_gmt":"2025-06-06T16:03:11","slug":"perfocut-rollo-pvc-30x300m","status":"publish","type":"product","link":"https:\/\/www.massegur.com\/ca\/producto\/perfocut-rollo-pvc-30x300m\/","title":{"rendered":"Perfocut Rotlle PVC 30x300m"},"content":{"rendered":"","protected":false},"excerpt":{"rendered":"<p>Mida 30Cmx300m. Qualitat professional. Apte per a diferents usos com cuinar, congelar o \u00fas en fred. Les propietats del film PVC violeta permet alllargar la vida \u00faltil de l&#8217;aliment. V\u00e0lid per a \u00fas professional i dom\u00e8stic.<\/p>\n","protected":false},"featured_media":101192,"comment_status":"open","ping_status":"closed","template":"","meta":[],"product_brand":[],"product_cat":[8284,8380],"product_tag":[],"class_list":{"0":"post-103827","1":"product","2":"type-product","3":"status-publish","4":"has-post-thumbnail","6":"product_cat-packaging-alimentari-i-delivery","7":"product_cat-rotlles-film-pvc-alimentari","8":"pa_uds-caja-3-ca","9":"pa_uds-paq-1-ca","11":"first","12":"instock","13":"taxable","14":"shipping-taxable","15":"purchasable","16":"product-type-simple"},"yoast_head":"<!-- This site is optimized with the Yoast SEO plugin v27.4 - https:\/\/yoast.com\/product\/yoast-seo-wordpress\/ -->\n<title>Perfocut Rotlle PVC 30x300m - Massegur<\/title>\n<meta name=\"robots\" content=\"index, follow, max-snippet:-1, max-image-preview:large, max-video-preview:-1\" \/>\n<link rel=\"canonical\" href=\"https:\/\/www.massegur.com\/ca\/producto\/perfocut-rollo-pvc-30x300m\/\" \/>\n<meta property=\"og:locale\" content=\"ca_ES\" \/>\n<meta property=\"og:type\" content=\"article\" \/>\n<meta property=\"og:title\" content=\"Perfocut Rotlle PVC 30x300m - Massegur\" \/>\n<meta property=\"og:description\" content=\"Mida 30Cmx300m. Qualitat professional. Apte per a diferents usos com cuinar, congelar o \u00fas en fred. Les propietats del film PVC violeta permet alllargar la vida \u00faltil de l&#039;aliment. V\u00e0lid per a \u00fas professional i dom\u00e8stic.\" \/>\n<meta property=\"og:url\" content=\"https:\/\/www.massegur.com\/ca\/producto\/perfocut-rollo-pvc-30x300m\/\" \/>\n<meta property=\"og:site_name\" content=\"Massegur\" \/>\n<meta property=\"article:modified_time\" content=\"2025-06-06T16:03:11+00:00\" \/>\n<meta property=\"og:image\" content=\"https:\/\/www.massegur.com\/wp-content\/uploads\/0304601-1.jpg\" \/>\n\t<meta property=\"og:image:width\" content=\"450\" \/>\n\t<meta property=\"og:image:height\" content=\"450\" \/>\n\t<meta property=\"og:image:type\" content=\"image\/jpeg\" \/>\n<meta name=\"twitter:card\" content=\"summary_large_image\" \/>\n<script type=\"application\/ld+json\" class=\"yoast-schema-graph\">{\"@context\":\"https:\\\/\\\/schema.org\",\"@graph\":[{\"@type\":\"WebPage\",\"@id\":\"https:\\\/\\\/www.massegur.com\\\/ca\\\/producto\\\/perfocut-rollo-pvc-30x300m\\\/\",\"url\":\"https:\\\/\\\/www.massegur.com\\\/ca\\\/producto\\\/perfocut-rollo-pvc-30x300m\\\/\",\"name\":\"Perfocut Rotlle PVC 30x300m - Massegur\",\"isPartOf\":{\"@id\":\"https:\\\/\\\/www.massegur.com\\\/#website\"},\"primaryImageOfPage\":{\"@id\":\"https:\\\/\\\/www.massegur.com\\\/ca\\\/producto\\\/perfocut-rollo-pvc-30x300m\\\/#primaryimage\"},\"image\":{\"@id\":\"https:\\\/\\\/www.massegur.com\\\/ca\\\/producto\\\/perfocut-rollo-pvc-30x300m\\\/#primaryimage\"},\"thumbnailUrl\":\"https:\\\/\\\/www.massegur.com\\\/wp-content\\\/uploads\\\/0304601-1.jpg\",\"datePublished\":\"2025-06-06T12:18:07+00:00\",\"dateModified\":\"2025-06-06T16:03:11+00:00\",\"breadcrumb\":{\"@id\":\"https:\\\/\\\/www.massegur.com\\\/ca\\\/producto\\\/perfocut-rollo-pvc-30x300m\\\/#breadcrumb\"},\"inLanguage\":\"ca\",\"potentialAction\":[{\"@type\":\"ReadAction\",\"target\":[\"https:\\\/\\\/www.massegur.com\\\/ca\\\/producto\\\/perfocut-rollo-pvc-30x300m\\\/\"]}]},{\"@type\":\"ImageObject\",\"inLanguage\":\"ca\",\"@id\":\"https:\\\/\\\/www.massegur.com\\\/ca\\\/producto\\\/perfocut-rollo-pvc-30x300m\\\/#primaryimage\",\"url\":\"https:\\\/\\\/www.massegur.com\\\/wp-content\\\/uploads\\\/0304601-1.jpg\",\"contentUrl\":\"https:\\\/\\\/www.massegur.com\\\/wp-content\\\/uploads\\\/0304601-1.jpg\",\"width\":450,\"height\":450},{\"@type\":\"BreadcrumbList\",\"@id\":\"https:\\\/\\\/www.massegur.com\\\/ca\\\/producto\\\/perfocut-rollo-pvc-30x300m\\\/#breadcrumb\",\"itemListElement\":[{\"@type\":\"ListItem\",\"position\":1,\"name\":\"Portada\",\"item\":\"https:\\\/\\\/www.massegur.com\\\/ca\\\/\"},{\"@type\":\"ListItem\",\"position\":2,\"name\":\"Shop\",\"item\":\"https:\\\/\\\/www.massegur.com\\\/tienda\\\/\"},{\"@type\":\"ListItem\",\"position\":3,\"name\":\"Perfocut Rotlle PVC 30x300m\"}]},{\"@type\":\"WebSite\",\"@id\":\"https:\\\/\\\/www.massegur.com\\\/#website\",\"url\":\"https:\\\/\\\/www.massegur.com\\\/\",\"name\":\"Massegur\",\"description\":\"Tu proveedor de referencia\",\"potentialAction\":[{\"@type\":\"SearchAction\",\"target\":{\"@type\":\"EntryPoint\",\"urlTemplate\":\"https:\\\/\\\/www.massegur.com\\\/?s={search_term_string}\"},\"query-input\":{\"@type\":\"PropertyValueSpecification\",\"valueRequired\":true,\"valueName\":\"search_term_string\"}}],\"inLanguage\":\"ca\"}]}<\/script>\n<!-- \/ Yoast SEO plugin. -->","yoast_head_json":{"title":"Perfocut Rotlle PVC 30x300m - Massegur","robots":{"index":"index","follow":"follow","max-snippet":"max-snippet:-1","max-image-preview":"max-image-preview:large","max-video-preview":"max-video-preview:-1"},"canonical":"https:\/\/www.massegur.com\/ca\/producto\/perfocut-rollo-pvc-30x300m\/","og_locale":"ca_ES","og_type":"article","og_title":"Perfocut Rotlle PVC 30x300m - Massegur","og_description":"Mida 30Cmx300m. Qualitat professional. Apte per a diferents usos com cuinar, congelar o \u00fas en fred. Les propietats del film PVC violeta permet alllargar la vida \u00faltil de l'aliment. V\u00e0lid per a \u00fas professional i dom\u00e8stic.","og_url":"https:\/\/www.massegur.com\/ca\/producto\/perfocut-rollo-pvc-30x300m\/","og_site_name":"Massegur","article_modified_time":"2025-06-06T16:03:11+00:00","og_image":[{"width":450,"height":450,"url":"https:\/\/www.massegur.com\/wp-content\/uploads\/0304601-1.jpg","type":"image\/jpeg"}],"twitter_card":"summary_large_image","schema":{"@context":"https:\/\/schema.org","@graph":[{"@type":"WebPage","@id":"https:\/\/www.massegur.com\/ca\/producto\/perfocut-rollo-pvc-30x300m\/","url":"https:\/\/www.massegur.com\/ca\/producto\/perfocut-rollo-pvc-30x300m\/","name":"Perfocut Rotlle PVC 30x300m - Massegur","isPartOf":{"@id":"https:\/\/www.massegur.com\/#website"},"primaryImageOfPage":{"@id":"https:\/\/www.massegur.com\/ca\/producto\/perfocut-rollo-pvc-30x300m\/#primaryimage"},"image":{"@id":"https:\/\/www.massegur.com\/ca\/producto\/perfocut-rollo-pvc-30x300m\/#primaryimage"},"thumbnailUrl":"https:\/\/www.massegur.com\/wp-content\/uploads\/0304601-1.jpg","datePublished":"2025-06-06T12:18:07+00:00","dateModified":"2025-06-06T16:03:11+00:00","breadcrumb":{"@id":"https:\/\/www.massegur.com\/ca\/producto\/perfocut-rollo-pvc-30x300m\/#breadcrumb"},"inLanguage":"ca","potentialAction":[{"@type":"ReadAction","target":["https:\/\/www.massegur.com\/ca\/producto\/perfocut-rollo-pvc-30x300m\/"]}]},{"@type":"ImageObject","inLanguage":"ca","@id":"https:\/\/www.massegur.com\/ca\/producto\/perfocut-rollo-pvc-30x300m\/#primaryimage","url":"https:\/\/www.massegur.com\/wp-content\/uploads\/0304601-1.jpg","contentUrl":"https:\/\/www.massegur.com\/wp-content\/uploads\/0304601-1.jpg","width":450,"height":450},{"@type":"BreadcrumbList","@id":"https:\/\/www.massegur.com\/ca\/producto\/perfocut-rollo-pvc-30x300m\/#breadcrumb","itemListElement":[{"@type":"ListItem","position":1,"name":"Portada","item":"https:\/\/www.massegur.com\/ca\/"},{"@type":"ListItem","position":2,"name":"Shop","item":"https:\/\/www.massegur.com\/tienda\/"},{"@type":"ListItem","position":3,"name":"Perfocut Rotlle PVC 30x300m"}]},{"@type":"WebSite","@id":"https:\/\/www.massegur.com\/#website","url":"https:\/\/www.massegur.com\/","name":"Massegur","description":"Tu proveedor de referencia","potentialAction":[{"@type":"SearchAction","target":{"@type":"EntryPoint","urlTemplate":"https:\/\/www.massegur.com\/?s={search_term_string}"},"query-input":{"@type":"PropertyValueSpecification","valueRequired":true,"valueName":"search_term_string"}}],"inLanguage":"ca"}]}},"_links":{"self":[{"href":"https:\/\/www.massegur.com\/ca\/wp-json\/wp\/v2\/product\/103827","targetHints":{"allow":["GET"]}}],"collection":[{"href":"https:\/\/www.massegur.com\/ca\/wp-json\/wp\/v2\/product"}],"about":[{"href":"https:\/\/www.massegur.com\/ca\/wp-json\/wp\/v2\/types\/product"}],"replies":[{"embeddable":true,"href":"https:\/\/www.massegur.com\/ca\/wp-json\/wp\/v2\/comments?post=103827"}],"wp:featuredmedia":[{"embeddable":true,"href":"https:\/\/www.massegur.com\/ca\/wp-json\/wp\/v2\/media\/101192"}],"wp:attachment":[{"href":"https:\/\/www.massegur.com\/ca\/wp-json\/wp\/v2\/media?parent=103827"}],"wp:term":[{"taxonomy":"product_brand","embeddable":true,"href":"https:\/\/www.massegur.com\/ca\/wp-json\/wp\/v2\/product_brand?post=103827"},{"taxonomy":"product_cat","embeddable":true,"href":"https:\/\/www.massegur.com\/ca\/wp-json\/wp\/v2\/product_cat?post=103827"},{"taxonomy":"product_tag","embeddable":true,"href":"https:\/\/www.massegur.com\/ca\/wp-json\/wp\/v2\/product_tag?post=103827"}],"curies":[{"name":"wp","href":"https:\/\/api.w.org\/{rel}","templated":true}]}}