{"id":93110,"date":"2025-06-05T10:29:38","date_gmt":"2025-06-05T09:29:38","guid":{"rendered":"https:\/\/laughing-shamir.217-160-227-21.plesk.page\/producto\/pegamento-contacto-supergen-incolor-40g\/"},"modified":"2025-06-05T14:36:33","modified_gmt":"2025-06-05T13:36:33","slug":"pegamento-contacto-supergen-incolor-40g","status":"publish","type":"product","link":"https:\/\/www.massegur.com\/ca\/producto\/pegamento-contacto-supergen-incolor-40g\/","title":{"rendered":"Cola Contacte Supergen Incolora 40g"},"content":{"rendered":"","protected":false},"excerpt":{"rendered":"<p>Pes 40gr. Per acabats nets. Transparent, f\u00e0cil aplicaci\u00f3 i garantia de resultats professionals. Adhesiu incolor i assecat r\u00e0pid. Resist\u00e8ncia a l&#8217;envelliment i radiaci\u00f3 UV. Resisteix a temperatures des de -10\u00baC fins a 60\u00baC.<\/p>\n","protected":false},"featured_media":92681,"comment_status":"open","ping_status":"closed","template":"","meta":[],"product_brand":[],"product_cat":[6627,6592],"product_tag":[],"class_list":{"0":"post-93110","1":"product","2":"type-product","3":"status-publish","4":"has-post-thumbnail","6":"product_cat-coles-adhesives-contacte-extra","7":"product_cat-oficina-i-festes","8":"pa_uds-caja-12-ca","9":"pa_uds-paq-12-ca","11":"first","12":"instock","13":"taxable","14":"shipping-taxable","15":"purchasable","16":"product-type-simple"},"yoast_head":"<!-- This site is optimized with the Yoast SEO plugin v27.4 - https:\/\/yoast.com\/product\/yoast-seo-wordpress\/ -->\n<title>Cola Contacte Supergen Incolora 40g - Massegur<\/title>\n<meta name=\"robots\" content=\"index, follow, max-snippet:-1, max-image-preview:large, max-video-preview:-1\" \/>\n<link rel=\"canonical\" href=\"https:\/\/www.massegur.com\/producto\/pegamento-contacto-supergen-incolor-40g\/\" \/>\n<meta property=\"og:locale\" content=\"ca_ES\" \/>\n<meta property=\"og:type\" content=\"article\" \/>\n<meta property=\"og:title\" content=\"Cola Contacte Supergen Incolora 40g - Massegur\" \/>\n<meta property=\"og:description\" content=\"Pes 40gr. Per acabats nets. Transparent, f\u00e0cil aplicaci\u00f3 i garantia de resultats professionals. Adhesiu incolor i assecat r\u00e0pid. Resist\u00e8ncia a l&#039;envelliment i radiaci\u00f3 UV. Resisteix a temperatures des de -10\u00baC fins a 60\u00baC.\" \/>\n<meta property=\"og:url\" content=\"https:\/\/www.massegur.com\/producto\/pegamento-contacto-supergen-incolor-40g\/\" \/>\n<meta property=\"og:site_name\" content=\"Massegur\" \/>\n<meta property=\"article:modified_time\" content=\"2025-06-05T13:36:33+00:00\" \/>\n<meta property=\"og:image\" content=\"https:\/\/www.massegur.com\/wp-content\/uploads\/0442194-1.jpg\" \/>\n\t<meta property=\"og:image:width\" content=\"450\" \/>\n\t<meta property=\"og:image:height\" content=\"450\" \/>\n\t<meta property=\"og:image:type\" content=\"image\/jpeg\" \/>\n<meta name=\"twitter:card\" content=\"summary_large_image\" \/>\n<script type=\"application\/ld+json\" class=\"yoast-schema-graph\">{\"@context\":\"https:\\\/\\\/schema.org\",\"@graph\":[{\"@type\":\"WebPage\",\"@id\":\"https:\\\/\\\/www.massegur.com\\\/producto\\\/pegamento-contacto-supergen-incolor-40g\\\/\",\"url\":\"https:\\\/\\\/www.massegur.com\\\/producto\\\/pegamento-contacto-supergen-incolor-40g\\\/\",\"name\":\"Cola Contacte Supergen Incolora 40g - Massegur\",\"isPartOf\":{\"@id\":\"https:\\\/\\\/www.massegur.com\\\/#website\"},\"primaryImageOfPage\":{\"@id\":\"https:\\\/\\\/www.massegur.com\\\/producto\\\/pegamento-contacto-supergen-incolor-40g\\\/#primaryimage\"},\"image\":{\"@id\":\"https:\\\/\\\/www.massegur.com\\\/producto\\\/pegamento-contacto-supergen-incolor-40g\\\/#primaryimage\"},\"thumbnailUrl\":\"https:\\\/\\\/www.massegur.com\\\/wp-content\\\/uploads\\\/0442194-1.jpg\",\"datePublished\":\"2025-06-05T09:29:38+00:00\",\"dateModified\":\"2025-06-05T13:36:33+00:00\",\"breadcrumb\":{\"@id\":\"https:\\\/\\\/www.massegur.com\\\/producto\\\/pegamento-contacto-supergen-incolor-40g\\\/#breadcrumb\"},\"inLanguage\":\"ca\",\"potentialAction\":[{\"@type\":\"ReadAction\",\"target\":[\"https:\\\/\\\/www.massegur.com\\\/producto\\\/pegamento-contacto-supergen-incolor-40g\\\/\"]}]},{\"@type\":\"ImageObject\",\"inLanguage\":\"ca\",\"@id\":\"https:\\\/\\\/www.massegur.com\\\/producto\\\/pegamento-contacto-supergen-incolor-40g\\\/#primaryimage\",\"url\":\"https:\\\/\\\/www.massegur.com\\\/wp-content\\\/uploads\\\/0442194-1.jpg\",\"contentUrl\":\"https:\\\/\\\/www.massegur.com\\\/wp-content\\\/uploads\\\/0442194-1.jpg\",\"width\":450,\"height\":450},{\"@type\":\"BreadcrumbList\",\"@id\":\"https:\\\/\\\/www.massegur.com\\\/producto\\\/pegamento-contacto-supergen-incolor-40g\\\/#breadcrumb\",\"itemListElement\":[{\"@type\":\"ListItem\",\"position\":1,\"name\":\"Portada\",\"item\":\"https:\\\/\\\/www.massegur.com\\\/ca\\\/\"},{\"@type\":\"ListItem\",\"position\":2,\"name\":\"Shop\",\"item\":\"https:\\\/\\\/www.massegur.com\\\/tienda\\\/\"},{\"@type\":\"ListItem\",\"position\":3,\"name\":\"Cola Contacte Supergen Incolora 40g\"}]},{\"@type\":\"WebSite\",\"@id\":\"https:\\\/\\\/www.massegur.com\\\/#website\",\"url\":\"https:\\\/\\\/www.massegur.com\\\/\",\"name\":\"Massegur\",\"description\":\"Tu proveedor de referencia\",\"potentialAction\":[{\"@type\":\"SearchAction\",\"target\":{\"@type\":\"EntryPoint\",\"urlTemplate\":\"https:\\\/\\\/www.massegur.com\\\/?s={search_term_string}\"},\"query-input\":{\"@type\":\"PropertyValueSpecification\",\"valueRequired\":true,\"valueName\":\"search_term_string\"}}],\"inLanguage\":\"ca\"}]}<\/script>\n<!-- \/ Yoast SEO plugin. -->","yoast_head_json":{"title":"Cola Contacte Supergen Incolora 40g - Massegur","robots":{"index":"index","follow":"follow","max-snippet":"max-snippet:-1","max-image-preview":"max-image-preview:large","max-video-preview":"max-video-preview:-1"},"canonical":"https:\/\/www.massegur.com\/producto\/pegamento-contacto-supergen-incolor-40g\/","og_locale":"ca_ES","og_type":"article","og_title":"Cola Contacte Supergen Incolora 40g - Massegur","og_description":"Pes 40gr. Per acabats nets. Transparent, f\u00e0cil aplicaci\u00f3 i garantia de resultats professionals. Adhesiu incolor i assecat r\u00e0pid. Resist\u00e8ncia a l'envelliment i radiaci\u00f3 UV. Resisteix a temperatures des de -10\u00baC fins a 60\u00baC.","og_url":"https:\/\/www.massegur.com\/producto\/pegamento-contacto-supergen-incolor-40g\/","og_site_name":"Massegur","article_modified_time":"2025-06-05T13:36:33+00:00","og_image":[{"width":450,"height":450,"url":"https:\/\/www.massegur.com\/wp-content\/uploads\/0442194-1.jpg","type":"image\/jpeg"}],"twitter_card":"summary_large_image","schema":{"@context":"https:\/\/schema.org","@graph":[{"@type":"WebPage","@id":"https:\/\/www.massegur.com\/producto\/pegamento-contacto-supergen-incolor-40g\/","url":"https:\/\/www.massegur.com\/producto\/pegamento-contacto-supergen-incolor-40g\/","name":"Cola Contacte Supergen Incolora 40g - Massegur","isPartOf":{"@id":"https:\/\/www.massegur.com\/#website"},"primaryImageOfPage":{"@id":"https:\/\/www.massegur.com\/producto\/pegamento-contacto-supergen-incolor-40g\/#primaryimage"},"image":{"@id":"https:\/\/www.massegur.com\/producto\/pegamento-contacto-supergen-incolor-40g\/#primaryimage"},"thumbnailUrl":"https:\/\/www.massegur.com\/wp-content\/uploads\/0442194-1.jpg","datePublished":"2025-06-05T09:29:38+00:00","dateModified":"2025-06-05T13:36:33+00:00","breadcrumb":{"@id":"https:\/\/www.massegur.com\/producto\/pegamento-contacto-supergen-incolor-40g\/#breadcrumb"},"inLanguage":"ca","potentialAction":[{"@type":"ReadAction","target":["https:\/\/www.massegur.com\/producto\/pegamento-contacto-supergen-incolor-40g\/"]}]},{"@type":"ImageObject","inLanguage":"ca","@id":"https:\/\/www.massegur.com\/producto\/pegamento-contacto-supergen-incolor-40g\/#primaryimage","url":"https:\/\/www.massegur.com\/wp-content\/uploads\/0442194-1.jpg","contentUrl":"https:\/\/www.massegur.com\/wp-content\/uploads\/0442194-1.jpg","width":450,"height":450},{"@type":"BreadcrumbList","@id":"https:\/\/www.massegur.com\/producto\/pegamento-contacto-supergen-incolor-40g\/#breadcrumb","itemListElement":[{"@type":"ListItem","position":1,"name":"Portada","item":"https:\/\/www.massegur.com\/ca\/"},{"@type":"ListItem","position":2,"name":"Shop","item":"https:\/\/www.massegur.com\/tienda\/"},{"@type":"ListItem","position":3,"name":"Cola Contacte Supergen Incolora 40g"}]},{"@type":"WebSite","@id":"https:\/\/www.massegur.com\/#website","url":"https:\/\/www.massegur.com\/","name":"Massegur","description":"Tu proveedor de referencia","potentialAction":[{"@type":"SearchAction","target":{"@type":"EntryPoint","urlTemplate":"https:\/\/www.massegur.com\/?s={search_term_string}"},"query-input":{"@type":"PropertyValueSpecification","valueRequired":true,"valueName":"search_term_string"}}],"inLanguage":"ca"}]}},"_links":{"self":[{"href":"https:\/\/www.massegur.com\/ca\/wp-json\/wp\/v2\/product\/93110","targetHints":{"allow":["GET"]}}],"collection":[{"href":"https:\/\/www.massegur.com\/ca\/wp-json\/wp\/v2\/product"}],"about":[{"href":"https:\/\/www.massegur.com\/ca\/wp-json\/wp\/v2\/types\/product"}],"replies":[{"embeddable":true,"href":"https:\/\/www.massegur.com\/ca\/wp-json\/wp\/v2\/comments?post=93110"}],"wp:featuredmedia":[{"embeddable":true,"href":"https:\/\/www.massegur.com\/ca\/wp-json\/wp\/v2\/media\/92681"}],"wp:attachment":[{"href":"https:\/\/www.massegur.com\/ca\/wp-json\/wp\/v2\/media?parent=93110"}],"wp:term":[{"taxonomy":"product_brand","embeddable":true,"href":"https:\/\/www.massegur.com\/ca\/wp-json\/wp\/v2\/product_brand?post=93110"},{"taxonomy":"product_cat","embeddable":true,"href":"https:\/\/www.massegur.com\/ca\/wp-json\/wp\/v2\/product_cat?post=93110"},{"taxonomy":"product_tag","embeddable":true,"href":"https:\/\/www.massegur.com\/ca\/wp-json\/wp\/v2\/product_tag?post=93110"}],"curies":[{"name":"wp","href":"https:\/\/api.w.org\/{rel}","templated":true}]}}