{"id":93214,"date":"2025-06-05T10:28:23","date_gmt":"2025-06-05T09:28:23","guid":{"rendered":"https:\/\/laughing-shamir.217-160-227-21.plesk.page\/producto\/cartas-espanolas-no5-50-cartas\/"},"modified":"2025-06-05T14:36:02","modified_gmt":"2025-06-05T13:36:02","slug":"cartas-espanolas-no5-50-cartas","status":"publish","type":"product","link":"https:\/\/www.massegur.com\/ca\/producto\/cartas-espanolas-no5-50-cartas\/","title":{"rendered":"Cartes Espanyoles N\u00ba5 Cartes"},"content":{"rendered":"","protected":false},"excerpt":{"rendered":"<p>Mida 61,5x95mm. N\u00fam 5 &#8211; 50 cartes impreses amb paper laminat estucat de 310 grams i banyat en vern\u00eds aqu\u00f3s d&#8217;alta durabilitat. Ajustat al requisit m\u00e9s exigents d&#8217;opacitat, duresa i flexibilitat. Recobertes amb celof\u00e0n exterior antihumitat.<\/p>\n","protected":false},"featured_media":92375,"comment_status":"open","ping_status":"closed","template":"","meta":[],"product_brand":[],"product_cat":[6613,6592],"product_tag":[],"class_list":{"0":"post-93214","1":"product","2":"type-product","3":"status-publish","4":"has-post-thumbnail","6":"product_cat-baralles-cartes","7":"product_cat-oficina-i-festes","8":"pa_uds-caja-12-ca","9":"pa_uds-paq-12-ca","11":"first","12":"instock","13":"taxable","14":"shipping-taxable","15":"purchasable","16":"product-type-simple"},"yoast_head":"<!-- This site is optimized with the Yoast SEO plugin v27.4 - https:\/\/yoast.com\/product\/yoast-seo-wordpress\/ -->\n<title>Cartes Espanyoles N\u00ba5 Cartes - Massegur<\/title>\n<meta name=\"robots\" content=\"index, follow, max-snippet:-1, max-image-preview:large, max-video-preview:-1\" \/>\n<link rel=\"canonical\" href=\"https:\/\/www.massegur.com\/producto\/cartas-espanolas-no5-50-cartas\/\" \/>\n<meta property=\"og:locale\" content=\"ca_ES\" \/>\n<meta property=\"og:type\" content=\"article\" \/>\n<meta property=\"og:title\" content=\"Cartes Espanyoles N\u00ba5 Cartes - Massegur\" \/>\n<meta property=\"og:description\" content=\"Mida 61,5x95mm. N\u00fam 5 - 50 cartes impreses amb paper laminat estucat de 310 grams i banyat en vern\u00eds aqu\u00f3s d&#039;alta durabilitat. Ajustat al requisit m\u00e9s exigents d&#039;opacitat, duresa i flexibilitat. Recobertes amb celof\u00e0n exterior antihumitat.\" \/>\n<meta property=\"og:url\" content=\"https:\/\/www.massegur.com\/producto\/cartas-espanolas-no5-50-cartas\/\" \/>\n<meta property=\"og:site_name\" content=\"Massegur\" \/>\n<meta property=\"article:modified_time\" content=\"2025-06-05T13:36:02+00:00\" \/>\n<meta property=\"og:image\" content=\"https:\/\/www.massegur.com\/wp-content\/uploads\/0205102-1.jpg\" \/>\n\t<meta property=\"og:image:width\" content=\"450\" \/>\n\t<meta property=\"og:image:height\" content=\"450\" \/>\n\t<meta property=\"og:image:type\" content=\"image\/jpeg\" \/>\n<meta name=\"twitter:card\" content=\"summary_large_image\" \/>\n<script type=\"application\/ld+json\" class=\"yoast-schema-graph\">{\"@context\":\"https:\\\/\\\/schema.org\",\"@graph\":[{\"@type\":\"WebPage\",\"@id\":\"https:\\\/\\\/www.massegur.com\\\/producto\\\/cartas-espanolas-no5-50-cartas\\\/\",\"url\":\"https:\\\/\\\/www.massegur.com\\\/producto\\\/cartas-espanolas-no5-50-cartas\\\/\",\"name\":\"Cartes Espanyoles N\u00ba5 Cartes - Massegur\",\"isPartOf\":{\"@id\":\"https:\\\/\\\/www.massegur.com\\\/#website\"},\"primaryImageOfPage\":{\"@id\":\"https:\\\/\\\/www.massegur.com\\\/producto\\\/cartas-espanolas-no5-50-cartas\\\/#primaryimage\"},\"image\":{\"@id\":\"https:\\\/\\\/www.massegur.com\\\/producto\\\/cartas-espanolas-no5-50-cartas\\\/#primaryimage\"},\"thumbnailUrl\":\"https:\\\/\\\/www.massegur.com\\\/wp-content\\\/uploads\\\/0205102-1.jpg\",\"datePublished\":\"2025-06-05T09:28:23+00:00\",\"dateModified\":\"2025-06-05T13:36:02+00:00\",\"breadcrumb\":{\"@id\":\"https:\\\/\\\/www.massegur.com\\\/producto\\\/cartas-espanolas-no5-50-cartas\\\/#breadcrumb\"},\"inLanguage\":\"ca\",\"potentialAction\":[{\"@type\":\"ReadAction\",\"target\":[\"https:\\\/\\\/www.massegur.com\\\/producto\\\/cartas-espanolas-no5-50-cartas\\\/\"]}]},{\"@type\":\"ImageObject\",\"inLanguage\":\"ca\",\"@id\":\"https:\\\/\\\/www.massegur.com\\\/producto\\\/cartas-espanolas-no5-50-cartas\\\/#primaryimage\",\"url\":\"https:\\\/\\\/www.massegur.com\\\/wp-content\\\/uploads\\\/0205102-1.jpg\",\"contentUrl\":\"https:\\\/\\\/www.massegur.com\\\/wp-content\\\/uploads\\\/0205102-1.jpg\",\"width\":450,\"height\":450},{\"@type\":\"BreadcrumbList\",\"@id\":\"https:\\\/\\\/www.massegur.com\\\/producto\\\/cartas-espanolas-no5-50-cartas\\\/#breadcrumb\",\"itemListElement\":[{\"@type\":\"ListItem\",\"position\":1,\"name\":\"Portada\",\"item\":\"https:\\\/\\\/www.massegur.com\\\/ca\\\/\"},{\"@type\":\"ListItem\",\"position\":2,\"name\":\"Shop\",\"item\":\"https:\\\/\\\/www.massegur.com\\\/tienda\\\/\"},{\"@type\":\"ListItem\",\"position\":3,\"name\":\"Cartes Espanyoles N\u00ba5 Cartes\"}]},{\"@type\":\"WebSite\",\"@id\":\"https:\\\/\\\/www.massegur.com\\\/#website\",\"url\":\"https:\\\/\\\/www.massegur.com\\\/\",\"name\":\"Massegur\",\"description\":\"Tu proveedor de referencia\",\"potentialAction\":[{\"@type\":\"SearchAction\",\"target\":{\"@type\":\"EntryPoint\",\"urlTemplate\":\"https:\\\/\\\/www.massegur.com\\\/?s={search_term_string}\"},\"query-input\":{\"@type\":\"PropertyValueSpecification\",\"valueRequired\":true,\"valueName\":\"search_term_string\"}}],\"inLanguage\":\"ca\"}]}<\/script>\n<!-- \/ Yoast SEO plugin. -->","yoast_head_json":{"title":"Cartes Espanyoles N\u00ba5 Cartes - Massegur","robots":{"index":"index","follow":"follow","max-snippet":"max-snippet:-1","max-image-preview":"max-image-preview:large","max-video-preview":"max-video-preview:-1"},"canonical":"https:\/\/www.massegur.com\/producto\/cartas-espanolas-no5-50-cartas\/","og_locale":"ca_ES","og_type":"article","og_title":"Cartes Espanyoles N\u00ba5 Cartes - Massegur","og_description":"Mida 61,5x95mm. N\u00fam 5 - 50 cartes impreses amb paper laminat estucat de 310 grams i banyat en vern\u00eds aqu\u00f3s d'alta durabilitat. Ajustat al requisit m\u00e9s exigents d'opacitat, duresa i flexibilitat. Recobertes amb celof\u00e0n exterior antihumitat.","og_url":"https:\/\/www.massegur.com\/producto\/cartas-espanolas-no5-50-cartas\/","og_site_name":"Massegur","article_modified_time":"2025-06-05T13:36:02+00:00","og_image":[{"width":450,"height":450,"url":"https:\/\/www.massegur.com\/wp-content\/uploads\/0205102-1.jpg","type":"image\/jpeg"}],"twitter_card":"summary_large_image","schema":{"@context":"https:\/\/schema.org","@graph":[{"@type":"WebPage","@id":"https:\/\/www.massegur.com\/producto\/cartas-espanolas-no5-50-cartas\/","url":"https:\/\/www.massegur.com\/producto\/cartas-espanolas-no5-50-cartas\/","name":"Cartes Espanyoles N\u00ba5 Cartes - Massegur","isPartOf":{"@id":"https:\/\/www.massegur.com\/#website"},"primaryImageOfPage":{"@id":"https:\/\/www.massegur.com\/producto\/cartas-espanolas-no5-50-cartas\/#primaryimage"},"image":{"@id":"https:\/\/www.massegur.com\/producto\/cartas-espanolas-no5-50-cartas\/#primaryimage"},"thumbnailUrl":"https:\/\/www.massegur.com\/wp-content\/uploads\/0205102-1.jpg","datePublished":"2025-06-05T09:28:23+00:00","dateModified":"2025-06-05T13:36:02+00:00","breadcrumb":{"@id":"https:\/\/www.massegur.com\/producto\/cartas-espanolas-no5-50-cartas\/#breadcrumb"},"inLanguage":"ca","potentialAction":[{"@type":"ReadAction","target":["https:\/\/www.massegur.com\/producto\/cartas-espanolas-no5-50-cartas\/"]}]},{"@type":"ImageObject","inLanguage":"ca","@id":"https:\/\/www.massegur.com\/producto\/cartas-espanolas-no5-50-cartas\/#primaryimage","url":"https:\/\/www.massegur.com\/wp-content\/uploads\/0205102-1.jpg","contentUrl":"https:\/\/www.massegur.com\/wp-content\/uploads\/0205102-1.jpg","width":450,"height":450},{"@type":"BreadcrumbList","@id":"https:\/\/www.massegur.com\/producto\/cartas-espanolas-no5-50-cartas\/#breadcrumb","itemListElement":[{"@type":"ListItem","position":1,"name":"Portada","item":"https:\/\/www.massegur.com\/ca\/"},{"@type":"ListItem","position":2,"name":"Shop","item":"https:\/\/www.massegur.com\/tienda\/"},{"@type":"ListItem","position":3,"name":"Cartes Espanyoles N\u00ba5 Cartes"}]},{"@type":"WebSite","@id":"https:\/\/www.massegur.com\/#website","url":"https:\/\/www.massegur.com\/","name":"Massegur","description":"Tu proveedor de referencia","potentialAction":[{"@type":"SearchAction","target":{"@type":"EntryPoint","urlTemplate":"https:\/\/www.massegur.com\/?s={search_term_string}"},"query-input":{"@type":"PropertyValueSpecification","valueRequired":true,"valueName":"search_term_string"}}],"inLanguage":"ca"}]}},"_links":{"self":[{"href":"https:\/\/www.massegur.com\/ca\/wp-json\/wp\/v2\/product\/93214","targetHints":{"allow":["GET"]}}],"collection":[{"href":"https:\/\/www.massegur.com\/ca\/wp-json\/wp\/v2\/product"}],"about":[{"href":"https:\/\/www.massegur.com\/ca\/wp-json\/wp\/v2\/types\/product"}],"replies":[{"embeddable":true,"href":"https:\/\/www.massegur.com\/ca\/wp-json\/wp\/v2\/comments?post=93214"}],"wp:featuredmedia":[{"embeddable":true,"href":"https:\/\/www.massegur.com\/ca\/wp-json\/wp\/v2\/media\/92375"}],"wp:attachment":[{"href":"https:\/\/www.massegur.com\/ca\/wp-json\/wp\/v2\/media?parent=93214"}],"wp:term":[{"taxonomy":"product_brand","embeddable":true,"href":"https:\/\/www.massegur.com\/ca\/wp-json\/wp\/v2\/product_brand?post=93214"},{"taxonomy":"product_cat","embeddable":true,"href":"https:\/\/www.massegur.com\/ca\/wp-json\/wp\/v2\/product_cat?post=93214"},{"taxonomy":"product_tag","embeddable":true,"href":"https:\/\/www.massegur.com\/ca\/wp-json\/wp\/v2\/product_tag?post=93214"}],"curies":[{"name":"wp","href":"https:\/\/api.w.org\/{rel}","templated":true}]}}