{"id":93238,"date":"2025-06-05T10:28:06","date_gmt":"2025-06-05T09:28:06","guid":{"rendered":"https:\/\/laughing-shamir.217-160-227-21.plesk.page\/producto\/calculadora-12-digit-margen-naranja\/"},"modified":"2025-06-05T14:35:48","modified_gmt":"2025-06-05T13:35:48","slug":"calculadora-12-digit-margen-naranja","status":"publish","type":"product","link":"https:\/\/www.massegur.com\/ca\/producto\/calculadora-12-digit-margen-naranja\/","title":{"rendered":"Calculadora 12 D\u00edgits Marge Taronja"},"content":{"rendered":"","protected":false},"excerpt":{"rendered":"<p>Mida 17,8&#215;12,8x2Cm. Calculadora de 12 d\u00edgits i pantalla 3 l\u00ednies. Mem\u00f2ria acumulativa dels resultats de les operacions i 3 tecles mem\u00f2ria: c\u00e0lcul de marges, funci\u00f3 impostos, funci\u00f3 temps i convertidor de moneda. Alimentaci\u00f3 dual.<\/p>\n","protected":false},"featured_media":92300,"comment_status":"open","ping_status":"closed","template":"","meta":[],"product_brand":[],"product_cat":[6602,6592],"product_tag":[],"class_list":{"0":"post-93238","1":"product","2":"type-product","3":"status-publish","4":"has-post-thumbnail","6":"product_cat-calculadores","7":"product_cat-oficina-i-festes","8":"pa_uds-caja-1-ca","9":"pa_uds-paq-1-ca","11":"first","12":"instock","13":"taxable","14":"shipping-taxable","15":"purchasable","16":"product-type-simple"},"yoast_head":"<!-- This site is optimized with the Yoast SEO plugin v27.4 - https:\/\/yoast.com\/product\/yoast-seo-wordpress\/ -->\n<title>Calculadora 12 D\u00edgits Marge Taronja - Massegur<\/title>\n<meta name=\"robots\" content=\"index, follow, max-snippet:-1, max-image-preview:large, max-video-preview:-1\" \/>\n<link rel=\"canonical\" href=\"https:\/\/www.massegur.com\/producto\/calculadora-12-digit-margen-naranja\/\" \/>\n<meta property=\"og:locale\" content=\"ca_ES\" \/>\n<meta property=\"og:type\" content=\"article\" \/>\n<meta property=\"og:title\" content=\"Calculadora 12 D\u00edgits Marge Taronja - Massegur\" \/>\n<meta property=\"og:description\" content=\"Mida 17,8x12,8x2Cm. Calculadora de 12 d\u00edgits i pantalla 3 l\u00ednies. Mem\u00f2ria acumulativa dels resultats de les operacions i 3 tecles mem\u00f2ria: c\u00e0lcul de marges, funci\u00f3 impostos, funci\u00f3 temps i convertidor de moneda. Alimentaci\u00f3 dual.\" \/>\n<meta property=\"og:url\" content=\"https:\/\/www.massegur.com\/producto\/calculadora-12-digit-margen-naranja\/\" \/>\n<meta property=\"og:site_name\" content=\"Massegur\" \/>\n<meta property=\"article:modified_time\" content=\"2025-06-05T13:35:48+00:00\" \/>\n<meta property=\"og:image\" content=\"https:\/\/www.massegur.com\/wp-content\/uploads\/0138056-1.jpg\" \/>\n\t<meta property=\"og:image:width\" content=\"450\" \/>\n\t<meta property=\"og:image:height\" content=\"450\" \/>\n\t<meta property=\"og:image:type\" content=\"image\/jpeg\" \/>\n<meta name=\"twitter:card\" content=\"summary_large_image\" \/>\n<script type=\"application\/ld+json\" class=\"yoast-schema-graph\">{\"@context\":\"https:\\\/\\\/schema.org\",\"@graph\":[{\"@type\":\"WebPage\",\"@id\":\"https:\\\/\\\/www.massegur.com\\\/producto\\\/calculadora-12-digit-margen-naranja\\\/\",\"url\":\"https:\\\/\\\/www.massegur.com\\\/producto\\\/calculadora-12-digit-margen-naranja\\\/\",\"name\":\"Calculadora 12 D\u00edgits Marge Taronja - Massegur\",\"isPartOf\":{\"@id\":\"https:\\\/\\\/www.massegur.com\\\/#website\"},\"primaryImageOfPage\":{\"@id\":\"https:\\\/\\\/www.massegur.com\\\/producto\\\/calculadora-12-digit-margen-naranja\\\/#primaryimage\"},\"image\":{\"@id\":\"https:\\\/\\\/www.massegur.com\\\/producto\\\/calculadora-12-digit-margen-naranja\\\/#primaryimage\"},\"thumbnailUrl\":\"https:\\\/\\\/www.massegur.com\\\/wp-content\\\/uploads\\\/0138056-1.jpg\",\"datePublished\":\"2025-06-05T09:28:06+00:00\",\"dateModified\":\"2025-06-05T13:35:48+00:00\",\"breadcrumb\":{\"@id\":\"https:\\\/\\\/www.massegur.com\\\/producto\\\/calculadora-12-digit-margen-naranja\\\/#breadcrumb\"},\"inLanguage\":\"ca\",\"potentialAction\":[{\"@type\":\"ReadAction\",\"target\":[\"https:\\\/\\\/www.massegur.com\\\/producto\\\/calculadora-12-digit-margen-naranja\\\/\"]}]},{\"@type\":\"ImageObject\",\"inLanguage\":\"ca\",\"@id\":\"https:\\\/\\\/www.massegur.com\\\/producto\\\/calculadora-12-digit-margen-naranja\\\/#primaryimage\",\"url\":\"https:\\\/\\\/www.massegur.com\\\/wp-content\\\/uploads\\\/0138056-1.jpg\",\"contentUrl\":\"https:\\\/\\\/www.massegur.com\\\/wp-content\\\/uploads\\\/0138056-1.jpg\",\"width\":450,\"height\":450},{\"@type\":\"BreadcrumbList\",\"@id\":\"https:\\\/\\\/www.massegur.com\\\/producto\\\/calculadora-12-digit-margen-naranja\\\/#breadcrumb\",\"itemListElement\":[{\"@type\":\"ListItem\",\"position\":1,\"name\":\"Portada\",\"item\":\"https:\\\/\\\/www.massegur.com\\\/ca\\\/\"},{\"@type\":\"ListItem\",\"position\":2,\"name\":\"Shop\",\"item\":\"https:\\\/\\\/www.massegur.com\\\/tienda\\\/\"},{\"@type\":\"ListItem\",\"position\":3,\"name\":\"Calculadora 12 D\u00edgits Marge Taronja\"}]},{\"@type\":\"WebSite\",\"@id\":\"https:\\\/\\\/www.massegur.com\\\/#website\",\"url\":\"https:\\\/\\\/www.massegur.com\\\/\",\"name\":\"Massegur\",\"description\":\"Tu proveedor de referencia\",\"potentialAction\":[{\"@type\":\"SearchAction\",\"target\":{\"@type\":\"EntryPoint\",\"urlTemplate\":\"https:\\\/\\\/www.massegur.com\\\/?s={search_term_string}\"},\"query-input\":{\"@type\":\"PropertyValueSpecification\",\"valueRequired\":true,\"valueName\":\"search_term_string\"}}],\"inLanguage\":\"ca\"}]}<\/script>\n<!-- \/ Yoast SEO plugin. -->","yoast_head_json":{"title":"Calculadora 12 D\u00edgits Marge Taronja - Massegur","robots":{"index":"index","follow":"follow","max-snippet":"max-snippet:-1","max-image-preview":"max-image-preview:large","max-video-preview":"max-video-preview:-1"},"canonical":"https:\/\/www.massegur.com\/producto\/calculadora-12-digit-margen-naranja\/","og_locale":"ca_ES","og_type":"article","og_title":"Calculadora 12 D\u00edgits Marge Taronja - Massegur","og_description":"Mida 17,8x12,8x2Cm. Calculadora de 12 d\u00edgits i pantalla 3 l\u00ednies. Mem\u00f2ria acumulativa dels resultats de les operacions i 3 tecles mem\u00f2ria: c\u00e0lcul de marges, funci\u00f3 impostos, funci\u00f3 temps i convertidor de moneda. Alimentaci\u00f3 dual.","og_url":"https:\/\/www.massegur.com\/producto\/calculadora-12-digit-margen-naranja\/","og_site_name":"Massegur","article_modified_time":"2025-06-05T13:35:48+00:00","og_image":[{"width":450,"height":450,"url":"https:\/\/www.massegur.com\/wp-content\/uploads\/0138056-1.jpg","type":"image\/jpeg"}],"twitter_card":"summary_large_image","schema":{"@context":"https:\/\/schema.org","@graph":[{"@type":"WebPage","@id":"https:\/\/www.massegur.com\/producto\/calculadora-12-digit-margen-naranja\/","url":"https:\/\/www.massegur.com\/producto\/calculadora-12-digit-margen-naranja\/","name":"Calculadora 12 D\u00edgits Marge Taronja - Massegur","isPartOf":{"@id":"https:\/\/www.massegur.com\/#website"},"primaryImageOfPage":{"@id":"https:\/\/www.massegur.com\/producto\/calculadora-12-digit-margen-naranja\/#primaryimage"},"image":{"@id":"https:\/\/www.massegur.com\/producto\/calculadora-12-digit-margen-naranja\/#primaryimage"},"thumbnailUrl":"https:\/\/www.massegur.com\/wp-content\/uploads\/0138056-1.jpg","datePublished":"2025-06-05T09:28:06+00:00","dateModified":"2025-06-05T13:35:48+00:00","breadcrumb":{"@id":"https:\/\/www.massegur.com\/producto\/calculadora-12-digit-margen-naranja\/#breadcrumb"},"inLanguage":"ca","potentialAction":[{"@type":"ReadAction","target":["https:\/\/www.massegur.com\/producto\/calculadora-12-digit-margen-naranja\/"]}]},{"@type":"ImageObject","inLanguage":"ca","@id":"https:\/\/www.massegur.com\/producto\/calculadora-12-digit-margen-naranja\/#primaryimage","url":"https:\/\/www.massegur.com\/wp-content\/uploads\/0138056-1.jpg","contentUrl":"https:\/\/www.massegur.com\/wp-content\/uploads\/0138056-1.jpg","width":450,"height":450},{"@type":"BreadcrumbList","@id":"https:\/\/www.massegur.com\/producto\/calculadora-12-digit-margen-naranja\/#breadcrumb","itemListElement":[{"@type":"ListItem","position":1,"name":"Portada","item":"https:\/\/www.massegur.com\/ca\/"},{"@type":"ListItem","position":2,"name":"Shop","item":"https:\/\/www.massegur.com\/tienda\/"},{"@type":"ListItem","position":3,"name":"Calculadora 12 D\u00edgits Marge Taronja"}]},{"@type":"WebSite","@id":"https:\/\/www.massegur.com\/#website","url":"https:\/\/www.massegur.com\/","name":"Massegur","description":"Tu proveedor de referencia","potentialAction":[{"@type":"SearchAction","target":{"@type":"EntryPoint","urlTemplate":"https:\/\/www.massegur.com\/?s={search_term_string}"},"query-input":{"@type":"PropertyValueSpecification","valueRequired":true,"valueName":"search_term_string"}}],"inLanguage":"ca"}]}},"_links":{"self":[{"href":"https:\/\/www.massegur.com\/ca\/wp-json\/wp\/v2\/product\/93238","targetHints":{"allow":["GET"]}}],"collection":[{"href":"https:\/\/www.massegur.com\/ca\/wp-json\/wp\/v2\/product"}],"about":[{"href":"https:\/\/www.massegur.com\/ca\/wp-json\/wp\/v2\/types\/product"}],"replies":[{"embeddable":true,"href":"https:\/\/www.massegur.com\/ca\/wp-json\/wp\/v2\/comments?post=93238"}],"wp:featuredmedia":[{"embeddable":true,"href":"https:\/\/www.massegur.com\/ca\/wp-json\/wp\/v2\/media\/92300"}],"wp:attachment":[{"href":"https:\/\/www.massegur.com\/ca\/wp-json\/wp\/v2\/media?parent=93238"}],"wp:term":[{"taxonomy":"product_brand","embeddable":true,"href":"https:\/\/www.massegur.com\/ca\/wp-json\/wp\/v2\/product_brand?post=93238"},{"taxonomy":"product_cat","embeddable":true,"href":"https:\/\/www.massegur.com\/ca\/wp-json\/wp\/v2\/product_cat?post=93238"},{"taxonomy":"product_tag","embeddable":true,"href":"https:\/\/www.massegur.com\/ca\/wp-json\/wp\/v2\/product_tag?post=93238"}],"curies":[{"name":"wp","href":"https:\/\/api.w.org\/{rel}","templated":true}]}}