{"id":93544,"date":"2025-06-06T07:41:46","date_gmt":"2025-06-06T06:41:46","guid":{"rendered":"https:\/\/laughing-shamir.217-160-227-21.plesk.page\/producto\/portamenus-148x21cm-juta-jeans\/"},"modified":"2025-06-06T08:03:16","modified_gmt":"2025-06-06T07:03:16","slug":"portamenus-148x21cm-juta-jeans","status":"publish","type":"product","link":"https:\/\/www.massegur.com\/ca\/producto\/portamenus-148x21cm-juta-jeans\/","title":{"rendered":"Portamenus 14,8X21Cm Juta Jeans"},"content":{"rendered":"","protected":false},"excerpt":{"rendered":"<p>Mida 14,8x21Cm (A5). Antibacteri\u00e0 i ecol\u00f2gic. Es pot rentar amb qualsevol detergent com\u00fa. Molt resistent al desgast. No es desgasta amb el sol. Anti-taques. Es pot planxar. 4 fundes de PP.<\/p>\n","protected":false},"featured_media":93432,"comment_status":"open","ping_status":"closed","template":"","meta":[],"product_brand":[],"product_cat":[6704,6713],"product_tag":[],"class_list":{"0":"post-93544","1":"product","2":"type-product","3":"status-publish","4":"has-post-thumbnail","6":"product_cat-mobiliari-i-terrassa","7":"product_cat-porta-menus-atril-mobiliari-i-terrassa","8":"pa_uds-caja-1-ca","9":"pa_uds-paq-1-ca","11":"first","12":"instock","13":"taxable","14":"shipping-taxable","15":"purchasable","16":"product-type-simple"},"yoast_head":"<!-- This site is optimized with the Yoast SEO plugin v27.4 - https:\/\/yoast.com\/product\/yoast-seo-wordpress\/ -->\n<title>Portamenus 14,8X21Cm Juta Jeans - Massegur<\/title>\n<meta name=\"robots\" content=\"index, follow, max-snippet:-1, max-image-preview:large, max-video-preview:-1\" \/>\n<link rel=\"canonical\" href=\"https:\/\/www.massegur.com\/producto\/portamenus-148x21cm-juta-jeans\/\" \/>\n<meta property=\"og:locale\" content=\"ca_ES\" \/>\n<meta property=\"og:type\" content=\"article\" \/>\n<meta property=\"og:title\" content=\"Portamenus 14,8X21Cm Juta Jeans - Massegur\" \/>\n<meta property=\"og:description\" content=\"Mida 14,8x21Cm (A5). Antibacteri\u00e0 i ecol\u00f2gic. Es pot rentar amb qualsevol detergent com\u00fa. Molt resistent al desgast. No es desgasta amb el sol. Anti-taques. Es pot planxar. 4 fundes de PP.\" \/>\n<meta property=\"og:url\" content=\"https:\/\/www.massegur.com\/producto\/portamenus-148x21cm-juta-jeans\/\" \/>\n<meta property=\"og:site_name\" content=\"Massegur\" \/>\n<meta property=\"article:modified_time\" content=\"2025-06-06T07:03:16+00:00\" \/>\n<meta property=\"og:image\" content=\"https:\/\/www.massegur.com\/wp-content\/uploads\/0747091-1.jpg\" \/>\n\t<meta property=\"og:image:width\" content=\"450\" \/>\n\t<meta property=\"og:image:height\" content=\"450\" \/>\n\t<meta property=\"og:image:type\" content=\"image\/jpeg\" \/>\n<meta name=\"twitter:card\" content=\"summary_large_image\" \/>\n<script type=\"application\/ld+json\" class=\"yoast-schema-graph\">{\"@context\":\"https:\\\/\\\/schema.org\",\"@graph\":[{\"@type\":\"WebPage\",\"@id\":\"https:\\\/\\\/www.massegur.com\\\/producto\\\/portamenus-148x21cm-juta-jeans\\\/\",\"url\":\"https:\\\/\\\/www.massegur.com\\\/producto\\\/portamenus-148x21cm-juta-jeans\\\/\",\"name\":\"Portamenus 14,8X21Cm Juta Jeans - Massegur\",\"isPartOf\":{\"@id\":\"https:\\\/\\\/www.massegur.com\\\/#website\"},\"primaryImageOfPage\":{\"@id\":\"https:\\\/\\\/www.massegur.com\\\/producto\\\/portamenus-148x21cm-juta-jeans\\\/#primaryimage\"},\"image\":{\"@id\":\"https:\\\/\\\/www.massegur.com\\\/producto\\\/portamenus-148x21cm-juta-jeans\\\/#primaryimage\"},\"thumbnailUrl\":\"https:\\\/\\\/www.massegur.com\\\/wp-content\\\/uploads\\\/0747091-1.jpg\",\"datePublished\":\"2025-06-06T06:41:46+00:00\",\"dateModified\":\"2025-06-06T07:03:16+00:00\",\"breadcrumb\":{\"@id\":\"https:\\\/\\\/www.massegur.com\\\/producto\\\/portamenus-148x21cm-juta-jeans\\\/#breadcrumb\"},\"inLanguage\":\"ca\",\"potentialAction\":[{\"@type\":\"ReadAction\",\"target\":[\"https:\\\/\\\/www.massegur.com\\\/producto\\\/portamenus-148x21cm-juta-jeans\\\/\"]}]},{\"@type\":\"ImageObject\",\"inLanguage\":\"ca\",\"@id\":\"https:\\\/\\\/www.massegur.com\\\/producto\\\/portamenus-148x21cm-juta-jeans\\\/#primaryimage\",\"url\":\"https:\\\/\\\/www.massegur.com\\\/wp-content\\\/uploads\\\/0747091-1.jpg\",\"contentUrl\":\"https:\\\/\\\/www.massegur.com\\\/wp-content\\\/uploads\\\/0747091-1.jpg\",\"width\":450,\"height\":450},{\"@type\":\"BreadcrumbList\",\"@id\":\"https:\\\/\\\/www.massegur.com\\\/producto\\\/portamenus-148x21cm-juta-jeans\\\/#breadcrumb\",\"itemListElement\":[{\"@type\":\"ListItem\",\"position\":1,\"name\":\"Portada\",\"item\":\"https:\\\/\\\/www.massegur.com\\\/ca\\\/\"},{\"@type\":\"ListItem\",\"position\":2,\"name\":\"Shop\",\"item\":\"https:\\\/\\\/www.massegur.com\\\/tienda\\\/\"},{\"@type\":\"ListItem\",\"position\":3,\"name\":\"Portamenus 14,8X21Cm Juta Jeans\"}]},{\"@type\":\"WebSite\",\"@id\":\"https:\\\/\\\/www.massegur.com\\\/#website\",\"url\":\"https:\\\/\\\/www.massegur.com\\\/\",\"name\":\"Massegur\",\"description\":\"Tu proveedor de referencia\",\"potentialAction\":[{\"@type\":\"SearchAction\",\"target\":{\"@type\":\"EntryPoint\",\"urlTemplate\":\"https:\\\/\\\/www.massegur.com\\\/?s={search_term_string}\"},\"query-input\":{\"@type\":\"PropertyValueSpecification\",\"valueRequired\":true,\"valueName\":\"search_term_string\"}}],\"inLanguage\":\"ca\"}]}<\/script>\n<!-- \/ Yoast SEO plugin. -->","yoast_head_json":{"title":"Portamenus 14,8X21Cm Juta Jeans - Massegur","robots":{"index":"index","follow":"follow","max-snippet":"max-snippet:-1","max-image-preview":"max-image-preview:large","max-video-preview":"max-video-preview:-1"},"canonical":"https:\/\/www.massegur.com\/producto\/portamenus-148x21cm-juta-jeans\/","og_locale":"ca_ES","og_type":"article","og_title":"Portamenus 14,8X21Cm Juta Jeans - Massegur","og_description":"Mida 14,8x21Cm (A5). Antibacteri\u00e0 i ecol\u00f2gic. Es pot rentar amb qualsevol detergent com\u00fa. Molt resistent al desgast. No es desgasta amb el sol. Anti-taques. Es pot planxar. 4 fundes de PP.","og_url":"https:\/\/www.massegur.com\/producto\/portamenus-148x21cm-juta-jeans\/","og_site_name":"Massegur","article_modified_time":"2025-06-06T07:03:16+00:00","og_image":[{"width":450,"height":450,"url":"https:\/\/www.massegur.com\/wp-content\/uploads\/0747091-1.jpg","type":"image\/jpeg"}],"twitter_card":"summary_large_image","schema":{"@context":"https:\/\/schema.org","@graph":[{"@type":"WebPage","@id":"https:\/\/www.massegur.com\/producto\/portamenus-148x21cm-juta-jeans\/","url":"https:\/\/www.massegur.com\/producto\/portamenus-148x21cm-juta-jeans\/","name":"Portamenus 14,8X21Cm Juta Jeans - Massegur","isPartOf":{"@id":"https:\/\/www.massegur.com\/#website"},"primaryImageOfPage":{"@id":"https:\/\/www.massegur.com\/producto\/portamenus-148x21cm-juta-jeans\/#primaryimage"},"image":{"@id":"https:\/\/www.massegur.com\/producto\/portamenus-148x21cm-juta-jeans\/#primaryimage"},"thumbnailUrl":"https:\/\/www.massegur.com\/wp-content\/uploads\/0747091-1.jpg","datePublished":"2025-06-06T06:41:46+00:00","dateModified":"2025-06-06T07:03:16+00:00","breadcrumb":{"@id":"https:\/\/www.massegur.com\/producto\/portamenus-148x21cm-juta-jeans\/#breadcrumb"},"inLanguage":"ca","potentialAction":[{"@type":"ReadAction","target":["https:\/\/www.massegur.com\/producto\/portamenus-148x21cm-juta-jeans\/"]}]},{"@type":"ImageObject","inLanguage":"ca","@id":"https:\/\/www.massegur.com\/producto\/portamenus-148x21cm-juta-jeans\/#primaryimage","url":"https:\/\/www.massegur.com\/wp-content\/uploads\/0747091-1.jpg","contentUrl":"https:\/\/www.massegur.com\/wp-content\/uploads\/0747091-1.jpg","width":450,"height":450},{"@type":"BreadcrumbList","@id":"https:\/\/www.massegur.com\/producto\/portamenus-148x21cm-juta-jeans\/#breadcrumb","itemListElement":[{"@type":"ListItem","position":1,"name":"Portada","item":"https:\/\/www.massegur.com\/ca\/"},{"@type":"ListItem","position":2,"name":"Shop","item":"https:\/\/www.massegur.com\/tienda\/"},{"@type":"ListItem","position":3,"name":"Portamenus 14,8X21Cm Juta Jeans"}]},{"@type":"WebSite","@id":"https:\/\/www.massegur.com\/#website","url":"https:\/\/www.massegur.com\/","name":"Massegur","description":"Tu proveedor de referencia","potentialAction":[{"@type":"SearchAction","target":{"@type":"EntryPoint","urlTemplate":"https:\/\/www.massegur.com\/?s={search_term_string}"},"query-input":{"@type":"PropertyValueSpecification","valueRequired":true,"valueName":"search_term_string"}}],"inLanguage":"ca"}]}},"_links":{"self":[{"href":"https:\/\/www.massegur.com\/ca\/wp-json\/wp\/v2\/product\/93544","targetHints":{"allow":["GET"]}}],"collection":[{"href":"https:\/\/www.massegur.com\/ca\/wp-json\/wp\/v2\/product"}],"about":[{"href":"https:\/\/www.massegur.com\/ca\/wp-json\/wp\/v2\/types\/product"}],"replies":[{"embeddable":true,"href":"https:\/\/www.massegur.com\/ca\/wp-json\/wp\/v2\/comments?post=93544"}],"wp:featuredmedia":[{"embeddable":true,"href":"https:\/\/www.massegur.com\/ca\/wp-json\/wp\/v2\/media\/93432"}],"wp:attachment":[{"href":"https:\/\/www.massegur.com\/ca\/wp-json\/wp\/v2\/media?parent=93544"}],"wp:term":[{"taxonomy":"product_brand","embeddable":true,"href":"https:\/\/www.massegur.com\/ca\/wp-json\/wp\/v2\/product_brand?post=93544"},{"taxonomy":"product_cat","embeddable":true,"href":"https:\/\/www.massegur.com\/ca\/wp-json\/wp\/v2\/product_cat?post=93544"},{"taxonomy":"product_tag","embeddable":true,"href":"https:\/\/www.massegur.com\/ca\/wp-json\/wp\/v2\/product_tag?post=93544"}],"curies":[{"name":"wp","href":"https:\/\/api.w.org\/{rel}","templated":true}]}}