{"id":96137,"date":"2025-06-06T08:21:40","date_gmt":"2025-06-06T07:21:40","guid":{"rendered":"https:\/\/laughing-shamir.217-160-227-21.plesk.page\/producto\/vaso-diamond-30cl-purpura\/"},"modified":"2025-10-16T15:40:51","modified_gmt":"2025-10-16T14:40:51","slug":"vaso-diamond-30cl-purpura","status":"publish","type":"product","link":"https:\/\/www.massegur.com\/ca\/producto\/vaso-diamond-30cl-purpura\/","title":{"rendered":"Got Diamond 30cl P\u00farpura"},"content":{"rendered":"","protected":false},"excerpt":{"rendered":"<p>Mida \u00d88,4&#215;9,3Cm &#8211; 30cl. No tensionat. T\u00e8cnica de color infinit que mant\u00e9 la mateixa tonalitat sense canvis durant tota la vida \u00faltil del vidre. Apte pel rentaplats i microones. Reciclable.<\/p>\n","protected":false},"featured_media":96087,"comment_status":"closed","ping_status":"closed","template":"","meta":[],"product_brand":[],"product_cat":[7131,7302],"product_tag":[],"class_list":{"0":"post-96137","1":"product","2":"type-product","3":"status-publish","4":"has-post-thumbnail","6":"product_cat-parament-i-equipament","7":"product_cat-vasos-vidre-diamond","8":"pa_uds-caja-6-ca","9":"pa_uds-paq-6-ca","11":"first","12":"instock","13":"taxable","14":"shipping-taxable","15":"purchasable","16":"product-type-simple"},"yoast_head":"<!-- This site is optimized with the Yoast SEO plugin v27.4 - https:\/\/yoast.com\/product\/yoast-seo-wordpress\/ -->\n<title>Got Diamond 30cl P\u00farpura - Massegur<\/title>\n<meta name=\"robots\" content=\"index, follow, max-snippet:-1, max-image-preview:large, max-video-preview:-1\" \/>\n<link rel=\"canonical\" href=\"https:\/\/www.massegur.com\/ca\/producto\/vaso-diamond-30cl-purpura\/\" \/>\n<meta property=\"og:locale\" content=\"ca_ES\" \/>\n<meta property=\"og:type\" content=\"article\" \/>\n<meta property=\"og:title\" content=\"Got Diamond 30cl P\u00farpura - Massegur\" \/>\n<meta property=\"og:description\" content=\"Mida \u00d88,4x9,3Cm - 30cl. No tensionat. T\u00e8cnica de color infinit que mant\u00e9 la mateixa tonalitat sense canvis durant tota la vida \u00faltil del vidre. Apte pel rentaplats i microones. Reciclable.\" \/>\n<meta property=\"og:url\" content=\"https:\/\/www.massegur.com\/ca\/producto\/vaso-diamond-30cl-purpura\/\" \/>\n<meta property=\"og:site_name\" content=\"Massegur\" \/>\n<meta property=\"article:modified_time\" content=\"2025-10-16T14:40:51+00:00\" \/>\n<meta property=\"og:image\" content=\"https:\/\/www.massegur.com\/wp-content\/uploads\/0785031-1.jpg\" \/>\n\t<meta property=\"og:image:width\" content=\"450\" \/>\n\t<meta property=\"og:image:height\" content=\"450\" \/>\n\t<meta property=\"og:image:type\" content=\"image\/jpeg\" \/>\n<meta name=\"twitter:card\" content=\"summary_large_image\" \/>\n<script type=\"application\/ld+json\" class=\"yoast-schema-graph\">{\"@context\":\"https:\\\/\\\/schema.org\",\"@graph\":[{\"@type\":\"WebPage\",\"@id\":\"https:\\\/\\\/www.massegur.com\\\/ca\\\/producto\\\/vaso-diamond-30cl-purpura\\\/\",\"url\":\"https:\\\/\\\/www.massegur.com\\\/ca\\\/producto\\\/vaso-diamond-30cl-purpura\\\/\",\"name\":\"Got Diamond 30cl P\u00farpura - Massegur\",\"isPartOf\":{\"@id\":\"https:\\\/\\\/www.massegur.com\\\/#website\"},\"primaryImageOfPage\":{\"@id\":\"https:\\\/\\\/www.massegur.com\\\/ca\\\/producto\\\/vaso-diamond-30cl-purpura\\\/#primaryimage\"},\"image\":{\"@id\":\"https:\\\/\\\/www.massegur.com\\\/ca\\\/producto\\\/vaso-diamond-30cl-purpura\\\/#primaryimage\"},\"thumbnailUrl\":\"https:\\\/\\\/www.massegur.com\\\/wp-content\\\/uploads\\\/0785031-1.jpg\",\"datePublished\":\"2025-06-06T07:21:40+00:00\",\"dateModified\":\"2025-10-16T14:40:51+00:00\",\"breadcrumb\":{\"@id\":\"https:\\\/\\\/www.massegur.com\\\/ca\\\/producto\\\/vaso-diamond-30cl-purpura\\\/#breadcrumb\"},\"inLanguage\":\"ca\",\"potentialAction\":[{\"@type\":\"ReadAction\",\"target\":[\"https:\\\/\\\/www.massegur.com\\\/ca\\\/producto\\\/vaso-diamond-30cl-purpura\\\/\"]}]},{\"@type\":\"ImageObject\",\"inLanguage\":\"ca\",\"@id\":\"https:\\\/\\\/www.massegur.com\\\/ca\\\/producto\\\/vaso-diamond-30cl-purpura\\\/#primaryimage\",\"url\":\"https:\\\/\\\/www.massegur.com\\\/wp-content\\\/uploads\\\/0785031-1.jpg\",\"contentUrl\":\"https:\\\/\\\/www.massegur.com\\\/wp-content\\\/uploads\\\/0785031-1.jpg\",\"width\":450,\"height\":450},{\"@type\":\"BreadcrumbList\",\"@id\":\"https:\\\/\\\/www.massegur.com\\\/ca\\\/producto\\\/vaso-diamond-30cl-purpura\\\/#breadcrumb\",\"itemListElement\":[{\"@type\":\"ListItem\",\"position\":1,\"name\":\"Portada\",\"item\":\"https:\\\/\\\/www.massegur.com\\\/ca\\\/\"},{\"@type\":\"ListItem\",\"position\":2,\"name\":\"Shop\",\"item\":\"https:\\\/\\\/www.massegur.com\\\/tienda\\\/\"},{\"@type\":\"ListItem\",\"position\":3,\"name\":\"Got Diamond 30cl P\u00farpura\"}]},{\"@type\":\"WebSite\",\"@id\":\"https:\\\/\\\/www.massegur.com\\\/#website\",\"url\":\"https:\\\/\\\/www.massegur.com\\\/\",\"name\":\"Massegur\",\"description\":\"Tu proveedor de referencia\",\"potentialAction\":[{\"@type\":\"SearchAction\",\"target\":{\"@type\":\"EntryPoint\",\"urlTemplate\":\"https:\\\/\\\/www.massegur.com\\\/?s={search_term_string}\"},\"query-input\":{\"@type\":\"PropertyValueSpecification\",\"valueRequired\":true,\"valueName\":\"search_term_string\"}}],\"inLanguage\":\"ca\"}]}<\/script>\n<!-- \/ Yoast SEO plugin. -->","yoast_head_json":{"title":"Got Diamond 30cl P\u00farpura - Massegur","robots":{"index":"index","follow":"follow","max-snippet":"max-snippet:-1","max-image-preview":"max-image-preview:large","max-video-preview":"max-video-preview:-1"},"canonical":"https:\/\/www.massegur.com\/ca\/producto\/vaso-diamond-30cl-purpura\/","og_locale":"ca_ES","og_type":"article","og_title":"Got Diamond 30cl P\u00farpura - Massegur","og_description":"Mida \u00d88,4x9,3Cm - 30cl. No tensionat. T\u00e8cnica de color infinit que mant\u00e9 la mateixa tonalitat sense canvis durant tota la vida \u00faltil del vidre. Apte pel rentaplats i microones. Reciclable.","og_url":"https:\/\/www.massegur.com\/ca\/producto\/vaso-diamond-30cl-purpura\/","og_site_name":"Massegur","article_modified_time":"2025-10-16T14:40:51+00:00","og_image":[{"width":450,"height":450,"url":"https:\/\/www.massegur.com\/wp-content\/uploads\/0785031-1.jpg","type":"image\/jpeg"}],"twitter_card":"summary_large_image","schema":{"@context":"https:\/\/schema.org","@graph":[{"@type":"WebPage","@id":"https:\/\/www.massegur.com\/ca\/producto\/vaso-diamond-30cl-purpura\/","url":"https:\/\/www.massegur.com\/ca\/producto\/vaso-diamond-30cl-purpura\/","name":"Got Diamond 30cl P\u00farpura - Massegur","isPartOf":{"@id":"https:\/\/www.massegur.com\/#website"},"primaryImageOfPage":{"@id":"https:\/\/www.massegur.com\/ca\/producto\/vaso-diamond-30cl-purpura\/#primaryimage"},"image":{"@id":"https:\/\/www.massegur.com\/ca\/producto\/vaso-diamond-30cl-purpura\/#primaryimage"},"thumbnailUrl":"https:\/\/www.massegur.com\/wp-content\/uploads\/0785031-1.jpg","datePublished":"2025-06-06T07:21:40+00:00","dateModified":"2025-10-16T14:40:51+00:00","breadcrumb":{"@id":"https:\/\/www.massegur.com\/ca\/producto\/vaso-diamond-30cl-purpura\/#breadcrumb"},"inLanguage":"ca","potentialAction":[{"@type":"ReadAction","target":["https:\/\/www.massegur.com\/ca\/producto\/vaso-diamond-30cl-purpura\/"]}]},{"@type":"ImageObject","inLanguage":"ca","@id":"https:\/\/www.massegur.com\/ca\/producto\/vaso-diamond-30cl-purpura\/#primaryimage","url":"https:\/\/www.massegur.com\/wp-content\/uploads\/0785031-1.jpg","contentUrl":"https:\/\/www.massegur.com\/wp-content\/uploads\/0785031-1.jpg","width":450,"height":450},{"@type":"BreadcrumbList","@id":"https:\/\/www.massegur.com\/ca\/producto\/vaso-diamond-30cl-purpura\/#breadcrumb","itemListElement":[{"@type":"ListItem","position":1,"name":"Portada","item":"https:\/\/www.massegur.com\/ca\/"},{"@type":"ListItem","position":2,"name":"Shop","item":"https:\/\/www.massegur.com\/tienda\/"},{"@type":"ListItem","position":3,"name":"Got Diamond 30cl P\u00farpura"}]},{"@type":"WebSite","@id":"https:\/\/www.massegur.com\/#website","url":"https:\/\/www.massegur.com\/","name":"Massegur","description":"Tu proveedor de referencia","potentialAction":[{"@type":"SearchAction","target":{"@type":"EntryPoint","urlTemplate":"https:\/\/www.massegur.com\/?s={search_term_string}"},"query-input":{"@type":"PropertyValueSpecification","valueRequired":true,"valueName":"search_term_string"}}],"inLanguage":"ca"}]}},"_links":{"self":[{"href":"https:\/\/www.massegur.com\/ca\/wp-json\/wp\/v2\/product\/96137","targetHints":{"allow":["GET"]}}],"collection":[{"href":"https:\/\/www.massegur.com\/ca\/wp-json\/wp\/v2\/product"}],"about":[{"href":"https:\/\/www.massegur.com\/ca\/wp-json\/wp\/v2\/types\/product"}],"replies":[{"embeddable":true,"href":"https:\/\/www.massegur.com\/ca\/wp-json\/wp\/v2\/comments?post=96137"}],"wp:featuredmedia":[{"embeddable":true,"href":"https:\/\/www.massegur.com\/ca\/wp-json\/wp\/v2\/media\/96087"}],"wp:attachment":[{"href":"https:\/\/www.massegur.com\/ca\/wp-json\/wp\/v2\/media?parent=96137"}],"wp:term":[{"taxonomy":"product_brand","embeddable":true,"href":"https:\/\/www.massegur.com\/ca\/wp-json\/wp\/v2\/product_brand?post=96137"},{"taxonomy":"product_cat","embeddable":true,"href":"https:\/\/www.massegur.com\/ca\/wp-json\/wp\/v2\/product_cat?post=96137"},{"taxonomy":"product_tag","embeddable":true,"href":"https:\/\/www.massegur.com\/ca\/wp-json\/wp\/v2\/product_tag?post=96137"}],"curies":[{"name":"wp","href":"https:\/\/api.w.org\/{rel}","templated":true}]}}