{"id":96254,"date":"2025-06-06T08:20:06","date_gmt":"2025-06-06T07:20:06","guid":{"rendered":"https:\/\/laughing-shamir.217-160-227-21.plesk.page\/producto\/sarten-o36cm-lyonesa-con-asas\/"},"modified":"2025-10-16T11:25:37","modified_gmt":"2025-10-16T10:25:37","slug":"sarten-o36cm-lyonesa-con-asas","status":"publish","type":"product","link":"https:\/\/www.massegur.com\/ca\/producto\/sarten-o36cm-lyonesa-con-asas\/","title":{"rendered":"Paella \u00d836Cm Lyonesa Amb Nanses"},"content":{"rendered":"","protected":false},"excerpt":{"rendered":"<p>Mida \u00d836Cm. Fabricades d&#8217;acer inox laminat en fred, sense vora i gruix extra. Especialment indicat per \u00fas en cuines d&#8217;inducci\u00f3 i vitro. \u00das professional.<\/p>\n","protected":false},"featured_media":95739,"comment_status":"closed","ping_status":"closed","template":"","meta":[],"product_brand":[],"product_cat":[7162,7131],"product_tag":[],"class_list":{"0":"post-96254","1":"product","2":"type-product","3":"status-publish","4":"has-post-thumbnail","6":"product_cat-paelles-fondes-acer-polit","7":"product_cat-parament-i-equipament","8":"pa_uds-caja-1-ca","9":"pa_uds-paq-1-ca","11":"first","12":"instock","13":"taxable","14":"shipping-taxable","15":"purchasable","16":"product-type-simple"},"yoast_head":"<!-- This site is optimized with the Yoast SEO plugin v27.4 - https:\/\/yoast.com\/product\/yoast-seo-wordpress\/ -->\n<title>Paella \u00d836Cm Lyonesa Amb Nanses - Massegur<\/title>\n<meta name=\"robots\" content=\"index, follow, max-snippet:-1, max-image-preview:large, max-video-preview:-1\" \/>\n<link rel=\"canonical\" href=\"https:\/\/www.massegur.com\/ca\/producto\/sarten-o36cm-lyonesa-con-asas\/\" \/>\n<meta property=\"og:locale\" content=\"ca_ES\" \/>\n<meta property=\"og:type\" content=\"article\" \/>\n<meta property=\"og:title\" content=\"Paella \u00d836Cm Lyonesa Amb Nanses - Massegur\" \/>\n<meta property=\"og:description\" content=\"Mida \u00d836Cm. Fabricades d&#039;acer inox laminat en fred, sense vora i gruix extra. Especialment indicat per \u00fas en cuines d&#039;inducci\u00f3 i vitro. \u00das professional.\" \/>\n<meta property=\"og:url\" content=\"https:\/\/www.massegur.com\/ca\/producto\/sarten-o36cm-lyonesa-con-asas\/\" \/>\n<meta property=\"og:site_name\" content=\"Massegur\" \/>\n<meta property=\"article:modified_time\" content=\"2025-10-16T10:25:37+00:00\" \/>\n<meta property=\"og:image\" content=\"https:\/\/www.massegur.com\/wp-content\/uploads\/0226122-1.jpg\" \/>\n\t<meta property=\"og:image:width\" content=\"450\" \/>\n\t<meta property=\"og:image:height\" content=\"450\" \/>\n\t<meta property=\"og:image:type\" content=\"image\/jpeg\" \/>\n<meta name=\"twitter:card\" content=\"summary_large_image\" \/>\n<script type=\"application\/ld+json\" class=\"yoast-schema-graph\">{\"@context\":\"https:\\\/\\\/schema.org\",\"@graph\":[{\"@type\":\"WebPage\",\"@id\":\"https:\\\/\\\/www.massegur.com\\\/ca\\\/producto\\\/sarten-o36cm-lyonesa-con-asas\\\/\",\"url\":\"https:\\\/\\\/www.massegur.com\\\/ca\\\/producto\\\/sarten-o36cm-lyonesa-con-asas\\\/\",\"name\":\"Paella \u00d836Cm Lyonesa Amb Nanses - Massegur\",\"isPartOf\":{\"@id\":\"https:\\\/\\\/www.massegur.com\\\/#website\"},\"primaryImageOfPage\":{\"@id\":\"https:\\\/\\\/www.massegur.com\\\/ca\\\/producto\\\/sarten-o36cm-lyonesa-con-asas\\\/#primaryimage\"},\"image\":{\"@id\":\"https:\\\/\\\/www.massegur.com\\\/ca\\\/producto\\\/sarten-o36cm-lyonesa-con-asas\\\/#primaryimage\"},\"thumbnailUrl\":\"https:\\\/\\\/www.massegur.com\\\/wp-content\\\/uploads\\\/0226122-1.jpg\",\"datePublished\":\"2025-06-06T07:20:06+00:00\",\"dateModified\":\"2025-10-16T10:25:37+00:00\",\"breadcrumb\":{\"@id\":\"https:\\\/\\\/www.massegur.com\\\/ca\\\/producto\\\/sarten-o36cm-lyonesa-con-asas\\\/#breadcrumb\"},\"inLanguage\":\"ca\",\"potentialAction\":[{\"@type\":\"ReadAction\",\"target\":[\"https:\\\/\\\/www.massegur.com\\\/ca\\\/producto\\\/sarten-o36cm-lyonesa-con-asas\\\/\"]}]},{\"@type\":\"ImageObject\",\"inLanguage\":\"ca\",\"@id\":\"https:\\\/\\\/www.massegur.com\\\/ca\\\/producto\\\/sarten-o36cm-lyonesa-con-asas\\\/#primaryimage\",\"url\":\"https:\\\/\\\/www.massegur.com\\\/wp-content\\\/uploads\\\/0226122-1.jpg\",\"contentUrl\":\"https:\\\/\\\/www.massegur.com\\\/wp-content\\\/uploads\\\/0226122-1.jpg\",\"width\":450,\"height\":450},{\"@type\":\"BreadcrumbList\",\"@id\":\"https:\\\/\\\/www.massegur.com\\\/ca\\\/producto\\\/sarten-o36cm-lyonesa-con-asas\\\/#breadcrumb\",\"itemListElement\":[{\"@type\":\"ListItem\",\"position\":1,\"name\":\"Portada\",\"item\":\"https:\\\/\\\/www.massegur.com\\\/ca\\\/\"},{\"@type\":\"ListItem\",\"position\":2,\"name\":\"Shop\",\"item\":\"https:\\\/\\\/www.massegur.com\\\/tienda\\\/\"},{\"@type\":\"ListItem\",\"position\":3,\"name\":\"Paella \u00d836Cm Lyonesa Amb Nanses\"}]},{\"@type\":\"WebSite\",\"@id\":\"https:\\\/\\\/www.massegur.com\\\/#website\",\"url\":\"https:\\\/\\\/www.massegur.com\\\/\",\"name\":\"Massegur\",\"description\":\"Tu proveedor de referencia\",\"potentialAction\":[{\"@type\":\"SearchAction\",\"target\":{\"@type\":\"EntryPoint\",\"urlTemplate\":\"https:\\\/\\\/www.massegur.com\\\/?s={search_term_string}\"},\"query-input\":{\"@type\":\"PropertyValueSpecification\",\"valueRequired\":true,\"valueName\":\"search_term_string\"}}],\"inLanguage\":\"ca\"}]}<\/script>\n<!-- \/ Yoast SEO plugin. -->","yoast_head_json":{"title":"Paella \u00d836Cm Lyonesa Amb Nanses - Massegur","robots":{"index":"index","follow":"follow","max-snippet":"max-snippet:-1","max-image-preview":"max-image-preview:large","max-video-preview":"max-video-preview:-1"},"canonical":"https:\/\/www.massegur.com\/ca\/producto\/sarten-o36cm-lyonesa-con-asas\/","og_locale":"ca_ES","og_type":"article","og_title":"Paella \u00d836Cm Lyonesa Amb Nanses - Massegur","og_description":"Mida \u00d836Cm. Fabricades d'acer inox laminat en fred, sense vora i gruix extra. Especialment indicat per \u00fas en cuines d'inducci\u00f3 i vitro. \u00das professional.","og_url":"https:\/\/www.massegur.com\/ca\/producto\/sarten-o36cm-lyonesa-con-asas\/","og_site_name":"Massegur","article_modified_time":"2025-10-16T10:25:37+00:00","og_image":[{"width":450,"height":450,"url":"https:\/\/www.massegur.com\/wp-content\/uploads\/0226122-1.jpg","type":"image\/jpeg"}],"twitter_card":"summary_large_image","schema":{"@context":"https:\/\/schema.org","@graph":[{"@type":"WebPage","@id":"https:\/\/www.massegur.com\/ca\/producto\/sarten-o36cm-lyonesa-con-asas\/","url":"https:\/\/www.massegur.com\/ca\/producto\/sarten-o36cm-lyonesa-con-asas\/","name":"Paella \u00d836Cm Lyonesa Amb Nanses - Massegur","isPartOf":{"@id":"https:\/\/www.massegur.com\/#website"},"primaryImageOfPage":{"@id":"https:\/\/www.massegur.com\/ca\/producto\/sarten-o36cm-lyonesa-con-asas\/#primaryimage"},"image":{"@id":"https:\/\/www.massegur.com\/ca\/producto\/sarten-o36cm-lyonesa-con-asas\/#primaryimage"},"thumbnailUrl":"https:\/\/www.massegur.com\/wp-content\/uploads\/0226122-1.jpg","datePublished":"2025-06-06T07:20:06+00:00","dateModified":"2025-10-16T10:25:37+00:00","breadcrumb":{"@id":"https:\/\/www.massegur.com\/ca\/producto\/sarten-o36cm-lyonesa-con-asas\/#breadcrumb"},"inLanguage":"ca","potentialAction":[{"@type":"ReadAction","target":["https:\/\/www.massegur.com\/ca\/producto\/sarten-o36cm-lyonesa-con-asas\/"]}]},{"@type":"ImageObject","inLanguage":"ca","@id":"https:\/\/www.massegur.com\/ca\/producto\/sarten-o36cm-lyonesa-con-asas\/#primaryimage","url":"https:\/\/www.massegur.com\/wp-content\/uploads\/0226122-1.jpg","contentUrl":"https:\/\/www.massegur.com\/wp-content\/uploads\/0226122-1.jpg","width":450,"height":450},{"@type":"BreadcrumbList","@id":"https:\/\/www.massegur.com\/ca\/producto\/sarten-o36cm-lyonesa-con-asas\/#breadcrumb","itemListElement":[{"@type":"ListItem","position":1,"name":"Portada","item":"https:\/\/www.massegur.com\/ca\/"},{"@type":"ListItem","position":2,"name":"Shop","item":"https:\/\/www.massegur.com\/tienda\/"},{"@type":"ListItem","position":3,"name":"Paella \u00d836Cm Lyonesa Amb Nanses"}]},{"@type":"WebSite","@id":"https:\/\/www.massegur.com\/#website","url":"https:\/\/www.massegur.com\/","name":"Massegur","description":"Tu proveedor de referencia","potentialAction":[{"@type":"SearchAction","target":{"@type":"EntryPoint","urlTemplate":"https:\/\/www.massegur.com\/?s={search_term_string}"},"query-input":{"@type":"PropertyValueSpecification","valueRequired":true,"valueName":"search_term_string"}}],"inLanguage":"ca"}]}},"_links":{"self":[{"href":"https:\/\/www.massegur.com\/ca\/wp-json\/wp\/v2\/product\/96254","targetHints":{"allow":["GET"]}}],"collection":[{"href":"https:\/\/www.massegur.com\/ca\/wp-json\/wp\/v2\/product"}],"about":[{"href":"https:\/\/www.massegur.com\/ca\/wp-json\/wp\/v2\/types\/product"}],"replies":[{"embeddable":true,"href":"https:\/\/www.massegur.com\/ca\/wp-json\/wp\/v2\/comments?post=96254"}],"wp:featuredmedia":[{"embeddable":true,"href":"https:\/\/www.massegur.com\/ca\/wp-json\/wp\/v2\/media\/95739"}],"wp:attachment":[{"href":"https:\/\/www.massegur.com\/ca\/wp-json\/wp\/v2\/media?parent=96254"}],"wp:term":[{"taxonomy":"product_brand","embeddable":true,"href":"https:\/\/www.massegur.com\/ca\/wp-json\/wp\/v2\/product_brand?post=96254"},{"taxonomy":"product_cat","embeddable":true,"href":"https:\/\/www.massegur.com\/ca\/wp-json\/wp\/v2\/product_cat?post=96254"},{"taxonomy":"product_tag","embeddable":true,"href":"https:\/\/www.massegur.com\/ca\/wp-json\/wp\/v2\/product_tag?post=96254"}],"curies":[{"name":"wp","href":"https:\/\/api.w.org\/{rel}","templated":true}]}}