{"id":96265,"date":"2025-06-06T08:19:55","date_gmt":"2025-06-06T07:19:55","guid":{"rendered":"https:\/\/laughing-shamir.217-160-227-21.plesk.page\/producto\/sarten-o22cm-eficient-plus-full-induction\/"},"modified":"2025-10-16T12:09:49","modified_gmt":"2025-10-16T11:09:49","slug":"sarten-o22cm-eficient-plus-full-induction","status":"publish","type":"product","link":"https:\/\/www.massegur.com\/ca\/producto\/sarten-o22cm-eficient-plus-full-induction\/","title":{"rendered":"Paella \u00d822Cm Efficient Plus Full Induction"},"content":{"rendered":"","protected":false},"excerpt":{"rendered":"<p>Mida \u00d822Cm. Fabricades amb alumini fos indeformable de 6mm, amb antiadherent ultra resistent Teflon Profile que permet l&#8217;\u00fas d&#8217;estris met\u00e0l\u00b7lics. PFOA free. Resistencia extrema al ratllat i a l&#8217;abrasi\u00f3. Apte per tot tipus de cuines.<\/p>\n","protected":false},"featured_media":95703,"comment_status":"closed","ping_status":"closed","template":"","meta":[],"product_brand":[],"product_cat":[7231,7131],"product_tag":[],"class_list":{"0":"post-96265","1":"product","2":"type-product","3":"status-publish","4":"has-post-thumbnail","6":"product_cat-paelles-alumini-fos-induccio","7":"product_cat-parament-i-equipament","8":"pa_uds-caja-1-ca","9":"pa_uds-paq-1-ca","11":"first","12":"instock","13":"taxable","14":"shipping-taxable","15":"purchasable","16":"product-type-simple"},"yoast_head":"<!-- This site is optimized with the Yoast SEO plugin v27.4 - https:\/\/yoast.com\/product\/yoast-seo-wordpress\/ -->\n<title>Paella \u00d822Cm Efficient Plus Full Induction - Massegur<\/title>\n<meta name=\"robots\" content=\"index, follow, max-snippet:-1, max-image-preview:large, max-video-preview:-1\" \/>\n<link rel=\"canonical\" href=\"https:\/\/www.massegur.com\/ca\/producto\/sarten-o22cm-eficient-plus-full-induction\/\" \/>\n<meta property=\"og:locale\" content=\"ca_ES\" \/>\n<meta property=\"og:type\" content=\"article\" \/>\n<meta property=\"og:title\" content=\"Paella \u00d822Cm Efficient Plus Full Induction - Massegur\" \/>\n<meta property=\"og:description\" content=\"Mida \u00d822Cm. Fabricades amb alumini fos indeformable de 6mm, amb antiadherent ultra resistent Teflon Profile que permet l&#039;\u00fas d&#039;estris met\u00e0l\u00b7lics. PFOA free. Resistencia extrema al ratllat i a l&#039;abrasi\u00f3. Apte per tot tipus de cuines.\" \/>\n<meta property=\"og:url\" content=\"https:\/\/www.massegur.com\/ca\/producto\/sarten-o22cm-eficient-plus-full-induction\/\" \/>\n<meta property=\"og:site_name\" content=\"Massegur\" \/>\n<meta property=\"article:modified_time\" content=\"2025-10-16T11:09:49+00:00\" \/>\n<meta property=\"og:image\" content=\"https:\/\/www.massegur.com\/wp-content\/uploads\/0400502-1.jpg\" \/>\n\t<meta property=\"og:image:width\" content=\"450\" \/>\n\t<meta property=\"og:image:height\" content=\"450\" \/>\n\t<meta property=\"og:image:type\" content=\"image\/jpeg\" \/>\n<meta name=\"twitter:card\" content=\"summary_large_image\" \/>\n<script type=\"application\/ld+json\" class=\"yoast-schema-graph\">{\"@context\":\"https:\\\/\\\/schema.org\",\"@graph\":[{\"@type\":\"WebPage\",\"@id\":\"https:\\\/\\\/www.massegur.com\\\/ca\\\/producto\\\/sarten-o22cm-eficient-plus-full-induction\\\/\",\"url\":\"https:\\\/\\\/www.massegur.com\\\/ca\\\/producto\\\/sarten-o22cm-eficient-plus-full-induction\\\/\",\"name\":\"Paella \u00d822Cm Efficient Plus Full Induction - Massegur\",\"isPartOf\":{\"@id\":\"https:\\\/\\\/www.massegur.com\\\/#website\"},\"primaryImageOfPage\":{\"@id\":\"https:\\\/\\\/www.massegur.com\\\/ca\\\/producto\\\/sarten-o22cm-eficient-plus-full-induction\\\/#primaryimage\"},\"image\":{\"@id\":\"https:\\\/\\\/www.massegur.com\\\/ca\\\/producto\\\/sarten-o22cm-eficient-plus-full-induction\\\/#primaryimage\"},\"thumbnailUrl\":\"https:\\\/\\\/www.massegur.com\\\/wp-content\\\/uploads\\\/0400502-1.jpg\",\"datePublished\":\"2025-06-06T07:19:55+00:00\",\"dateModified\":\"2025-10-16T11:09:49+00:00\",\"breadcrumb\":{\"@id\":\"https:\\\/\\\/www.massegur.com\\\/ca\\\/producto\\\/sarten-o22cm-eficient-plus-full-induction\\\/#breadcrumb\"},\"inLanguage\":\"ca\",\"potentialAction\":[{\"@type\":\"ReadAction\",\"target\":[\"https:\\\/\\\/www.massegur.com\\\/ca\\\/producto\\\/sarten-o22cm-eficient-plus-full-induction\\\/\"]}]},{\"@type\":\"ImageObject\",\"inLanguage\":\"ca\",\"@id\":\"https:\\\/\\\/www.massegur.com\\\/ca\\\/producto\\\/sarten-o22cm-eficient-plus-full-induction\\\/#primaryimage\",\"url\":\"https:\\\/\\\/www.massegur.com\\\/wp-content\\\/uploads\\\/0400502-1.jpg\",\"contentUrl\":\"https:\\\/\\\/www.massegur.com\\\/wp-content\\\/uploads\\\/0400502-1.jpg\",\"width\":450,\"height\":450},{\"@type\":\"BreadcrumbList\",\"@id\":\"https:\\\/\\\/www.massegur.com\\\/ca\\\/producto\\\/sarten-o22cm-eficient-plus-full-induction\\\/#breadcrumb\",\"itemListElement\":[{\"@type\":\"ListItem\",\"position\":1,\"name\":\"Portada\",\"item\":\"https:\\\/\\\/www.massegur.com\\\/ca\\\/\"},{\"@type\":\"ListItem\",\"position\":2,\"name\":\"Shop\",\"item\":\"https:\\\/\\\/www.massegur.com\\\/tienda\\\/\"},{\"@type\":\"ListItem\",\"position\":3,\"name\":\"Paella \u00d822Cm Efficient Plus Full Induction\"}]},{\"@type\":\"WebSite\",\"@id\":\"https:\\\/\\\/www.massegur.com\\\/#website\",\"url\":\"https:\\\/\\\/www.massegur.com\\\/\",\"name\":\"Massegur\",\"description\":\"Tu proveedor de referencia\",\"potentialAction\":[{\"@type\":\"SearchAction\",\"target\":{\"@type\":\"EntryPoint\",\"urlTemplate\":\"https:\\\/\\\/www.massegur.com\\\/?s={search_term_string}\"},\"query-input\":{\"@type\":\"PropertyValueSpecification\",\"valueRequired\":true,\"valueName\":\"search_term_string\"}}],\"inLanguage\":\"ca\"}]}<\/script>\n<!-- \/ Yoast SEO plugin. -->","yoast_head_json":{"title":"Paella \u00d822Cm Efficient Plus Full Induction - Massegur","robots":{"index":"index","follow":"follow","max-snippet":"max-snippet:-1","max-image-preview":"max-image-preview:large","max-video-preview":"max-video-preview:-1"},"canonical":"https:\/\/www.massegur.com\/ca\/producto\/sarten-o22cm-eficient-plus-full-induction\/","og_locale":"ca_ES","og_type":"article","og_title":"Paella \u00d822Cm Efficient Plus Full Induction - Massegur","og_description":"Mida \u00d822Cm. Fabricades amb alumini fos indeformable de 6mm, amb antiadherent ultra resistent Teflon Profile que permet l'\u00fas d'estris met\u00e0l\u00b7lics. PFOA free. Resistencia extrema al ratllat i a l'abrasi\u00f3. Apte per tot tipus de cuines.","og_url":"https:\/\/www.massegur.com\/ca\/producto\/sarten-o22cm-eficient-plus-full-induction\/","og_site_name":"Massegur","article_modified_time":"2025-10-16T11:09:49+00:00","og_image":[{"width":450,"height":450,"url":"https:\/\/www.massegur.com\/wp-content\/uploads\/0400502-1.jpg","type":"image\/jpeg"}],"twitter_card":"summary_large_image","schema":{"@context":"https:\/\/schema.org","@graph":[{"@type":"WebPage","@id":"https:\/\/www.massegur.com\/ca\/producto\/sarten-o22cm-eficient-plus-full-induction\/","url":"https:\/\/www.massegur.com\/ca\/producto\/sarten-o22cm-eficient-plus-full-induction\/","name":"Paella \u00d822Cm Efficient Plus Full Induction - Massegur","isPartOf":{"@id":"https:\/\/www.massegur.com\/#website"},"primaryImageOfPage":{"@id":"https:\/\/www.massegur.com\/ca\/producto\/sarten-o22cm-eficient-plus-full-induction\/#primaryimage"},"image":{"@id":"https:\/\/www.massegur.com\/ca\/producto\/sarten-o22cm-eficient-plus-full-induction\/#primaryimage"},"thumbnailUrl":"https:\/\/www.massegur.com\/wp-content\/uploads\/0400502-1.jpg","datePublished":"2025-06-06T07:19:55+00:00","dateModified":"2025-10-16T11:09:49+00:00","breadcrumb":{"@id":"https:\/\/www.massegur.com\/ca\/producto\/sarten-o22cm-eficient-plus-full-induction\/#breadcrumb"},"inLanguage":"ca","potentialAction":[{"@type":"ReadAction","target":["https:\/\/www.massegur.com\/ca\/producto\/sarten-o22cm-eficient-plus-full-induction\/"]}]},{"@type":"ImageObject","inLanguage":"ca","@id":"https:\/\/www.massegur.com\/ca\/producto\/sarten-o22cm-eficient-plus-full-induction\/#primaryimage","url":"https:\/\/www.massegur.com\/wp-content\/uploads\/0400502-1.jpg","contentUrl":"https:\/\/www.massegur.com\/wp-content\/uploads\/0400502-1.jpg","width":450,"height":450},{"@type":"BreadcrumbList","@id":"https:\/\/www.massegur.com\/ca\/producto\/sarten-o22cm-eficient-plus-full-induction\/#breadcrumb","itemListElement":[{"@type":"ListItem","position":1,"name":"Portada","item":"https:\/\/www.massegur.com\/ca\/"},{"@type":"ListItem","position":2,"name":"Shop","item":"https:\/\/www.massegur.com\/tienda\/"},{"@type":"ListItem","position":3,"name":"Paella \u00d822Cm Efficient Plus Full Induction"}]},{"@type":"WebSite","@id":"https:\/\/www.massegur.com\/#website","url":"https:\/\/www.massegur.com\/","name":"Massegur","description":"Tu proveedor de referencia","potentialAction":[{"@type":"SearchAction","target":{"@type":"EntryPoint","urlTemplate":"https:\/\/www.massegur.com\/?s={search_term_string}"},"query-input":{"@type":"PropertyValueSpecification","valueRequired":true,"valueName":"search_term_string"}}],"inLanguage":"ca"}]}},"_links":{"self":[{"href":"https:\/\/www.massegur.com\/ca\/wp-json\/wp\/v2\/product\/96265","targetHints":{"allow":["GET"]}}],"collection":[{"href":"https:\/\/www.massegur.com\/ca\/wp-json\/wp\/v2\/product"}],"about":[{"href":"https:\/\/www.massegur.com\/ca\/wp-json\/wp\/v2\/types\/product"}],"replies":[{"embeddable":true,"href":"https:\/\/www.massegur.com\/ca\/wp-json\/wp\/v2\/comments?post=96265"}],"wp:featuredmedia":[{"embeddable":true,"href":"https:\/\/www.massegur.com\/ca\/wp-json\/wp\/v2\/media\/95703"}],"wp:attachment":[{"href":"https:\/\/www.massegur.com\/ca\/wp-json\/wp\/v2\/media?parent=96265"}],"wp:term":[{"taxonomy":"product_brand","embeddable":true,"href":"https:\/\/www.massegur.com\/ca\/wp-json\/wp\/v2\/product_brand?post=96265"},{"taxonomy":"product_cat","embeddable":true,"href":"https:\/\/www.massegur.com\/ca\/wp-json\/wp\/v2\/product_cat?post=96265"},{"taxonomy":"product_tag","embeddable":true,"href":"https:\/\/www.massegur.com\/ca\/wp-json\/wp\/v2\/product_tag?post=96265"}],"curies":[{"name":"wp","href":"https:\/\/api.w.org\/{rel}","templated":true}]}}