{"id":96473,"date":"2025-06-06T08:15:40","date_gmt":"2025-06-06T07:15:40","guid":{"rendered":"https:\/\/laughing-shamir.217-160-227-21.plesk.page\/producto\/espatula-flex-plastico-exoglas-35cm\/"},"modified":"2025-06-06T09:51:31","modified_gmt":"2025-06-06T08:51:31","slug":"espatula-flex-plastico-exoglas-35cm","status":"publish","type":"product","link":"https:\/\/www.massegur.com\/ca\/producto\/espatula-flex-plastico-exoglas-35cm\/","title":{"rendered":"Esp\u00e0tula Flex Pl\u00e0stic Exoglas 35Cm"},"content":{"rendered":"","protected":false},"excerpt":{"rendered":"<p>Mida 35Cm. Esp\u00e0tules flexibles fetes de teleftalat de butil\u00e8. Temperatura suportada de -40\u00baC a +220\u00baC. PFOA free. Apte pel renta plats i microones.<\/p>\n","protected":false},"featured_media":94782,"comment_status":"closed","ping_status":"closed","template":"","meta":[],"product_brand":[],"product_cat":[7135,7131],"product_tag":[],"class_list":{"0":"post-96473","1":"product","2":"type-product","3":"status-publish","4":"has-post-thumbnail","6":"product_cat-espatules-exoglass","7":"product_cat-parament-i-equipament","8":"pa_uds-caja-1-ca","9":"pa_uds-paq-1-ca","11":"first","12":"instock","13":"taxable","14":"shipping-taxable","15":"purchasable","16":"product-type-simple"},"yoast_head":"<!-- This site is optimized with the Yoast SEO plugin v27.4 - https:\/\/yoast.com\/product\/yoast-seo-wordpress\/ -->\n<title>Esp\u00e0tula Flex Pl\u00e0stic Exoglas 35Cm - Massegur<\/title>\n<meta name=\"robots\" content=\"index, follow, max-snippet:-1, max-image-preview:large, max-video-preview:-1\" \/>\n<link rel=\"canonical\" href=\"https:\/\/www.massegur.com\/producto\/espatula-flex-plastico-exoglas-35cm\/\" \/>\n<meta property=\"og:locale\" content=\"ca_ES\" \/>\n<meta property=\"og:type\" content=\"article\" \/>\n<meta property=\"og:title\" content=\"Esp\u00e0tula Flex Pl\u00e0stic Exoglas 35Cm - Massegur\" \/>\n<meta property=\"og:description\" content=\"Mida 35Cm. Esp\u00e0tules flexibles fetes de teleftalat de butil\u00e8. Temperatura suportada de -40\u00baC a +220\u00baC. PFOA free. Apte pel renta plats i microones.\" \/>\n<meta property=\"og:url\" content=\"https:\/\/www.massegur.com\/producto\/espatula-flex-plastico-exoglas-35cm\/\" \/>\n<meta property=\"og:site_name\" content=\"Massegur\" \/>\n<meta property=\"article:modified_time\" content=\"2025-06-06T08:51:31+00:00\" \/>\n<meta property=\"og:image\" content=\"https:\/\/www.massegur.com\/wp-content\/uploads\/0763083-1.jpg\" \/>\n\t<meta property=\"og:image:width\" content=\"450\" \/>\n\t<meta property=\"og:image:height\" content=\"450\" \/>\n\t<meta property=\"og:image:type\" content=\"image\/jpeg\" \/>\n<meta name=\"twitter:card\" content=\"summary_large_image\" \/>\n<script type=\"application\/ld+json\" class=\"yoast-schema-graph\">{\"@context\":\"https:\\\/\\\/schema.org\",\"@graph\":[{\"@type\":\"WebPage\",\"@id\":\"https:\\\/\\\/www.massegur.com\\\/producto\\\/espatula-flex-plastico-exoglas-35cm\\\/\",\"url\":\"https:\\\/\\\/www.massegur.com\\\/producto\\\/espatula-flex-plastico-exoglas-35cm\\\/\",\"name\":\"Esp\u00e0tula Flex Pl\u00e0stic Exoglas 35Cm - Massegur\",\"isPartOf\":{\"@id\":\"https:\\\/\\\/www.massegur.com\\\/#website\"},\"primaryImageOfPage\":{\"@id\":\"https:\\\/\\\/www.massegur.com\\\/producto\\\/espatula-flex-plastico-exoglas-35cm\\\/#primaryimage\"},\"image\":{\"@id\":\"https:\\\/\\\/www.massegur.com\\\/producto\\\/espatula-flex-plastico-exoglas-35cm\\\/#primaryimage\"},\"thumbnailUrl\":\"https:\\\/\\\/www.massegur.com\\\/wp-content\\\/uploads\\\/0763083-1.jpg\",\"datePublished\":\"2025-06-06T07:15:40+00:00\",\"dateModified\":\"2025-06-06T08:51:31+00:00\",\"breadcrumb\":{\"@id\":\"https:\\\/\\\/www.massegur.com\\\/producto\\\/espatula-flex-plastico-exoglas-35cm\\\/#breadcrumb\"},\"inLanguage\":\"ca\",\"potentialAction\":[{\"@type\":\"ReadAction\",\"target\":[\"https:\\\/\\\/www.massegur.com\\\/producto\\\/espatula-flex-plastico-exoglas-35cm\\\/\"]}]},{\"@type\":\"ImageObject\",\"inLanguage\":\"ca\",\"@id\":\"https:\\\/\\\/www.massegur.com\\\/producto\\\/espatula-flex-plastico-exoglas-35cm\\\/#primaryimage\",\"url\":\"https:\\\/\\\/www.massegur.com\\\/wp-content\\\/uploads\\\/0763083-1.jpg\",\"contentUrl\":\"https:\\\/\\\/www.massegur.com\\\/wp-content\\\/uploads\\\/0763083-1.jpg\",\"width\":450,\"height\":450},{\"@type\":\"BreadcrumbList\",\"@id\":\"https:\\\/\\\/www.massegur.com\\\/producto\\\/espatula-flex-plastico-exoglas-35cm\\\/#breadcrumb\",\"itemListElement\":[{\"@type\":\"ListItem\",\"position\":1,\"name\":\"Portada\",\"item\":\"https:\\\/\\\/www.massegur.com\\\/ca\\\/\"},{\"@type\":\"ListItem\",\"position\":2,\"name\":\"Shop\",\"item\":\"https:\\\/\\\/www.massegur.com\\\/tienda\\\/\"},{\"@type\":\"ListItem\",\"position\":3,\"name\":\"Esp\u00e0tula Flex Pl\u00e0stic Exoglas 35Cm\"}]},{\"@type\":\"WebSite\",\"@id\":\"https:\\\/\\\/www.massegur.com\\\/#website\",\"url\":\"https:\\\/\\\/www.massegur.com\\\/\",\"name\":\"Massegur\",\"description\":\"Tu proveedor de referencia\",\"potentialAction\":[{\"@type\":\"SearchAction\",\"target\":{\"@type\":\"EntryPoint\",\"urlTemplate\":\"https:\\\/\\\/www.massegur.com\\\/?s={search_term_string}\"},\"query-input\":{\"@type\":\"PropertyValueSpecification\",\"valueRequired\":true,\"valueName\":\"search_term_string\"}}],\"inLanguage\":\"ca\"}]}<\/script>\n<!-- \/ Yoast SEO plugin. -->","yoast_head_json":{"title":"Esp\u00e0tula Flex Pl\u00e0stic Exoglas 35Cm - Massegur","robots":{"index":"index","follow":"follow","max-snippet":"max-snippet:-1","max-image-preview":"max-image-preview:large","max-video-preview":"max-video-preview:-1"},"canonical":"https:\/\/www.massegur.com\/producto\/espatula-flex-plastico-exoglas-35cm\/","og_locale":"ca_ES","og_type":"article","og_title":"Esp\u00e0tula Flex Pl\u00e0stic Exoglas 35Cm - Massegur","og_description":"Mida 35Cm. Esp\u00e0tules flexibles fetes de teleftalat de butil\u00e8. Temperatura suportada de -40\u00baC a +220\u00baC. PFOA free. Apte pel renta plats i microones.","og_url":"https:\/\/www.massegur.com\/producto\/espatula-flex-plastico-exoglas-35cm\/","og_site_name":"Massegur","article_modified_time":"2025-06-06T08:51:31+00:00","og_image":[{"width":450,"height":450,"url":"https:\/\/www.massegur.com\/wp-content\/uploads\/0763083-1.jpg","type":"image\/jpeg"}],"twitter_card":"summary_large_image","schema":{"@context":"https:\/\/schema.org","@graph":[{"@type":"WebPage","@id":"https:\/\/www.massegur.com\/producto\/espatula-flex-plastico-exoglas-35cm\/","url":"https:\/\/www.massegur.com\/producto\/espatula-flex-plastico-exoglas-35cm\/","name":"Esp\u00e0tula Flex Pl\u00e0stic Exoglas 35Cm - Massegur","isPartOf":{"@id":"https:\/\/www.massegur.com\/#website"},"primaryImageOfPage":{"@id":"https:\/\/www.massegur.com\/producto\/espatula-flex-plastico-exoglas-35cm\/#primaryimage"},"image":{"@id":"https:\/\/www.massegur.com\/producto\/espatula-flex-plastico-exoglas-35cm\/#primaryimage"},"thumbnailUrl":"https:\/\/www.massegur.com\/wp-content\/uploads\/0763083-1.jpg","datePublished":"2025-06-06T07:15:40+00:00","dateModified":"2025-06-06T08:51:31+00:00","breadcrumb":{"@id":"https:\/\/www.massegur.com\/producto\/espatula-flex-plastico-exoglas-35cm\/#breadcrumb"},"inLanguage":"ca","potentialAction":[{"@type":"ReadAction","target":["https:\/\/www.massegur.com\/producto\/espatula-flex-plastico-exoglas-35cm\/"]}]},{"@type":"ImageObject","inLanguage":"ca","@id":"https:\/\/www.massegur.com\/producto\/espatula-flex-plastico-exoglas-35cm\/#primaryimage","url":"https:\/\/www.massegur.com\/wp-content\/uploads\/0763083-1.jpg","contentUrl":"https:\/\/www.massegur.com\/wp-content\/uploads\/0763083-1.jpg","width":450,"height":450},{"@type":"BreadcrumbList","@id":"https:\/\/www.massegur.com\/producto\/espatula-flex-plastico-exoglas-35cm\/#breadcrumb","itemListElement":[{"@type":"ListItem","position":1,"name":"Portada","item":"https:\/\/www.massegur.com\/ca\/"},{"@type":"ListItem","position":2,"name":"Shop","item":"https:\/\/www.massegur.com\/tienda\/"},{"@type":"ListItem","position":3,"name":"Esp\u00e0tula Flex Pl\u00e0stic Exoglas 35Cm"}]},{"@type":"WebSite","@id":"https:\/\/www.massegur.com\/#website","url":"https:\/\/www.massegur.com\/","name":"Massegur","description":"Tu proveedor de referencia","potentialAction":[{"@type":"SearchAction","target":{"@type":"EntryPoint","urlTemplate":"https:\/\/www.massegur.com\/?s={search_term_string}"},"query-input":{"@type":"PropertyValueSpecification","valueRequired":true,"valueName":"search_term_string"}}],"inLanguage":"ca"}]}},"_links":{"self":[{"href":"https:\/\/www.massegur.com\/ca\/wp-json\/wp\/v2\/product\/96473","targetHints":{"allow":["GET"]}}],"collection":[{"href":"https:\/\/www.massegur.com\/ca\/wp-json\/wp\/v2\/product"}],"about":[{"href":"https:\/\/www.massegur.com\/ca\/wp-json\/wp\/v2\/types\/product"}],"replies":[{"embeddable":true,"href":"https:\/\/www.massegur.com\/ca\/wp-json\/wp\/v2\/comments?post=96473"}],"wp:featuredmedia":[{"embeddable":true,"href":"https:\/\/www.massegur.com\/ca\/wp-json\/wp\/v2\/media\/94782"}],"wp:attachment":[{"href":"https:\/\/www.massegur.com\/ca\/wp-json\/wp\/v2\/media?parent=96473"}],"wp:term":[{"taxonomy":"product_brand","embeddable":true,"href":"https:\/\/www.massegur.com\/ca\/wp-json\/wp\/v2\/product_brand?post=96473"},{"taxonomy":"product_cat","embeddable":true,"href":"https:\/\/www.massegur.com\/ca\/wp-json\/wp\/v2\/product_cat?post=96473"},{"taxonomy":"product_tag","embeddable":true,"href":"https:\/\/www.massegur.com\/ca\/wp-json\/wp\/v2\/product_tag?post=96473"}],"curies":[{"name":"wp","href":"https:\/\/api.w.org\/{rel}","templated":true}]}}