{"id":96737,"date":"2025-06-06T08:16:43","date_gmt":"2025-06-06T07:16:43","guid":{"rendered":"https:\/\/laughing-shamir.217-160-227-21.plesk.page\/producto\/guante-anticorte-malla-metal-azul-l\/"},"modified":"2025-06-06T09:47:34","modified_gmt":"2025-06-06T08:47:34","slug":"guante-anticorte-malla-metal-azul-l","status":"publish","type":"product","link":"https:\/\/www.massegur.com\/ca\/producto\/guante-anticorte-malla-metal-azul-l\/","title":{"rendered":"Guant Antitall Malla Metal Blau L"},"content":{"rendered":"","protected":false},"excerpt":{"rendered":"<p>Talla L &#8211; mida 9 &#8211; 192mm per\u00edmetre m\u00e0. Ideal per l&#8217;\u00fas amb mandolines professionals. Reversible per m\u00e0 dreta i m\u00e0 esquerra. Disseny de corretja extra\u00efble i protecci\u00f3 completa de la m\u00e0. F\u00e0cils de rentar i desinfectar.<\/p>\n","protected":false},"featured_media":95013,"comment_status":"closed","ping_status":"closed","template":"","meta":[],"product_brand":[],"product_cat":[7230,7131],"product_tag":[],"class_list":{"0":"post-96737","1":"product","2":"type-product","3":"status-publish","4":"has-post-thumbnail","6":"product_cat-guants-proteccio-inox","7":"product_cat-parament-i-equipament","8":"pa_uds-caja-1-ca","9":"pa_uds-paq-1-ca","11":"first","12":"instock","13":"taxable","14":"shipping-taxable","15":"purchasable","16":"product-type-simple"},"yoast_head":"<!-- This site is optimized with the Yoast SEO plugin v27.4 - https:\/\/yoast.com\/product\/yoast-seo-wordpress\/ -->\n<title>Guant Antitall Malla Metal Blau L - Massegur<\/title>\n<meta name=\"robots\" content=\"index, follow, max-snippet:-1, max-image-preview:large, max-video-preview:-1\" \/>\n<link rel=\"canonical\" href=\"https:\/\/www.massegur.com\/producto\/guante-anticorte-malla-metal-azul-l\/\" \/>\n<meta property=\"og:locale\" content=\"ca_ES\" \/>\n<meta property=\"og:type\" content=\"article\" \/>\n<meta property=\"og:title\" content=\"Guant Antitall Malla Metal Blau L - Massegur\" \/>\n<meta property=\"og:description\" content=\"Talla L - mida 9 - 192mm per\u00edmetre m\u00e0. Ideal per l&#039;\u00fas amb mandolines professionals. Reversible per m\u00e0 dreta i m\u00e0 esquerra. Disseny de corretja extra\u00efble i protecci\u00f3 completa de la m\u00e0. F\u00e0cils de rentar i desinfectar.\" \/>\n<meta property=\"og:url\" content=\"https:\/\/www.massegur.com\/producto\/guante-anticorte-malla-metal-azul-l\/\" \/>\n<meta property=\"og:site_name\" content=\"Massegur\" \/>\n<meta property=\"article:modified_time\" content=\"2025-06-06T08:47:34+00:00\" \/>\n<meta property=\"og:image\" content=\"https:\/\/www.massegur.com\/wp-content\/uploads\/0400420-1.jpg\" \/>\n\t<meta property=\"og:image:width\" content=\"450\" \/>\n\t<meta property=\"og:image:height\" content=\"450\" \/>\n\t<meta property=\"og:image:type\" content=\"image\/jpeg\" \/>\n<meta name=\"twitter:card\" content=\"summary_large_image\" \/>\n<script type=\"application\/ld+json\" class=\"yoast-schema-graph\">{\"@context\":\"https:\\\/\\\/schema.org\",\"@graph\":[{\"@type\":\"WebPage\",\"@id\":\"https:\\\/\\\/www.massegur.com\\\/producto\\\/guante-anticorte-malla-metal-azul-l\\\/\",\"url\":\"https:\\\/\\\/www.massegur.com\\\/producto\\\/guante-anticorte-malla-metal-azul-l\\\/\",\"name\":\"Guant Antitall Malla Metal Blau L - Massegur\",\"isPartOf\":{\"@id\":\"https:\\\/\\\/www.massegur.com\\\/#website\"},\"primaryImageOfPage\":{\"@id\":\"https:\\\/\\\/www.massegur.com\\\/producto\\\/guante-anticorte-malla-metal-azul-l\\\/#primaryimage\"},\"image\":{\"@id\":\"https:\\\/\\\/www.massegur.com\\\/producto\\\/guante-anticorte-malla-metal-azul-l\\\/#primaryimage\"},\"thumbnailUrl\":\"https:\\\/\\\/www.massegur.com\\\/wp-content\\\/uploads\\\/0400420-1.jpg\",\"datePublished\":\"2025-06-06T07:16:43+00:00\",\"dateModified\":\"2025-06-06T08:47:34+00:00\",\"breadcrumb\":{\"@id\":\"https:\\\/\\\/www.massegur.com\\\/producto\\\/guante-anticorte-malla-metal-azul-l\\\/#breadcrumb\"},\"inLanguage\":\"ca\",\"potentialAction\":[{\"@type\":\"ReadAction\",\"target\":[\"https:\\\/\\\/www.massegur.com\\\/producto\\\/guante-anticorte-malla-metal-azul-l\\\/\"]}]},{\"@type\":\"ImageObject\",\"inLanguage\":\"ca\",\"@id\":\"https:\\\/\\\/www.massegur.com\\\/producto\\\/guante-anticorte-malla-metal-azul-l\\\/#primaryimage\",\"url\":\"https:\\\/\\\/www.massegur.com\\\/wp-content\\\/uploads\\\/0400420-1.jpg\",\"contentUrl\":\"https:\\\/\\\/www.massegur.com\\\/wp-content\\\/uploads\\\/0400420-1.jpg\",\"width\":450,\"height\":450},{\"@type\":\"BreadcrumbList\",\"@id\":\"https:\\\/\\\/www.massegur.com\\\/producto\\\/guante-anticorte-malla-metal-azul-l\\\/#breadcrumb\",\"itemListElement\":[{\"@type\":\"ListItem\",\"position\":1,\"name\":\"Portada\",\"item\":\"https:\\\/\\\/www.massegur.com\\\/ca\\\/\"},{\"@type\":\"ListItem\",\"position\":2,\"name\":\"Shop\",\"item\":\"https:\\\/\\\/www.massegur.com\\\/tienda\\\/\"},{\"@type\":\"ListItem\",\"position\":3,\"name\":\"Guant Antitall Malla Metal Blau L\"}]},{\"@type\":\"WebSite\",\"@id\":\"https:\\\/\\\/www.massegur.com\\\/#website\",\"url\":\"https:\\\/\\\/www.massegur.com\\\/\",\"name\":\"Massegur\",\"description\":\"Tu proveedor de referencia\",\"potentialAction\":[{\"@type\":\"SearchAction\",\"target\":{\"@type\":\"EntryPoint\",\"urlTemplate\":\"https:\\\/\\\/www.massegur.com\\\/?s={search_term_string}\"},\"query-input\":{\"@type\":\"PropertyValueSpecification\",\"valueRequired\":true,\"valueName\":\"search_term_string\"}}],\"inLanguage\":\"ca\"}]}<\/script>\n<!-- \/ Yoast SEO plugin. -->","yoast_head_json":{"title":"Guant Antitall Malla Metal Blau L - Massegur","robots":{"index":"index","follow":"follow","max-snippet":"max-snippet:-1","max-image-preview":"max-image-preview:large","max-video-preview":"max-video-preview:-1"},"canonical":"https:\/\/www.massegur.com\/producto\/guante-anticorte-malla-metal-azul-l\/","og_locale":"ca_ES","og_type":"article","og_title":"Guant Antitall Malla Metal Blau L - Massegur","og_description":"Talla L - mida 9 - 192mm per\u00edmetre m\u00e0. Ideal per l'\u00fas amb mandolines professionals. Reversible per m\u00e0 dreta i m\u00e0 esquerra. Disseny de corretja extra\u00efble i protecci\u00f3 completa de la m\u00e0. F\u00e0cils de rentar i desinfectar.","og_url":"https:\/\/www.massegur.com\/producto\/guante-anticorte-malla-metal-azul-l\/","og_site_name":"Massegur","article_modified_time":"2025-06-06T08:47:34+00:00","og_image":[{"width":450,"height":450,"url":"https:\/\/www.massegur.com\/wp-content\/uploads\/0400420-1.jpg","type":"image\/jpeg"}],"twitter_card":"summary_large_image","schema":{"@context":"https:\/\/schema.org","@graph":[{"@type":"WebPage","@id":"https:\/\/www.massegur.com\/producto\/guante-anticorte-malla-metal-azul-l\/","url":"https:\/\/www.massegur.com\/producto\/guante-anticorte-malla-metal-azul-l\/","name":"Guant Antitall Malla Metal Blau L - Massegur","isPartOf":{"@id":"https:\/\/www.massegur.com\/#website"},"primaryImageOfPage":{"@id":"https:\/\/www.massegur.com\/producto\/guante-anticorte-malla-metal-azul-l\/#primaryimage"},"image":{"@id":"https:\/\/www.massegur.com\/producto\/guante-anticorte-malla-metal-azul-l\/#primaryimage"},"thumbnailUrl":"https:\/\/www.massegur.com\/wp-content\/uploads\/0400420-1.jpg","datePublished":"2025-06-06T07:16:43+00:00","dateModified":"2025-06-06T08:47:34+00:00","breadcrumb":{"@id":"https:\/\/www.massegur.com\/producto\/guante-anticorte-malla-metal-azul-l\/#breadcrumb"},"inLanguage":"ca","potentialAction":[{"@type":"ReadAction","target":["https:\/\/www.massegur.com\/producto\/guante-anticorte-malla-metal-azul-l\/"]}]},{"@type":"ImageObject","inLanguage":"ca","@id":"https:\/\/www.massegur.com\/producto\/guante-anticorte-malla-metal-azul-l\/#primaryimage","url":"https:\/\/www.massegur.com\/wp-content\/uploads\/0400420-1.jpg","contentUrl":"https:\/\/www.massegur.com\/wp-content\/uploads\/0400420-1.jpg","width":450,"height":450},{"@type":"BreadcrumbList","@id":"https:\/\/www.massegur.com\/producto\/guante-anticorte-malla-metal-azul-l\/#breadcrumb","itemListElement":[{"@type":"ListItem","position":1,"name":"Portada","item":"https:\/\/www.massegur.com\/ca\/"},{"@type":"ListItem","position":2,"name":"Shop","item":"https:\/\/www.massegur.com\/tienda\/"},{"@type":"ListItem","position":3,"name":"Guant Antitall Malla Metal Blau L"}]},{"@type":"WebSite","@id":"https:\/\/www.massegur.com\/#website","url":"https:\/\/www.massegur.com\/","name":"Massegur","description":"Tu proveedor de referencia","potentialAction":[{"@type":"SearchAction","target":{"@type":"EntryPoint","urlTemplate":"https:\/\/www.massegur.com\/?s={search_term_string}"},"query-input":{"@type":"PropertyValueSpecification","valueRequired":true,"valueName":"search_term_string"}}],"inLanguage":"ca"}]}},"_links":{"self":[{"href":"https:\/\/www.massegur.com\/ca\/wp-json\/wp\/v2\/product\/96737","targetHints":{"allow":["GET"]}}],"collection":[{"href":"https:\/\/www.massegur.com\/ca\/wp-json\/wp\/v2\/product"}],"about":[{"href":"https:\/\/www.massegur.com\/ca\/wp-json\/wp\/v2\/types\/product"}],"replies":[{"embeddable":true,"href":"https:\/\/www.massegur.com\/ca\/wp-json\/wp\/v2\/comments?post=96737"}],"wp:featuredmedia":[{"embeddable":true,"href":"https:\/\/www.massegur.com\/ca\/wp-json\/wp\/v2\/media\/95013"}],"wp:attachment":[{"href":"https:\/\/www.massegur.com\/ca\/wp-json\/wp\/v2\/media?parent=96737"}],"wp:term":[{"taxonomy":"product_brand","embeddable":true,"href":"https:\/\/www.massegur.com\/ca\/wp-json\/wp\/v2\/product_brand?post=96737"},{"taxonomy":"product_cat","embeddable":true,"href":"https:\/\/www.massegur.com\/ca\/wp-json\/wp\/v2\/product_cat?post=96737"},{"taxonomy":"product_tag","embeddable":true,"href":"https:\/\/www.massegur.com\/ca\/wp-json\/wp\/v2\/product_tag?post=96737"}],"curies":[{"name":"wp","href":"https:\/\/api.w.org\/{rel}","templated":true}]}}