{"id":96858,"date":"2025-06-06T08:11:50","date_gmt":"2025-06-06T07:11:50","guid":{"rendered":"https:\/\/laughing-shamir.217-160-227-21.plesk.page\/producto\/cubeta-gn-1-1-200mm-255l-policarbonado\/"},"modified":"2025-06-06T09:49:06","modified_gmt":"2025-06-06T08:49:06","slug":"cubeta-gn-1-1-200mm-255l-policarbonado","status":"publish","type":"product","link":"https:\/\/www.massegur.com\/ca\/producto\/cubeta-gn-1-1-200mm-255l-policarbonado\/","title":{"rendered":"Cubeta GN 1\/1 200mm 25,5L Policarbonat"},"content":{"rendered":"","protected":false},"excerpt":{"rendered":"<p>Mida 530x325x200mm &#8211; 25,5L. Emmagatzematge de productes en frigor\u00edfics. Fabricada en policarbonat amb gran transpar\u00e8ncia i resist\u00e8ncia a impactes. Suporta temperatures d&#8217;entre -40\u00baC fins a +130\u00baC. Apilables i compatibles amb tapes polinorm.<\/p>\n","protected":false},"featured_media":94351,"comment_status":"closed","ping_status":"closed","template":"","meta":[],"product_brand":[],"product_cat":[7258,7131],"product_tag":[],"class_list":{"0":"post-96858","1":"product","2":"type-product","3":"status-publish","4":"has-post-thumbnail","6":"product_cat-cubetes-gastronorm-policarbonat","7":"product_cat-parament-i-equipament","8":"pa_uds-caja-1-ca","9":"pa_uds-paq-1-ca","11":"first","12":"instock","13":"taxable","14":"shipping-taxable","15":"purchasable","16":"product-type-simple"},"yoast_head":"<!-- This site is optimized with the Yoast SEO plugin v27.4 - https:\/\/yoast.com\/product\/yoast-seo-wordpress\/ -->\n<title>Cubeta GN 1\/1 200mm 25,5L Policarbonat - Massegur<\/title>\n<meta name=\"robots\" content=\"index, follow, max-snippet:-1, max-image-preview:large, max-video-preview:-1\" \/>\n<link rel=\"canonical\" href=\"https:\/\/www.massegur.com\/producto\/cubeta-gn-1-1-200mm-255l-policarbonado-2\/\" \/>\n<meta property=\"og:locale\" content=\"ca_ES\" \/>\n<meta property=\"og:type\" content=\"article\" \/>\n<meta property=\"og:title\" content=\"Cubeta GN 1\/1 200mm 25,5L Policarbonat - Massegur\" \/>\n<meta property=\"og:description\" content=\"Mida 530x325x200mm - 25,5L. Emmagatzematge de productes en frigor\u00edfics. Fabricada en policarbonat amb gran transpar\u00e8ncia i resist\u00e8ncia a impactes. Suporta temperatures d&#039;entre -40\u00baC fins a +130\u00baC. Apilables i compatibles amb tapes polinorm.\" \/>\n<meta property=\"og:url\" content=\"https:\/\/www.massegur.com\/producto\/cubeta-gn-1-1-200mm-255l-policarbonado-2\/\" \/>\n<meta property=\"og:site_name\" content=\"Massegur\" \/>\n<meta property=\"article:modified_time\" content=\"2025-06-06T08:49:06+00:00\" \/>\n<meta property=\"og:image\" content=\"https:\/\/www.massegur.com\/wp-content\/uploads\/0604204-1.jpg\" \/>\n\t<meta property=\"og:image:width\" content=\"450\" \/>\n\t<meta property=\"og:image:height\" content=\"450\" \/>\n\t<meta property=\"og:image:type\" content=\"image\/jpeg\" \/>\n<meta name=\"twitter:card\" content=\"summary_large_image\" \/>\n<script type=\"application\/ld+json\" class=\"yoast-schema-graph\">{\"@context\":\"https:\\\/\\\/schema.org\",\"@graph\":[{\"@type\":\"WebPage\",\"@id\":\"https:\\\/\\\/www.massegur.com\\\/producto\\\/cubeta-gn-1-1-200mm-255l-policarbonado-2\\\/\",\"url\":\"https:\\\/\\\/www.massegur.com\\\/producto\\\/cubeta-gn-1-1-200mm-255l-policarbonado-2\\\/\",\"name\":\"Cubeta GN 1\\\/1 200mm 25,5L Policarbonat - Massegur\",\"isPartOf\":{\"@id\":\"https:\\\/\\\/www.massegur.com\\\/#website\"},\"primaryImageOfPage\":{\"@id\":\"https:\\\/\\\/www.massegur.com\\\/producto\\\/cubeta-gn-1-1-200mm-255l-policarbonado-2\\\/#primaryimage\"},\"image\":{\"@id\":\"https:\\\/\\\/www.massegur.com\\\/producto\\\/cubeta-gn-1-1-200mm-255l-policarbonado-2\\\/#primaryimage\"},\"thumbnailUrl\":\"https:\\\/\\\/www.massegur.com\\\/wp-content\\\/uploads\\\/0604204-1.jpg\",\"datePublished\":\"2025-06-06T07:11:50+00:00\",\"dateModified\":\"2025-06-06T08:49:06+00:00\",\"breadcrumb\":{\"@id\":\"https:\\\/\\\/www.massegur.com\\\/producto\\\/cubeta-gn-1-1-200mm-255l-policarbonado-2\\\/#breadcrumb\"},\"inLanguage\":\"ca\",\"potentialAction\":[{\"@type\":\"ReadAction\",\"target\":[\"https:\\\/\\\/www.massegur.com\\\/producto\\\/cubeta-gn-1-1-200mm-255l-policarbonado-2\\\/\"]}]},{\"@type\":\"ImageObject\",\"inLanguage\":\"ca\",\"@id\":\"https:\\\/\\\/www.massegur.com\\\/producto\\\/cubeta-gn-1-1-200mm-255l-policarbonado-2\\\/#primaryimage\",\"url\":\"https:\\\/\\\/www.massegur.com\\\/wp-content\\\/uploads\\\/0604204-1.jpg\",\"contentUrl\":\"https:\\\/\\\/www.massegur.com\\\/wp-content\\\/uploads\\\/0604204-1.jpg\",\"width\":450,\"height\":450},{\"@type\":\"BreadcrumbList\",\"@id\":\"https:\\\/\\\/www.massegur.com\\\/producto\\\/cubeta-gn-1-1-200mm-255l-policarbonado-2\\\/#breadcrumb\",\"itemListElement\":[{\"@type\":\"ListItem\",\"position\":1,\"name\":\"Portada\",\"item\":\"https:\\\/\\\/www.massegur.com\\\/ca\\\/\"},{\"@type\":\"ListItem\",\"position\":2,\"name\":\"Shop\",\"item\":\"https:\\\/\\\/www.massegur.com\\\/tienda\\\/\"},{\"@type\":\"ListItem\",\"position\":3,\"name\":\"Cubeta GN 1\\\/1 200mm 25,5L Policarbonat\"}]},{\"@type\":\"WebSite\",\"@id\":\"https:\\\/\\\/www.massegur.com\\\/#website\",\"url\":\"https:\\\/\\\/www.massegur.com\\\/\",\"name\":\"Massegur\",\"description\":\"Tu proveedor de referencia\",\"potentialAction\":[{\"@type\":\"SearchAction\",\"target\":{\"@type\":\"EntryPoint\",\"urlTemplate\":\"https:\\\/\\\/www.massegur.com\\\/?s={search_term_string}\"},\"query-input\":{\"@type\":\"PropertyValueSpecification\",\"valueRequired\":true,\"valueName\":\"search_term_string\"}}],\"inLanguage\":\"ca\"}]}<\/script>\n<!-- \/ Yoast SEO plugin. -->","yoast_head_json":{"title":"Cubeta GN 1\/1 200mm 25,5L Policarbonat - Massegur","robots":{"index":"index","follow":"follow","max-snippet":"max-snippet:-1","max-image-preview":"max-image-preview:large","max-video-preview":"max-video-preview:-1"},"canonical":"https:\/\/www.massegur.com\/producto\/cubeta-gn-1-1-200mm-255l-policarbonado-2\/","og_locale":"ca_ES","og_type":"article","og_title":"Cubeta GN 1\/1 200mm 25,5L Policarbonat - Massegur","og_description":"Mida 530x325x200mm - 25,5L. Emmagatzematge de productes en frigor\u00edfics. Fabricada en policarbonat amb gran transpar\u00e8ncia i resist\u00e8ncia a impactes. Suporta temperatures d'entre -40\u00baC fins a +130\u00baC. Apilables i compatibles amb tapes polinorm.","og_url":"https:\/\/www.massegur.com\/producto\/cubeta-gn-1-1-200mm-255l-policarbonado-2\/","og_site_name":"Massegur","article_modified_time":"2025-06-06T08:49:06+00:00","og_image":[{"width":450,"height":450,"url":"https:\/\/www.massegur.com\/wp-content\/uploads\/0604204-1.jpg","type":"image\/jpeg"}],"twitter_card":"summary_large_image","schema":{"@context":"https:\/\/schema.org","@graph":[{"@type":"WebPage","@id":"https:\/\/www.massegur.com\/producto\/cubeta-gn-1-1-200mm-255l-policarbonado-2\/","url":"https:\/\/www.massegur.com\/producto\/cubeta-gn-1-1-200mm-255l-policarbonado-2\/","name":"Cubeta GN 1\/1 200mm 25,5L Policarbonat - Massegur","isPartOf":{"@id":"https:\/\/www.massegur.com\/#website"},"primaryImageOfPage":{"@id":"https:\/\/www.massegur.com\/producto\/cubeta-gn-1-1-200mm-255l-policarbonado-2\/#primaryimage"},"image":{"@id":"https:\/\/www.massegur.com\/producto\/cubeta-gn-1-1-200mm-255l-policarbonado-2\/#primaryimage"},"thumbnailUrl":"https:\/\/www.massegur.com\/wp-content\/uploads\/0604204-1.jpg","datePublished":"2025-06-06T07:11:50+00:00","dateModified":"2025-06-06T08:49:06+00:00","breadcrumb":{"@id":"https:\/\/www.massegur.com\/producto\/cubeta-gn-1-1-200mm-255l-policarbonado-2\/#breadcrumb"},"inLanguage":"ca","potentialAction":[{"@type":"ReadAction","target":["https:\/\/www.massegur.com\/producto\/cubeta-gn-1-1-200mm-255l-policarbonado-2\/"]}]},{"@type":"ImageObject","inLanguage":"ca","@id":"https:\/\/www.massegur.com\/producto\/cubeta-gn-1-1-200mm-255l-policarbonado-2\/#primaryimage","url":"https:\/\/www.massegur.com\/wp-content\/uploads\/0604204-1.jpg","contentUrl":"https:\/\/www.massegur.com\/wp-content\/uploads\/0604204-1.jpg","width":450,"height":450},{"@type":"BreadcrumbList","@id":"https:\/\/www.massegur.com\/producto\/cubeta-gn-1-1-200mm-255l-policarbonado-2\/#breadcrumb","itemListElement":[{"@type":"ListItem","position":1,"name":"Portada","item":"https:\/\/www.massegur.com\/ca\/"},{"@type":"ListItem","position":2,"name":"Shop","item":"https:\/\/www.massegur.com\/tienda\/"},{"@type":"ListItem","position":3,"name":"Cubeta GN 1\/1 200mm 25,5L Policarbonat"}]},{"@type":"WebSite","@id":"https:\/\/www.massegur.com\/#website","url":"https:\/\/www.massegur.com\/","name":"Massegur","description":"Tu proveedor de referencia","potentialAction":[{"@type":"SearchAction","target":{"@type":"EntryPoint","urlTemplate":"https:\/\/www.massegur.com\/?s={search_term_string}"},"query-input":{"@type":"PropertyValueSpecification","valueRequired":true,"valueName":"search_term_string"}}],"inLanguage":"ca"}]}},"_links":{"self":[{"href":"https:\/\/www.massegur.com\/ca\/wp-json\/wp\/v2\/product\/96858","targetHints":{"allow":["GET"]}}],"collection":[{"href":"https:\/\/www.massegur.com\/ca\/wp-json\/wp\/v2\/product"}],"about":[{"href":"https:\/\/www.massegur.com\/ca\/wp-json\/wp\/v2\/types\/product"}],"replies":[{"embeddable":true,"href":"https:\/\/www.massegur.com\/ca\/wp-json\/wp\/v2\/comments?post=96858"}],"wp:featuredmedia":[{"embeddable":true,"href":"https:\/\/www.massegur.com\/ca\/wp-json\/wp\/v2\/media\/94351"}],"wp:attachment":[{"href":"https:\/\/www.massegur.com\/ca\/wp-json\/wp\/v2\/media?parent=96858"}],"wp:term":[{"taxonomy":"product_brand","embeddable":true,"href":"https:\/\/www.massegur.com\/ca\/wp-json\/wp\/v2\/product_brand?post=96858"},{"taxonomy":"product_cat","embeddable":true,"href":"https:\/\/www.massegur.com\/ca\/wp-json\/wp\/v2\/product_cat?post=96858"},{"taxonomy":"product_tag","embeddable":true,"href":"https:\/\/www.massegur.com\/ca\/wp-json\/wp\/v2\/product_tag?post=96858"}],"curies":[{"name":"wp","href":"https:\/\/api.w.org\/{rel}","templated":true}]}}