{"id":96943,"date":"2025-06-06T08:09:22","date_gmt":"2025-06-06T07:09:22","guid":{"rendered":"https:\/\/laughing-shamir.217-160-227-21.plesk.page\/producto\/bol-classic-o12cm-300cc-apilable\/"},"modified":"2025-10-16T11:41:50","modified_gmt":"2025-10-16T10:41:50","slug":"bol-classic-o12cm-300cc-apilable","status":"publish","type":"product","link":"https:\/\/www.massegur.com\/ca\/producto\/bol-classic-o12cm-300cc-apilable\/","title":{"rendered":"Bol Classic \u00d812Cm 300cc Apilable"},"content":{"rendered":"","protected":false},"excerpt":{"rendered":"<p>Mida \u00d812Cm &#8211; 300cc. Amb ales amples, forma rodona i feror\u00e7at a les vores. Porcellana blanca dura, amb esmaltat vitrificat d&#8217;alta reist\u00e8ncia i qualitat. Permet opcions combinades amb peces d&#8217;altres coleccions. Apte pel rentaplats.<\/p>\n","protected":false},"featured_media":93796,"comment_status":"closed","ping_status":"closed","template":"","meta":[],"product_brand":[],"product_cat":[7131,7191],"product_tag":[],"class_list":{"0":"post-96943","1":"product","2":"type-product","3":"status-publish","4":"has-post-thumbnail","6":"product_cat-parament-i-equipament","7":"product_cat-vaixella-porcellana-col-leccio-classic","8":"pa_uds-caja-24-ca","10":"first","11":"instock","12":"taxable","13":"shipping-taxable","14":"purchasable","15":"product-type-simple"},"yoast_head":"<!-- This site is optimized with the Yoast SEO plugin v27.4 - https:\/\/yoast.com\/product\/yoast-seo-wordpress\/ -->\n<title>Bol Classic \u00d812Cm 300cc Apilable - Massegur<\/title>\n<meta name=\"robots\" content=\"index, follow, max-snippet:-1, max-image-preview:large, max-video-preview:-1\" \/>\n<link rel=\"canonical\" href=\"https:\/\/www.massegur.com\/ca\/producto\/bol-classic-o12cm-300cc-apilable\/\" \/>\n<meta property=\"og:locale\" content=\"ca_ES\" \/>\n<meta property=\"og:type\" content=\"article\" \/>\n<meta property=\"og:title\" content=\"Bol Classic \u00d812Cm 300cc Apilable - Massegur\" \/>\n<meta property=\"og:description\" content=\"Mida \u00d812Cm - 300cc. Amb ales amples, forma rodona i feror\u00e7at a les vores. Porcellana blanca dura, amb esmaltat vitrificat d&#039;alta reist\u00e8ncia i qualitat. Permet opcions combinades amb peces d&#039;altres coleccions. Apte pel rentaplats.\" \/>\n<meta property=\"og:url\" content=\"https:\/\/www.massegur.com\/ca\/producto\/bol-classic-o12cm-300cc-apilable\/\" \/>\n<meta property=\"og:site_name\" content=\"Massegur\" \/>\n<meta property=\"article:modified_time\" content=\"2025-10-16T10:41:50+00:00\" \/>\n<meta property=\"og:image\" content=\"https:\/\/www.massegur.com\/wp-content\/uploads\/0785532-1.jpg\" \/>\n\t<meta property=\"og:image:width\" content=\"450\" \/>\n\t<meta property=\"og:image:height\" content=\"450\" \/>\n\t<meta property=\"og:image:type\" content=\"image\/jpeg\" \/>\n<meta name=\"twitter:card\" content=\"summary_large_image\" \/>\n<script type=\"application\/ld+json\" class=\"yoast-schema-graph\">{\"@context\":\"https:\\\/\\\/schema.org\",\"@graph\":[{\"@type\":\"WebPage\",\"@id\":\"https:\\\/\\\/www.massegur.com\\\/ca\\\/producto\\\/bol-classic-o12cm-300cc-apilable\\\/\",\"url\":\"https:\\\/\\\/www.massegur.com\\\/ca\\\/producto\\\/bol-classic-o12cm-300cc-apilable\\\/\",\"name\":\"Bol Classic \u00d812Cm 300cc Apilable - Massegur\",\"isPartOf\":{\"@id\":\"https:\\\/\\\/www.massegur.com\\\/#website\"},\"primaryImageOfPage\":{\"@id\":\"https:\\\/\\\/www.massegur.com\\\/ca\\\/producto\\\/bol-classic-o12cm-300cc-apilable\\\/#primaryimage\"},\"image\":{\"@id\":\"https:\\\/\\\/www.massegur.com\\\/ca\\\/producto\\\/bol-classic-o12cm-300cc-apilable\\\/#primaryimage\"},\"thumbnailUrl\":\"https:\\\/\\\/www.massegur.com\\\/wp-content\\\/uploads\\\/0785532-1.jpg\",\"datePublished\":\"2025-06-06T07:09:22+00:00\",\"dateModified\":\"2025-10-16T10:41:50+00:00\",\"breadcrumb\":{\"@id\":\"https:\\\/\\\/www.massegur.com\\\/ca\\\/producto\\\/bol-classic-o12cm-300cc-apilable\\\/#breadcrumb\"},\"inLanguage\":\"ca\",\"potentialAction\":[{\"@type\":\"ReadAction\",\"target\":[\"https:\\\/\\\/www.massegur.com\\\/ca\\\/producto\\\/bol-classic-o12cm-300cc-apilable\\\/\"]}]},{\"@type\":\"ImageObject\",\"inLanguage\":\"ca\",\"@id\":\"https:\\\/\\\/www.massegur.com\\\/ca\\\/producto\\\/bol-classic-o12cm-300cc-apilable\\\/#primaryimage\",\"url\":\"https:\\\/\\\/www.massegur.com\\\/wp-content\\\/uploads\\\/0785532-1.jpg\",\"contentUrl\":\"https:\\\/\\\/www.massegur.com\\\/wp-content\\\/uploads\\\/0785532-1.jpg\",\"width\":450,\"height\":450},{\"@type\":\"BreadcrumbList\",\"@id\":\"https:\\\/\\\/www.massegur.com\\\/ca\\\/producto\\\/bol-classic-o12cm-300cc-apilable\\\/#breadcrumb\",\"itemListElement\":[{\"@type\":\"ListItem\",\"position\":1,\"name\":\"Portada\",\"item\":\"https:\\\/\\\/www.massegur.com\\\/ca\\\/\"},{\"@type\":\"ListItem\",\"position\":2,\"name\":\"Shop\",\"item\":\"https:\\\/\\\/www.massegur.com\\\/tienda\\\/\"},{\"@type\":\"ListItem\",\"position\":3,\"name\":\"Bol Classic \u00d812Cm 300cc Apilable\"}]},{\"@type\":\"WebSite\",\"@id\":\"https:\\\/\\\/www.massegur.com\\\/#website\",\"url\":\"https:\\\/\\\/www.massegur.com\\\/\",\"name\":\"Massegur\",\"description\":\"Tu proveedor de referencia\",\"potentialAction\":[{\"@type\":\"SearchAction\",\"target\":{\"@type\":\"EntryPoint\",\"urlTemplate\":\"https:\\\/\\\/www.massegur.com\\\/?s={search_term_string}\"},\"query-input\":{\"@type\":\"PropertyValueSpecification\",\"valueRequired\":true,\"valueName\":\"search_term_string\"}}],\"inLanguage\":\"ca\"}]}<\/script>\n<!-- \/ Yoast SEO plugin. -->","yoast_head_json":{"title":"Bol Classic \u00d812Cm 300cc Apilable - Massegur","robots":{"index":"index","follow":"follow","max-snippet":"max-snippet:-1","max-image-preview":"max-image-preview:large","max-video-preview":"max-video-preview:-1"},"canonical":"https:\/\/www.massegur.com\/ca\/producto\/bol-classic-o12cm-300cc-apilable\/","og_locale":"ca_ES","og_type":"article","og_title":"Bol Classic \u00d812Cm 300cc Apilable - Massegur","og_description":"Mida \u00d812Cm - 300cc. Amb ales amples, forma rodona i feror\u00e7at a les vores. Porcellana blanca dura, amb esmaltat vitrificat d'alta reist\u00e8ncia i qualitat. Permet opcions combinades amb peces d'altres coleccions. Apte pel rentaplats.","og_url":"https:\/\/www.massegur.com\/ca\/producto\/bol-classic-o12cm-300cc-apilable\/","og_site_name":"Massegur","article_modified_time":"2025-10-16T10:41:50+00:00","og_image":[{"width":450,"height":450,"url":"https:\/\/www.massegur.com\/wp-content\/uploads\/0785532-1.jpg","type":"image\/jpeg"}],"twitter_card":"summary_large_image","schema":{"@context":"https:\/\/schema.org","@graph":[{"@type":"WebPage","@id":"https:\/\/www.massegur.com\/ca\/producto\/bol-classic-o12cm-300cc-apilable\/","url":"https:\/\/www.massegur.com\/ca\/producto\/bol-classic-o12cm-300cc-apilable\/","name":"Bol Classic \u00d812Cm 300cc Apilable - Massegur","isPartOf":{"@id":"https:\/\/www.massegur.com\/#website"},"primaryImageOfPage":{"@id":"https:\/\/www.massegur.com\/ca\/producto\/bol-classic-o12cm-300cc-apilable\/#primaryimage"},"image":{"@id":"https:\/\/www.massegur.com\/ca\/producto\/bol-classic-o12cm-300cc-apilable\/#primaryimage"},"thumbnailUrl":"https:\/\/www.massegur.com\/wp-content\/uploads\/0785532-1.jpg","datePublished":"2025-06-06T07:09:22+00:00","dateModified":"2025-10-16T10:41:50+00:00","breadcrumb":{"@id":"https:\/\/www.massegur.com\/ca\/producto\/bol-classic-o12cm-300cc-apilable\/#breadcrumb"},"inLanguage":"ca","potentialAction":[{"@type":"ReadAction","target":["https:\/\/www.massegur.com\/ca\/producto\/bol-classic-o12cm-300cc-apilable\/"]}]},{"@type":"ImageObject","inLanguage":"ca","@id":"https:\/\/www.massegur.com\/ca\/producto\/bol-classic-o12cm-300cc-apilable\/#primaryimage","url":"https:\/\/www.massegur.com\/wp-content\/uploads\/0785532-1.jpg","contentUrl":"https:\/\/www.massegur.com\/wp-content\/uploads\/0785532-1.jpg","width":450,"height":450},{"@type":"BreadcrumbList","@id":"https:\/\/www.massegur.com\/ca\/producto\/bol-classic-o12cm-300cc-apilable\/#breadcrumb","itemListElement":[{"@type":"ListItem","position":1,"name":"Portada","item":"https:\/\/www.massegur.com\/ca\/"},{"@type":"ListItem","position":2,"name":"Shop","item":"https:\/\/www.massegur.com\/tienda\/"},{"@type":"ListItem","position":3,"name":"Bol Classic \u00d812Cm 300cc Apilable"}]},{"@type":"WebSite","@id":"https:\/\/www.massegur.com\/#website","url":"https:\/\/www.massegur.com\/","name":"Massegur","description":"Tu proveedor de referencia","potentialAction":[{"@type":"SearchAction","target":{"@type":"EntryPoint","urlTemplate":"https:\/\/www.massegur.com\/?s={search_term_string}"},"query-input":{"@type":"PropertyValueSpecification","valueRequired":true,"valueName":"search_term_string"}}],"inLanguage":"ca"}]}},"_links":{"self":[{"href":"https:\/\/www.massegur.com\/ca\/wp-json\/wp\/v2\/product\/96943","targetHints":{"allow":["GET"]}}],"collection":[{"href":"https:\/\/www.massegur.com\/ca\/wp-json\/wp\/v2\/product"}],"about":[{"href":"https:\/\/www.massegur.com\/ca\/wp-json\/wp\/v2\/types\/product"}],"replies":[{"embeddable":true,"href":"https:\/\/www.massegur.com\/ca\/wp-json\/wp\/v2\/comments?post=96943"}],"wp:featuredmedia":[{"embeddable":true,"href":"https:\/\/www.massegur.com\/ca\/wp-json\/wp\/v2\/media\/93796"}],"wp:attachment":[{"href":"https:\/\/www.massegur.com\/ca\/wp-json\/wp\/v2\/media?parent=96943"}],"wp:term":[{"taxonomy":"product_brand","embeddable":true,"href":"https:\/\/www.massegur.com\/ca\/wp-json\/wp\/v2\/product_brand?post=96943"},{"taxonomy":"product_cat","embeddable":true,"href":"https:\/\/www.massegur.com\/ca\/wp-json\/wp\/v2\/product_cat?post=96943"},{"taxonomy":"product_tag","embeddable":true,"href":"https:\/\/www.massegur.com\/ca\/wp-json\/wp\/v2\/product_tag?post=96943"}],"curies":[{"name":"wp","href":"https:\/\/api.w.org\/{rel}","templated":true}]}}