{"id":98322,"date":"2025-06-06T10:07:05","date_gmt":"2025-06-06T09:07:05","guid":{"rendered":"https:\/\/laughing-shamir.217-160-227-21.plesk.page\/?post_type=product&#038;p=98322"},"modified":"2025-06-06T10:45:14","modified_gmt":"2025-06-06T09:45:14","slug":"secamanos-vertical-2050-w-plata","status":"publish","type":"product","link":"https:\/\/www.massegur.com\/ca\/producto\/secamanos-vertical-2050-w-plata\/","title":{"rendered":"Secamans Vertical 2050 W Plata"},"content":{"rendered":"","protected":false},"excerpt":{"rendered":"<p>Mida 220x685x300mm. Eixugamans \u00f2ptic vertical plata. Disseny compacte, robust i sistema antivand\u00e0lic. Apte per wc amb tr\u00e0nsit elevat. M\u00e0xima protecci\u00f3 i fluxe d&#8217;aire. El filtre HEPA que cont\u00e9 atrapa el 99,9% de les part\u00edcules, bacteries&#8230;<\/p>\n","protected":false},"featured_media":98216,"comment_status":"closed","ping_status":"closed","template":"","meta":[],"product_brand":[],"product_cat":[7628,7618],"product_tag":[],"class_list":{"0":"post-98322","1":"product","2":"type-product","3":"status-publish","4":"has-post-thumbnail","6":"product_cat-eixugamans-vertical","7":"product_cat-neteja","8":"pa_uds-caja-1-ca","10":"first","11":"instock","12":"taxable","13":"shipping-taxable","14":"purchasable","15":"product-type-simple"},"yoast_head":"<!-- This site is optimized with the Yoast SEO plugin v27.4 - https:\/\/yoast.com\/product\/yoast-seo-wordpress\/ -->\n<title>Secamans Vertical 2050 W Plata - Massegur<\/title>\n<meta name=\"robots\" content=\"index, follow, max-snippet:-1, max-image-preview:large, max-video-preview:-1\" \/>\n<link rel=\"canonical\" href=\"https:\/\/www.massegur.com\/ca\/producto\/secamanos-vertical-2050-w-plata\/\" \/>\n<meta property=\"og:locale\" content=\"ca_ES\" \/>\n<meta property=\"og:type\" content=\"article\" \/>\n<meta property=\"og:title\" content=\"Secamans Vertical 2050 W Plata - Massegur\" \/>\n<meta property=\"og:description\" content=\"Mida 220x685x300mm. Eixugamans \u00f2ptic vertical plata. Disseny compacte, robust i sistema antivand\u00e0lic. Apte per wc amb tr\u00e0nsit elevat. M\u00e0xima protecci\u00f3 i fluxe d&#039;aire. El filtre HEPA que cont\u00e9 atrapa el 99,9% de les part\u00edcules, bacteries...\" \/>\n<meta property=\"og:url\" content=\"https:\/\/www.massegur.com\/ca\/producto\/secamanos-vertical-2050-w-plata\/\" \/>\n<meta property=\"og:site_name\" content=\"Massegur\" \/>\n<meta property=\"article:modified_time\" content=\"2025-06-06T09:45:14+00:00\" \/>\n<meta property=\"og:image\" content=\"https:\/\/www.massegur.com\/wp-content\/uploads\/0167000-1.jpg\" \/>\n\t<meta property=\"og:image:width\" content=\"450\" \/>\n\t<meta property=\"og:image:height\" content=\"450\" \/>\n\t<meta property=\"og:image:type\" content=\"image\/jpeg\" \/>\n<meta name=\"twitter:card\" content=\"summary_large_image\" \/>\n<script type=\"application\/ld+json\" class=\"yoast-schema-graph\">{\"@context\":\"https:\\\/\\\/schema.org\",\"@graph\":[{\"@type\":\"WebPage\",\"@id\":\"https:\\\/\\\/www.massegur.com\\\/ca\\\/producto\\\/secamanos-vertical-2050-w-plata\\\/\",\"url\":\"https:\\\/\\\/www.massegur.com\\\/ca\\\/producto\\\/secamanos-vertical-2050-w-plata\\\/\",\"name\":\"Secamans Vertical 2050 W Plata - Massegur\",\"isPartOf\":{\"@id\":\"https:\\\/\\\/www.massegur.com\\\/#website\"},\"primaryImageOfPage\":{\"@id\":\"https:\\\/\\\/www.massegur.com\\\/ca\\\/producto\\\/secamanos-vertical-2050-w-plata\\\/#primaryimage\"},\"image\":{\"@id\":\"https:\\\/\\\/www.massegur.com\\\/ca\\\/producto\\\/secamanos-vertical-2050-w-plata\\\/#primaryimage\"},\"thumbnailUrl\":\"https:\\\/\\\/www.massegur.com\\\/wp-content\\\/uploads\\\/0167000-1.jpg\",\"datePublished\":\"2025-06-06T09:07:05+00:00\",\"dateModified\":\"2025-06-06T09:45:14+00:00\",\"breadcrumb\":{\"@id\":\"https:\\\/\\\/www.massegur.com\\\/ca\\\/producto\\\/secamanos-vertical-2050-w-plata\\\/#breadcrumb\"},\"inLanguage\":\"ca\",\"potentialAction\":[{\"@type\":\"ReadAction\",\"target\":[\"https:\\\/\\\/www.massegur.com\\\/ca\\\/producto\\\/secamanos-vertical-2050-w-plata\\\/\"]}]},{\"@type\":\"ImageObject\",\"inLanguage\":\"ca\",\"@id\":\"https:\\\/\\\/www.massegur.com\\\/ca\\\/producto\\\/secamanos-vertical-2050-w-plata\\\/#primaryimage\",\"url\":\"https:\\\/\\\/www.massegur.com\\\/wp-content\\\/uploads\\\/0167000-1.jpg\",\"contentUrl\":\"https:\\\/\\\/www.massegur.com\\\/wp-content\\\/uploads\\\/0167000-1.jpg\",\"width\":450,\"height\":450},{\"@type\":\"BreadcrumbList\",\"@id\":\"https:\\\/\\\/www.massegur.com\\\/ca\\\/producto\\\/secamanos-vertical-2050-w-plata\\\/#breadcrumb\",\"itemListElement\":[{\"@type\":\"ListItem\",\"position\":1,\"name\":\"Portada\",\"item\":\"https:\\\/\\\/www.massegur.com\\\/ca\\\/\"},{\"@type\":\"ListItem\",\"position\":2,\"name\":\"Shop\",\"item\":\"https:\\\/\\\/www.massegur.com\\\/tienda\\\/\"},{\"@type\":\"ListItem\",\"position\":3,\"name\":\"Secamans Vertical 2050 W Plata\"}]},{\"@type\":\"WebSite\",\"@id\":\"https:\\\/\\\/www.massegur.com\\\/#website\",\"url\":\"https:\\\/\\\/www.massegur.com\\\/\",\"name\":\"Massegur\",\"description\":\"Tu proveedor de referencia\",\"potentialAction\":[{\"@type\":\"SearchAction\",\"target\":{\"@type\":\"EntryPoint\",\"urlTemplate\":\"https:\\\/\\\/www.massegur.com\\\/?s={search_term_string}\"},\"query-input\":{\"@type\":\"PropertyValueSpecification\",\"valueRequired\":true,\"valueName\":\"search_term_string\"}}],\"inLanguage\":\"ca\"}]}<\/script>\n<!-- \/ Yoast SEO plugin. -->","yoast_head_json":{"title":"Secamans Vertical 2050 W Plata - Massegur","robots":{"index":"index","follow":"follow","max-snippet":"max-snippet:-1","max-image-preview":"max-image-preview:large","max-video-preview":"max-video-preview:-1"},"canonical":"https:\/\/www.massegur.com\/ca\/producto\/secamanos-vertical-2050-w-plata\/","og_locale":"ca_ES","og_type":"article","og_title":"Secamans Vertical 2050 W Plata - Massegur","og_description":"Mida 220x685x300mm. Eixugamans \u00f2ptic vertical plata. Disseny compacte, robust i sistema antivand\u00e0lic. Apte per wc amb tr\u00e0nsit elevat. M\u00e0xima protecci\u00f3 i fluxe d'aire. El filtre HEPA que cont\u00e9 atrapa el 99,9% de les part\u00edcules, bacteries...","og_url":"https:\/\/www.massegur.com\/ca\/producto\/secamanos-vertical-2050-w-plata\/","og_site_name":"Massegur","article_modified_time":"2025-06-06T09:45:14+00:00","og_image":[{"width":450,"height":450,"url":"https:\/\/www.massegur.com\/wp-content\/uploads\/0167000-1.jpg","type":"image\/jpeg"}],"twitter_card":"summary_large_image","schema":{"@context":"https:\/\/schema.org","@graph":[{"@type":"WebPage","@id":"https:\/\/www.massegur.com\/ca\/producto\/secamanos-vertical-2050-w-plata\/","url":"https:\/\/www.massegur.com\/ca\/producto\/secamanos-vertical-2050-w-plata\/","name":"Secamans Vertical 2050 W Plata - Massegur","isPartOf":{"@id":"https:\/\/www.massegur.com\/#website"},"primaryImageOfPage":{"@id":"https:\/\/www.massegur.com\/ca\/producto\/secamanos-vertical-2050-w-plata\/#primaryimage"},"image":{"@id":"https:\/\/www.massegur.com\/ca\/producto\/secamanos-vertical-2050-w-plata\/#primaryimage"},"thumbnailUrl":"https:\/\/www.massegur.com\/wp-content\/uploads\/0167000-1.jpg","datePublished":"2025-06-06T09:07:05+00:00","dateModified":"2025-06-06T09:45:14+00:00","breadcrumb":{"@id":"https:\/\/www.massegur.com\/ca\/producto\/secamanos-vertical-2050-w-plata\/#breadcrumb"},"inLanguage":"ca","potentialAction":[{"@type":"ReadAction","target":["https:\/\/www.massegur.com\/ca\/producto\/secamanos-vertical-2050-w-plata\/"]}]},{"@type":"ImageObject","inLanguage":"ca","@id":"https:\/\/www.massegur.com\/ca\/producto\/secamanos-vertical-2050-w-plata\/#primaryimage","url":"https:\/\/www.massegur.com\/wp-content\/uploads\/0167000-1.jpg","contentUrl":"https:\/\/www.massegur.com\/wp-content\/uploads\/0167000-1.jpg","width":450,"height":450},{"@type":"BreadcrumbList","@id":"https:\/\/www.massegur.com\/ca\/producto\/secamanos-vertical-2050-w-plata\/#breadcrumb","itemListElement":[{"@type":"ListItem","position":1,"name":"Portada","item":"https:\/\/www.massegur.com\/ca\/"},{"@type":"ListItem","position":2,"name":"Shop","item":"https:\/\/www.massegur.com\/tienda\/"},{"@type":"ListItem","position":3,"name":"Secamans Vertical 2050 W Plata"}]},{"@type":"WebSite","@id":"https:\/\/www.massegur.com\/#website","url":"https:\/\/www.massegur.com\/","name":"Massegur","description":"Tu proveedor de referencia","potentialAction":[{"@type":"SearchAction","target":{"@type":"EntryPoint","urlTemplate":"https:\/\/www.massegur.com\/?s={search_term_string}"},"query-input":{"@type":"PropertyValueSpecification","valueRequired":true,"valueName":"search_term_string"}}],"inLanguage":"ca"}]}},"_links":{"self":[{"href":"https:\/\/www.massegur.com\/ca\/wp-json\/wp\/v2\/product\/98322","targetHints":{"allow":["GET"]}}],"collection":[{"href":"https:\/\/www.massegur.com\/ca\/wp-json\/wp\/v2\/product"}],"about":[{"href":"https:\/\/www.massegur.com\/ca\/wp-json\/wp\/v2\/types\/product"}],"replies":[{"embeddable":true,"href":"https:\/\/www.massegur.com\/ca\/wp-json\/wp\/v2\/comments?post=98322"}],"wp:featuredmedia":[{"embeddable":true,"href":"https:\/\/www.massegur.com\/ca\/wp-json\/wp\/v2\/media\/98216"}],"wp:attachment":[{"href":"https:\/\/www.massegur.com\/ca\/wp-json\/wp\/v2\/media?parent=98322"}],"wp:term":[{"taxonomy":"product_brand","embeddable":true,"href":"https:\/\/www.massegur.com\/ca\/wp-json\/wp\/v2\/product_brand?post=98322"},{"taxonomy":"product_cat","embeddable":true,"href":"https:\/\/www.massegur.com\/ca\/wp-json\/wp\/v2\/product_cat?post=98322"},{"taxonomy":"product_tag","embeddable":true,"href":"https:\/\/www.massegur.com\/ca\/wp-json\/wp\/v2\/product_tag?post=98322"}],"curies":[{"name":"wp","href":"https:\/\/api.w.org\/{rel}","templated":true}]}}