{"id":98358,"date":"2025-06-06T10:06:34","date_gmt":"2025-06-06T09:06:34","guid":{"rendered":"https:\/\/laughing-shamir.217-160-227-21.plesk.page\/?post_type=product&#038;p=98358"},"modified":"2025-06-06T10:48:23","modified_gmt":"2025-06-06T09:48:23","slug":"rollo-bayeta-extra-absorb-04x8m","status":"publish","type":"product","link":"https:\/\/www.massegur.com\/ca\/producto\/rollo-bayeta-extra-absorb-04x8m\/","title":{"rendered":"Rotlle Baieta Extra Absorvent 0,4x8m"},"content":{"rendered":"","protected":false},"excerpt":{"rendered":"<p>Mida 8&#215;0,38m. Rotlle baieta extra absorbent amb pre-tall de 6m. M\u00e9s qualitat d&#8217;absorci\u00f3 que les baietes normals. Obtens m\u00e9s estalvi perqu\u00e8 inclou m\u00e9s baietes.<\/p>\n","protected":false},"featured_media":98111,"comment_status":"closed","ping_status":"closed","template":"","meta":[],"product_brand":[],"product_cat":[7639,7618],"product_tag":[],"class_list":{"0":"post-98358","1":"product","2":"type-product","3":"status-publish","4":"has-post-thumbnail","6":"product_cat-baietes-viscosa-multiusos","7":"product_cat-neteja","8":"pa_uds-caja-12-ca","9":"pa_uds-paq-1-ca","11":"first","12":"instock","13":"taxable","14":"shipping-taxable","15":"purchasable","16":"product-type-simple"},"yoast_head":"<!-- This site is optimized with the Yoast SEO plugin v27.4 - https:\/\/yoast.com\/product\/yoast-seo-wordpress\/ -->\n<title>Rotlle Baieta Extra Absorvent 0,4x8m - Massegur<\/title>\n<meta name=\"robots\" content=\"index, follow, max-snippet:-1, max-image-preview:large, max-video-preview:-1\" \/>\n<link rel=\"canonical\" href=\"https:\/\/www.massegur.com\/ca\/producto\/rollo-bayeta-extra-absorb-04x8m\/\" \/>\n<meta property=\"og:locale\" content=\"ca_ES\" \/>\n<meta property=\"og:type\" content=\"article\" \/>\n<meta property=\"og:title\" content=\"Rotlle Baieta Extra Absorvent 0,4x8m - Massegur\" \/>\n<meta property=\"og:description\" content=\"Mida 8x0,38m. Rotlle baieta extra absorbent amb pre-tall de 6m. M\u00e9s qualitat d&#039;absorci\u00f3 que les baietes normals. Obtens m\u00e9s estalvi perqu\u00e8 inclou m\u00e9s baietes.\" \/>\n<meta property=\"og:url\" content=\"https:\/\/www.massegur.com\/ca\/producto\/rollo-bayeta-extra-absorb-04x8m\/\" \/>\n<meta property=\"og:site_name\" content=\"Massegur\" \/>\n<meta property=\"article:modified_time\" content=\"2025-06-06T09:48:23+00:00\" \/>\n<meta property=\"og:image\" content=\"https:\/\/www.massegur.com\/wp-content\/uploads\/0550274-1.jpg\" \/>\n\t<meta property=\"og:image:width\" content=\"450\" \/>\n\t<meta property=\"og:image:height\" content=\"450\" \/>\n\t<meta property=\"og:image:type\" content=\"image\/jpeg\" \/>\n<meta name=\"twitter:card\" content=\"summary_large_image\" \/>\n<script type=\"application\/ld+json\" class=\"yoast-schema-graph\">{\"@context\":\"https:\\\/\\\/schema.org\",\"@graph\":[{\"@type\":\"WebPage\",\"@id\":\"https:\\\/\\\/www.massegur.com\\\/ca\\\/producto\\\/rollo-bayeta-extra-absorb-04x8m\\\/\",\"url\":\"https:\\\/\\\/www.massegur.com\\\/ca\\\/producto\\\/rollo-bayeta-extra-absorb-04x8m\\\/\",\"name\":\"Rotlle Baieta Extra Absorvent 0,4x8m - Massegur\",\"isPartOf\":{\"@id\":\"https:\\\/\\\/www.massegur.com\\\/#website\"},\"primaryImageOfPage\":{\"@id\":\"https:\\\/\\\/www.massegur.com\\\/ca\\\/producto\\\/rollo-bayeta-extra-absorb-04x8m\\\/#primaryimage\"},\"image\":{\"@id\":\"https:\\\/\\\/www.massegur.com\\\/ca\\\/producto\\\/rollo-bayeta-extra-absorb-04x8m\\\/#primaryimage\"},\"thumbnailUrl\":\"https:\\\/\\\/www.massegur.com\\\/wp-content\\\/uploads\\\/0550274-1.jpg\",\"datePublished\":\"2025-06-06T09:06:34+00:00\",\"dateModified\":\"2025-06-06T09:48:23+00:00\",\"breadcrumb\":{\"@id\":\"https:\\\/\\\/www.massegur.com\\\/ca\\\/producto\\\/rollo-bayeta-extra-absorb-04x8m\\\/#breadcrumb\"},\"inLanguage\":\"ca\",\"potentialAction\":[{\"@type\":\"ReadAction\",\"target\":[\"https:\\\/\\\/www.massegur.com\\\/ca\\\/producto\\\/rollo-bayeta-extra-absorb-04x8m\\\/\"]}]},{\"@type\":\"ImageObject\",\"inLanguage\":\"ca\",\"@id\":\"https:\\\/\\\/www.massegur.com\\\/ca\\\/producto\\\/rollo-bayeta-extra-absorb-04x8m\\\/#primaryimage\",\"url\":\"https:\\\/\\\/www.massegur.com\\\/wp-content\\\/uploads\\\/0550274-1.jpg\",\"contentUrl\":\"https:\\\/\\\/www.massegur.com\\\/wp-content\\\/uploads\\\/0550274-1.jpg\",\"width\":450,\"height\":450},{\"@type\":\"BreadcrumbList\",\"@id\":\"https:\\\/\\\/www.massegur.com\\\/ca\\\/producto\\\/rollo-bayeta-extra-absorb-04x8m\\\/#breadcrumb\",\"itemListElement\":[{\"@type\":\"ListItem\",\"position\":1,\"name\":\"Portada\",\"item\":\"https:\\\/\\\/www.massegur.com\\\/ca\\\/\"},{\"@type\":\"ListItem\",\"position\":2,\"name\":\"Shop\",\"item\":\"https:\\\/\\\/www.massegur.com\\\/tienda\\\/\"},{\"@type\":\"ListItem\",\"position\":3,\"name\":\"Rotlle Baieta Extra Absorvent 0,4x8m\"}]},{\"@type\":\"WebSite\",\"@id\":\"https:\\\/\\\/www.massegur.com\\\/#website\",\"url\":\"https:\\\/\\\/www.massegur.com\\\/\",\"name\":\"Massegur\",\"description\":\"Tu proveedor de referencia\",\"potentialAction\":[{\"@type\":\"SearchAction\",\"target\":{\"@type\":\"EntryPoint\",\"urlTemplate\":\"https:\\\/\\\/www.massegur.com\\\/?s={search_term_string}\"},\"query-input\":{\"@type\":\"PropertyValueSpecification\",\"valueRequired\":true,\"valueName\":\"search_term_string\"}}],\"inLanguage\":\"ca\"}]}<\/script>\n<!-- \/ Yoast SEO plugin. -->","yoast_head_json":{"title":"Rotlle Baieta Extra Absorvent 0,4x8m - Massegur","robots":{"index":"index","follow":"follow","max-snippet":"max-snippet:-1","max-image-preview":"max-image-preview:large","max-video-preview":"max-video-preview:-1"},"canonical":"https:\/\/www.massegur.com\/ca\/producto\/rollo-bayeta-extra-absorb-04x8m\/","og_locale":"ca_ES","og_type":"article","og_title":"Rotlle Baieta Extra Absorvent 0,4x8m - Massegur","og_description":"Mida 8x0,38m. Rotlle baieta extra absorbent amb pre-tall de 6m. M\u00e9s qualitat d'absorci\u00f3 que les baietes normals. Obtens m\u00e9s estalvi perqu\u00e8 inclou m\u00e9s baietes.","og_url":"https:\/\/www.massegur.com\/ca\/producto\/rollo-bayeta-extra-absorb-04x8m\/","og_site_name":"Massegur","article_modified_time":"2025-06-06T09:48:23+00:00","og_image":[{"width":450,"height":450,"url":"https:\/\/www.massegur.com\/wp-content\/uploads\/0550274-1.jpg","type":"image\/jpeg"}],"twitter_card":"summary_large_image","schema":{"@context":"https:\/\/schema.org","@graph":[{"@type":"WebPage","@id":"https:\/\/www.massegur.com\/ca\/producto\/rollo-bayeta-extra-absorb-04x8m\/","url":"https:\/\/www.massegur.com\/ca\/producto\/rollo-bayeta-extra-absorb-04x8m\/","name":"Rotlle Baieta Extra Absorvent 0,4x8m - Massegur","isPartOf":{"@id":"https:\/\/www.massegur.com\/#website"},"primaryImageOfPage":{"@id":"https:\/\/www.massegur.com\/ca\/producto\/rollo-bayeta-extra-absorb-04x8m\/#primaryimage"},"image":{"@id":"https:\/\/www.massegur.com\/ca\/producto\/rollo-bayeta-extra-absorb-04x8m\/#primaryimage"},"thumbnailUrl":"https:\/\/www.massegur.com\/wp-content\/uploads\/0550274-1.jpg","datePublished":"2025-06-06T09:06:34+00:00","dateModified":"2025-06-06T09:48:23+00:00","breadcrumb":{"@id":"https:\/\/www.massegur.com\/ca\/producto\/rollo-bayeta-extra-absorb-04x8m\/#breadcrumb"},"inLanguage":"ca","potentialAction":[{"@type":"ReadAction","target":["https:\/\/www.massegur.com\/ca\/producto\/rollo-bayeta-extra-absorb-04x8m\/"]}]},{"@type":"ImageObject","inLanguage":"ca","@id":"https:\/\/www.massegur.com\/ca\/producto\/rollo-bayeta-extra-absorb-04x8m\/#primaryimage","url":"https:\/\/www.massegur.com\/wp-content\/uploads\/0550274-1.jpg","contentUrl":"https:\/\/www.massegur.com\/wp-content\/uploads\/0550274-1.jpg","width":450,"height":450},{"@type":"BreadcrumbList","@id":"https:\/\/www.massegur.com\/ca\/producto\/rollo-bayeta-extra-absorb-04x8m\/#breadcrumb","itemListElement":[{"@type":"ListItem","position":1,"name":"Portada","item":"https:\/\/www.massegur.com\/ca\/"},{"@type":"ListItem","position":2,"name":"Shop","item":"https:\/\/www.massegur.com\/tienda\/"},{"@type":"ListItem","position":3,"name":"Rotlle Baieta Extra Absorvent 0,4x8m"}]},{"@type":"WebSite","@id":"https:\/\/www.massegur.com\/#website","url":"https:\/\/www.massegur.com\/","name":"Massegur","description":"Tu proveedor de referencia","potentialAction":[{"@type":"SearchAction","target":{"@type":"EntryPoint","urlTemplate":"https:\/\/www.massegur.com\/?s={search_term_string}"},"query-input":{"@type":"PropertyValueSpecification","valueRequired":true,"valueName":"search_term_string"}}],"inLanguage":"ca"}]}},"_links":{"self":[{"href":"https:\/\/www.massegur.com\/ca\/wp-json\/wp\/v2\/product\/98358","targetHints":{"allow":["GET"]}}],"collection":[{"href":"https:\/\/www.massegur.com\/ca\/wp-json\/wp\/v2\/product"}],"about":[{"href":"https:\/\/www.massegur.com\/ca\/wp-json\/wp\/v2\/types\/product"}],"replies":[{"embeddable":true,"href":"https:\/\/www.massegur.com\/ca\/wp-json\/wp\/v2\/comments?post=98358"}],"wp:featuredmedia":[{"embeddable":true,"href":"https:\/\/www.massegur.com\/ca\/wp-json\/wp\/v2\/media\/98111"}],"wp:attachment":[{"href":"https:\/\/www.massegur.com\/ca\/wp-json\/wp\/v2\/media?parent=98358"}],"wp:term":[{"taxonomy":"product_brand","embeddable":true,"href":"https:\/\/www.massegur.com\/ca\/wp-json\/wp\/v2\/product_brand?post=98358"},{"taxonomy":"product_cat","embeddable":true,"href":"https:\/\/www.massegur.com\/ca\/wp-json\/wp\/v2\/product_cat?post=98358"},{"taxonomy":"product_tag","embeddable":true,"href":"https:\/\/www.massegur.com\/ca\/wp-json\/wp\/v2\/product_tag?post=98358"}],"curies":[{"name":"wp","href":"https:\/\/api.w.org\/{rel}","templated":true}]}}