{"id":98556,"date":"2025-06-06T10:03:30","date_gmt":"2025-06-06T09:03:30","guid":{"rendered":"https:\/\/laughing-shamir.217-160-227-21.plesk.page\/?post_type=product&#038;p=98556"},"modified":"2025-06-06T10:46:43","modified_gmt":"2025-06-06T09:46:43","slug":"detergente-polvo-ropa-texplus-20kg","status":"publish","type":"product","link":"https:\/\/www.massegur.com\/ca\/producto\/detergente-polvo-ropa-texplus-20kg\/","title":{"rendered":"Detergent Pols Roba Texplus 20Kg"},"content":{"rendered":"","protected":false},"excerpt":{"rendered":"<p>Capacitat 20L. Detergent t\u00e8xtil molt concentrat, apte per  la neteja de tot tipus de fibra t\u00e8xtil. No cont\u00e9 oxigen actiu, es pot utilitzar combinant blanquejants clorats. Ideal per localitats amb aig\u00fces dures. Ideal per brut\u00edcia incrustada.<\/p>\n","protected":false},"featured_media":97511,"comment_status":"closed","ping_status":"closed","template":"","meta":[],"product_brand":[],"product_cat":[7687,7618],"product_tag":[],"class_list":{"0":"post-98556","1":"product","2":"type-product","3":"status-publish","4":"has-post-thumbnail","6":"product_cat-detergents-textil-bugaderia","7":"product_cat-neteja","8":"pa_uds-caja-1-ca","9":"pa_uds-paq-1-ca","11":"first","12":"instock","13":"taxable","14":"shipping-taxable","15":"purchasable","16":"product-type-simple"},"yoast_head":"<!-- This site is optimized with the Yoast SEO plugin v27.4 - https:\/\/yoast.com\/product\/yoast-seo-wordpress\/ -->\n<title>Detergent Pols Roba Texplus 20Kg - Massegur<\/title>\n<meta name=\"robots\" content=\"index, follow, max-snippet:-1, max-image-preview:large, max-video-preview:-1\" \/>\n<link rel=\"canonical\" href=\"https:\/\/www.massegur.com\/producto\/detergente-polvo-ropa-texplus-20kg\/\" \/>\n<meta property=\"og:locale\" content=\"ca_ES\" \/>\n<meta property=\"og:type\" content=\"article\" \/>\n<meta property=\"og:title\" content=\"Detergent Pols Roba Texplus 20Kg - Massegur\" \/>\n<meta property=\"og:description\" content=\"Capacitat 20L. Detergent t\u00e8xtil molt concentrat, apte per la neteja de tot tipus de fibra t\u00e8xtil. No cont\u00e9 oxigen actiu, es pot utilitzar combinant blanquejants clorats. Ideal per localitats amb aig\u00fces dures. Ideal per brut\u00edcia incrustada.\" \/>\n<meta property=\"og:url\" content=\"https:\/\/www.massegur.com\/producto\/detergente-polvo-ropa-texplus-20kg\/\" \/>\n<meta property=\"og:site_name\" content=\"Massegur\" \/>\n<meta property=\"article:modified_time\" content=\"2025-06-06T09:46:43+00:00\" \/>\n<meta property=\"og:image\" content=\"https:\/\/www.massegur.com\/wp-content\/uploads\/0304198-1.jpg\" \/>\n\t<meta property=\"og:image:width\" content=\"450\" \/>\n\t<meta property=\"og:image:height\" content=\"450\" \/>\n\t<meta property=\"og:image:type\" content=\"image\/jpeg\" \/>\n<meta name=\"twitter:card\" content=\"summary_large_image\" \/>\n<script type=\"application\/ld+json\" class=\"yoast-schema-graph\">{\"@context\":\"https:\\\/\\\/schema.org\",\"@graph\":[{\"@type\":\"WebPage\",\"@id\":\"https:\\\/\\\/www.massegur.com\\\/producto\\\/detergente-polvo-ropa-texplus-20kg\\\/\",\"url\":\"https:\\\/\\\/www.massegur.com\\\/producto\\\/detergente-polvo-ropa-texplus-20kg\\\/\",\"name\":\"Detergent Pols Roba Texplus 20Kg - Massegur\",\"isPartOf\":{\"@id\":\"https:\\\/\\\/www.massegur.com\\\/#website\"},\"primaryImageOfPage\":{\"@id\":\"https:\\\/\\\/www.massegur.com\\\/producto\\\/detergente-polvo-ropa-texplus-20kg\\\/#primaryimage\"},\"image\":{\"@id\":\"https:\\\/\\\/www.massegur.com\\\/producto\\\/detergente-polvo-ropa-texplus-20kg\\\/#primaryimage\"},\"thumbnailUrl\":\"https:\\\/\\\/www.massegur.com\\\/wp-content\\\/uploads\\\/0304198-1.jpg\",\"datePublished\":\"2025-06-06T09:03:30+00:00\",\"dateModified\":\"2025-06-06T09:46:43+00:00\",\"breadcrumb\":{\"@id\":\"https:\\\/\\\/www.massegur.com\\\/producto\\\/detergente-polvo-ropa-texplus-20kg\\\/#breadcrumb\"},\"inLanguage\":\"ca\",\"potentialAction\":[{\"@type\":\"ReadAction\",\"target\":[\"https:\\\/\\\/www.massegur.com\\\/producto\\\/detergente-polvo-ropa-texplus-20kg\\\/\"]}]},{\"@type\":\"ImageObject\",\"inLanguage\":\"ca\",\"@id\":\"https:\\\/\\\/www.massegur.com\\\/producto\\\/detergente-polvo-ropa-texplus-20kg\\\/#primaryimage\",\"url\":\"https:\\\/\\\/www.massegur.com\\\/wp-content\\\/uploads\\\/0304198-1.jpg\",\"contentUrl\":\"https:\\\/\\\/www.massegur.com\\\/wp-content\\\/uploads\\\/0304198-1.jpg\",\"width\":450,\"height\":450},{\"@type\":\"BreadcrumbList\",\"@id\":\"https:\\\/\\\/www.massegur.com\\\/producto\\\/detergente-polvo-ropa-texplus-20kg\\\/#breadcrumb\",\"itemListElement\":[{\"@type\":\"ListItem\",\"position\":1,\"name\":\"Portada\",\"item\":\"https:\\\/\\\/www.massegur.com\\\/ca\\\/\"},{\"@type\":\"ListItem\",\"position\":2,\"name\":\"Shop\",\"item\":\"https:\\\/\\\/www.massegur.com\\\/tienda\\\/\"},{\"@type\":\"ListItem\",\"position\":3,\"name\":\"Detergent Pols Roba Texplus 20Kg\"}]},{\"@type\":\"WebSite\",\"@id\":\"https:\\\/\\\/www.massegur.com\\\/#website\",\"url\":\"https:\\\/\\\/www.massegur.com\\\/\",\"name\":\"Massegur\",\"description\":\"Tu proveedor de referencia\",\"potentialAction\":[{\"@type\":\"SearchAction\",\"target\":{\"@type\":\"EntryPoint\",\"urlTemplate\":\"https:\\\/\\\/www.massegur.com\\\/?s={search_term_string}\"},\"query-input\":{\"@type\":\"PropertyValueSpecification\",\"valueRequired\":true,\"valueName\":\"search_term_string\"}}],\"inLanguage\":\"ca\"}]}<\/script>\n<!-- \/ Yoast SEO plugin. -->","yoast_head_json":{"title":"Detergent Pols Roba Texplus 20Kg - Massegur","robots":{"index":"index","follow":"follow","max-snippet":"max-snippet:-1","max-image-preview":"max-image-preview:large","max-video-preview":"max-video-preview:-1"},"canonical":"https:\/\/www.massegur.com\/producto\/detergente-polvo-ropa-texplus-20kg\/","og_locale":"ca_ES","og_type":"article","og_title":"Detergent Pols Roba Texplus 20Kg - Massegur","og_description":"Capacitat 20L. Detergent t\u00e8xtil molt concentrat, apte per la neteja de tot tipus de fibra t\u00e8xtil. No cont\u00e9 oxigen actiu, es pot utilitzar combinant blanquejants clorats. Ideal per localitats amb aig\u00fces dures. Ideal per brut\u00edcia incrustada.","og_url":"https:\/\/www.massegur.com\/producto\/detergente-polvo-ropa-texplus-20kg\/","og_site_name":"Massegur","article_modified_time":"2025-06-06T09:46:43+00:00","og_image":[{"width":450,"height":450,"url":"https:\/\/www.massegur.com\/wp-content\/uploads\/0304198-1.jpg","type":"image\/jpeg"}],"twitter_card":"summary_large_image","schema":{"@context":"https:\/\/schema.org","@graph":[{"@type":"WebPage","@id":"https:\/\/www.massegur.com\/producto\/detergente-polvo-ropa-texplus-20kg\/","url":"https:\/\/www.massegur.com\/producto\/detergente-polvo-ropa-texplus-20kg\/","name":"Detergent Pols Roba Texplus 20Kg - Massegur","isPartOf":{"@id":"https:\/\/www.massegur.com\/#website"},"primaryImageOfPage":{"@id":"https:\/\/www.massegur.com\/producto\/detergente-polvo-ropa-texplus-20kg\/#primaryimage"},"image":{"@id":"https:\/\/www.massegur.com\/producto\/detergente-polvo-ropa-texplus-20kg\/#primaryimage"},"thumbnailUrl":"https:\/\/www.massegur.com\/wp-content\/uploads\/0304198-1.jpg","datePublished":"2025-06-06T09:03:30+00:00","dateModified":"2025-06-06T09:46:43+00:00","breadcrumb":{"@id":"https:\/\/www.massegur.com\/producto\/detergente-polvo-ropa-texplus-20kg\/#breadcrumb"},"inLanguage":"ca","potentialAction":[{"@type":"ReadAction","target":["https:\/\/www.massegur.com\/producto\/detergente-polvo-ropa-texplus-20kg\/"]}]},{"@type":"ImageObject","inLanguage":"ca","@id":"https:\/\/www.massegur.com\/producto\/detergente-polvo-ropa-texplus-20kg\/#primaryimage","url":"https:\/\/www.massegur.com\/wp-content\/uploads\/0304198-1.jpg","contentUrl":"https:\/\/www.massegur.com\/wp-content\/uploads\/0304198-1.jpg","width":450,"height":450},{"@type":"BreadcrumbList","@id":"https:\/\/www.massegur.com\/producto\/detergente-polvo-ropa-texplus-20kg\/#breadcrumb","itemListElement":[{"@type":"ListItem","position":1,"name":"Portada","item":"https:\/\/www.massegur.com\/ca\/"},{"@type":"ListItem","position":2,"name":"Shop","item":"https:\/\/www.massegur.com\/tienda\/"},{"@type":"ListItem","position":3,"name":"Detergent Pols Roba Texplus 20Kg"}]},{"@type":"WebSite","@id":"https:\/\/www.massegur.com\/#website","url":"https:\/\/www.massegur.com\/","name":"Massegur","description":"Tu proveedor de referencia","potentialAction":[{"@type":"SearchAction","target":{"@type":"EntryPoint","urlTemplate":"https:\/\/www.massegur.com\/?s={search_term_string}"},"query-input":{"@type":"PropertyValueSpecification","valueRequired":true,"valueName":"search_term_string"}}],"inLanguage":"ca"}]}},"_links":{"self":[{"href":"https:\/\/www.massegur.com\/ca\/wp-json\/wp\/v2\/product\/98556","targetHints":{"allow":["GET"]}}],"collection":[{"href":"https:\/\/www.massegur.com\/ca\/wp-json\/wp\/v2\/product"}],"about":[{"href":"https:\/\/www.massegur.com\/ca\/wp-json\/wp\/v2\/types\/product"}],"replies":[{"embeddable":true,"href":"https:\/\/www.massegur.com\/ca\/wp-json\/wp\/v2\/comments?post=98556"}],"wp:featuredmedia":[{"embeddable":true,"href":"https:\/\/www.massegur.com\/ca\/wp-json\/wp\/v2\/media\/97511"}],"wp:attachment":[{"href":"https:\/\/www.massegur.com\/ca\/wp-json\/wp\/v2\/media?parent=98556"}],"wp:term":[{"taxonomy":"product_brand","embeddable":true,"href":"https:\/\/www.massegur.com\/ca\/wp-json\/wp\/v2\/product_brand?post=98556"},{"taxonomy":"product_cat","embeddable":true,"href":"https:\/\/www.massegur.com\/ca\/wp-json\/wp\/v2\/product_cat?post=98556"},{"taxonomy":"product_tag","embeddable":true,"href":"https:\/\/www.massegur.com\/ca\/wp-json\/wp\/v2\/product_tag?post=98556"}],"curies":[{"name":"wp","href":"https:\/\/api.w.org\/{rel}","templated":true}]}}