{"id":99632,"date":"2025-06-06T12:04:29","date_gmt":"2025-06-06T11:04:29","guid":{"rendered":"https:\/\/laughing-shamir.217-160-227-21.plesk.page\/producto\/cierra-bolsas-con-cuchilla-tesa\/"},"modified":"2025-06-06T12:39:59","modified_gmt":"2025-06-06T11:39:59","slug":"cierra-bolsas-con-cuchilla-tesa","status":"publish","type":"product","link":"https:\/\/www.massegur.com\/ca\/producto\/cierra-bolsas-con-cuchilla-tesa\/","title":{"rendered":"Tanca-Bosses amb Fulla Tesa"},"content":{"rendered":"","protected":false},"excerpt":{"rendered":"<p>Mida 14x20x14Cm. Dispensador de tancament adhesiu PVC silenci\u00f3s de 12mm, apte per a qualsevol bossa de pl\u00e0stic o paper. Permet tancar i precintar bosses efica\u00e7ment. Compatible amb les cintes adhesives tanca bosses PVC.<\/p>\n","protected":false},"featured_media":99092,"comment_status":"open","ping_status":"closed","template":"","meta":[],"product_brand":[],"product_cat":[7860,7833],"product_tag":[],"class_list":{"0":"post-99632","1":"product","2":"type-product","3":"status-publish","4":"has-post-thumbnail","6":"product_cat-cintes-adhesives-tanca-bosses-pvc","7":"product_cat-embalatge-comercial","8":"pa_uds-caja-1-ca","9":"pa_uds-paq-1-ca","11":"first","12":"instock","13":"taxable","14":"shipping-taxable","15":"purchasable","16":"product-type-simple"},"yoast_head":"<!-- This site is optimized with the Yoast SEO plugin v27.4 - https:\/\/yoast.com\/product\/yoast-seo-wordpress\/ -->\n<title>Tanca-Bosses amb Fulla Tesa - Massegur<\/title>\n<meta name=\"robots\" content=\"index, follow, max-snippet:-1, max-image-preview:large, max-video-preview:-1\" \/>\n<link rel=\"canonical\" href=\"https:\/\/www.massegur.com\/ca\/producto\/cierra-bolsas-con-cuchilla-tesa\/\" \/>\n<meta property=\"og:locale\" content=\"ca_ES\" \/>\n<meta property=\"og:type\" content=\"article\" \/>\n<meta property=\"og:title\" content=\"Tanca-Bosses amb Fulla Tesa - Massegur\" \/>\n<meta property=\"og:description\" content=\"Mida 14x20x14Cm. Dispensador de tancament adhesiu PVC silenci\u00f3s de 12mm, apte per a qualsevol bossa de pl\u00e0stic o paper. Permet tancar i precintar bosses efica\u00e7ment. Compatible amb les cintes adhesives tanca bosses PVC.\" \/>\n<meta property=\"og:url\" content=\"https:\/\/www.massegur.com\/ca\/producto\/cierra-bolsas-con-cuchilla-tesa\/\" \/>\n<meta property=\"og:site_name\" content=\"Massegur\" \/>\n<meta property=\"article:modified_time\" content=\"2025-06-06T11:39:59+00:00\" \/>\n<meta property=\"og:image\" content=\"https:\/\/www.massegur.com\/wp-content\/uploads\/0602511-1.jpg\" \/>\n\t<meta property=\"og:image:width\" content=\"450\" \/>\n\t<meta property=\"og:image:height\" content=\"450\" \/>\n\t<meta property=\"og:image:type\" content=\"image\/jpeg\" \/>\n<meta name=\"twitter:card\" content=\"summary_large_image\" \/>\n<script type=\"application\/ld+json\" class=\"yoast-schema-graph\">{\"@context\":\"https:\\\/\\\/schema.org\",\"@graph\":[{\"@type\":\"WebPage\",\"@id\":\"https:\\\/\\\/www.massegur.com\\\/ca\\\/producto\\\/cierra-bolsas-con-cuchilla-tesa\\\/\",\"url\":\"https:\\\/\\\/www.massegur.com\\\/ca\\\/producto\\\/cierra-bolsas-con-cuchilla-tesa\\\/\",\"name\":\"Tanca-Bosses amb Fulla Tesa - Massegur\",\"isPartOf\":{\"@id\":\"https:\\\/\\\/www.massegur.com\\\/#website\"},\"primaryImageOfPage\":{\"@id\":\"https:\\\/\\\/www.massegur.com\\\/ca\\\/producto\\\/cierra-bolsas-con-cuchilla-tesa\\\/#primaryimage\"},\"image\":{\"@id\":\"https:\\\/\\\/www.massegur.com\\\/ca\\\/producto\\\/cierra-bolsas-con-cuchilla-tesa\\\/#primaryimage\"},\"thumbnailUrl\":\"https:\\\/\\\/www.massegur.com\\\/wp-content\\\/uploads\\\/0602511-1.jpg\",\"datePublished\":\"2025-06-06T11:04:29+00:00\",\"dateModified\":\"2025-06-06T11:39:59+00:00\",\"breadcrumb\":{\"@id\":\"https:\\\/\\\/www.massegur.com\\\/ca\\\/producto\\\/cierra-bolsas-con-cuchilla-tesa\\\/#breadcrumb\"},\"inLanguage\":\"ca\",\"potentialAction\":[{\"@type\":\"ReadAction\",\"target\":[\"https:\\\/\\\/www.massegur.com\\\/ca\\\/producto\\\/cierra-bolsas-con-cuchilla-tesa\\\/\"]}]},{\"@type\":\"ImageObject\",\"inLanguage\":\"ca\",\"@id\":\"https:\\\/\\\/www.massegur.com\\\/ca\\\/producto\\\/cierra-bolsas-con-cuchilla-tesa\\\/#primaryimage\",\"url\":\"https:\\\/\\\/www.massegur.com\\\/wp-content\\\/uploads\\\/0602511-1.jpg\",\"contentUrl\":\"https:\\\/\\\/www.massegur.com\\\/wp-content\\\/uploads\\\/0602511-1.jpg\",\"width\":450,\"height\":450},{\"@type\":\"BreadcrumbList\",\"@id\":\"https:\\\/\\\/www.massegur.com\\\/ca\\\/producto\\\/cierra-bolsas-con-cuchilla-tesa\\\/#breadcrumb\",\"itemListElement\":[{\"@type\":\"ListItem\",\"position\":1,\"name\":\"Portada\",\"item\":\"https:\\\/\\\/www.massegur.com\\\/ca\\\/\"},{\"@type\":\"ListItem\",\"position\":2,\"name\":\"Shop\",\"item\":\"https:\\\/\\\/www.massegur.com\\\/tienda\\\/\"},{\"@type\":\"ListItem\",\"position\":3,\"name\":\"Tanca-Bosses amb Fulla Tesa\"}]},{\"@type\":\"WebSite\",\"@id\":\"https:\\\/\\\/www.massegur.com\\\/#website\",\"url\":\"https:\\\/\\\/www.massegur.com\\\/\",\"name\":\"Massegur\",\"description\":\"Tu proveedor de referencia\",\"potentialAction\":[{\"@type\":\"SearchAction\",\"target\":{\"@type\":\"EntryPoint\",\"urlTemplate\":\"https:\\\/\\\/www.massegur.com\\\/?s={search_term_string}\"},\"query-input\":{\"@type\":\"PropertyValueSpecification\",\"valueRequired\":true,\"valueName\":\"search_term_string\"}}],\"inLanguage\":\"ca\"}]}<\/script>\n<!-- \/ Yoast SEO plugin. -->","yoast_head_json":{"title":"Tanca-Bosses amb Fulla Tesa - Massegur","robots":{"index":"index","follow":"follow","max-snippet":"max-snippet:-1","max-image-preview":"max-image-preview:large","max-video-preview":"max-video-preview:-1"},"canonical":"https:\/\/www.massegur.com\/ca\/producto\/cierra-bolsas-con-cuchilla-tesa\/","og_locale":"ca_ES","og_type":"article","og_title":"Tanca-Bosses amb Fulla Tesa - Massegur","og_description":"Mida 14x20x14Cm. Dispensador de tancament adhesiu PVC silenci\u00f3s de 12mm, apte per a qualsevol bossa de pl\u00e0stic o paper. Permet tancar i precintar bosses efica\u00e7ment. Compatible amb les cintes adhesives tanca bosses PVC.","og_url":"https:\/\/www.massegur.com\/ca\/producto\/cierra-bolsas-con-cuchilla-tesa\/","og_site_name":"Massegur","article_modified_time":"2025-06-06T11:39:59+00:00","og_image":[{"width":450,"height":450,"url":"https:\/\/www.massegur.com\/wp-content\/uploads\/0602511-1.jpg","type":"image\/jpeg"}],"twitter_card":"summary_large_image","schema":{"@context":"https:\/\/schema.org","@graph":[{"@type":"WebPage","@id":"https:\/\/www.massegur.com\/ca\/producto\/cierra-bolsas-con-cuchilla-tesa\/","url":"https:\/\/www.massegur.com\/ca\/producto\/cierra-bolsas-con-cuchilla-tesa\/","name":"Tanca-Bosses amb Fulla Tesa - Massegur","isPartOf":{"@id":"https:\/\/www.massegur.com\/#website"},"primaryImageOfPage":{"@id":"https:\/\/www.massegur.com\/ca\/producto\/cierra-bolsas-con-cuchilla-tesa\/#primaryimage"},"image":{"@id":"https:\/\/www.massegur.com\/ca\/producto\/cierra-bolsas-con-cuchilla-tesa\/#primaryimage"},"thumbnailUrl":"https:\/\/www.massegur.com\/wp-content\/uploads\/0602511-1.jpg","datePublished":"2025-06-06T11:04:29+00:00","dateModified":"2025-06-06T11:39:59+00:00","breadcrumb":{"@id":"https:\/\/www.massegur.com\/ca\/producto\/cierra-bolsas-con-cuchilla-tesa\/#breadcrumb"},"inLanguage":"ca","potentialAction":[{"@type":"ReadAction","target":["https:\/\/www.massegur.com\/ca\/producto\/cierra-bolsas-con-cuchilla-tesa\/"]}]},{"@type":"ImageObject","inLanguage":"ca","@id":"https:\/\/www.massegur.com\/ca\/producto\/cierra-bolsas-con-cuchilla-tesa\/#primaryimage","url":"https:\/\/www.massegur.com\/wp-content\/uploads\/0602511-1.jpg","contentUrl":"https:\/\/www.massegur.com\/wp-content\/uploads\/0602511-1.jpg","width":450,"height":450},{"@type":"BreadcrumbList","@id":"https:\/\/www.massegur.com\/ca\/producto\/cierra-bolsas-con-cuchilla-tesa\/#breadcrumb","itemListElement":[{"@type":"ListItem","position":1,"name":"Portada","item":"https:\/\/www.massegur.com\/ca\/"},{"@type":"ListItem","position":2,"name":"Shop","item":"https:\/\/www.massegur.com\/tienda\/"},{"@type":"ListItem","position":3,"name":"Tanca-Bosses amb Fulla Tesa"}]},{"@type":"WebSite","@id":"https:\/\/www.massegur.com\/#website","url":"https:\/\/www.massegur.com\/","name":"Massegur","description":"Tu proveedor de referencia","potentialAction":[{"@type":"SearchAction","target":{"@type":"EntryPoint","urlTemplate":"https:\/\/www.massegur.com\/?s={search_term_string}"},"query-input":{"@type":"PropertyValueSpecification","valueRequired":true,"valueName":"search_term_string"}}],"inLanguage":"ca"}]}},"_links":{"self":[{"href":"https:\/\/www.massegur.com\/ca\/wp-json\/wp\/v2\/product\/99632","targetHints":{"allow":["GET"]}}],"collection":[{"href":"https:\/\/www.massegur.com\/ca\/wp-json\/wp\/v2\/product"}],"about":[{"href":"https:\/\/www.massegur.com\/ca\/wp-json\/wp\/v2\/types\/product"}],"replies":[{"embeddable":true,"href":"https:\/\/www.massegur.com\/ca\/wp-json\/wp\/v2\/comments?post=99632"}],"wp:featuredmedia":[{"embeddable":true,"href":"https:\/\/www.massegur.com\/ca\/wp-json\/wp\/v2\/media\/99092"}],"wp:attachment":[{"href":"https:\/\/www.massegur.com\/ca\/wp-json\/wp\/v2\/media?parent=99632"}],"wp:term":[{"taxonomy":"product_brand","embeddable":true,"href":"https:\/\/www.massegur.com\/ca\/wp-json\/wp\/v2\/product_brand?post=99632"},{"taxonomy":"product_cat","embeddable":true,"href":"https:\/\/www.massegur.com\/ca\/wp-json\/wp\/v2\/product_cat?post=99632"},{"taxonomy":"product_tag","embeddable":true,"href":"https:\/\/www.massegur.com\/ca\/wp-json\/wp\/v2\/product_tag?post=99632"}],"curies":[{"name":"wp","href":"https:\/\/api.w.org\/{rel}","templated":true}]}}